{"id":238097,"date":"2022-02-20T23:09:34","date_gmt":"2022-02-20T16:09:34","guid":{"rendered":"https:\/\/roidsmania.com\/product\/medi-mix-4-nandro-phen-70-nandro-deca-130-testo-phen-130-testo-d-270-10ml-meditech\/"},"modified":"2022-02-20T23:43:58","modified_gmt":"2022-02-20T16:43:58","slug":"medi-mix-4-nandro-phen-70-nandro-deca-130-testo-phen-130-testo-d-270-10ml-meditech","status":"publish","type":"product","link":"https:\/\/roidsmania.com\/fr\/produit\/medi-mix-4-nandro-phen-70-nandro-deca-130-testo-phen-130-testo-d-270-10ml-meditech\/","title":{"rendered":"Medi Mix 4 [Nandro Phen 70 + Nandro Deca 130 + Testo Phen 130 + Testo D 270] \u2013 10ml \u2013 Meditech"},"content":{"rendered":"<div align=\"justify\">\n<p>Vous souhaitez vous injecter les bons produits sans vous demandez si vous avez fait les bons choix au point de vue du dosage ? Ce produit est fait pour vous !<\/p>\n<p><strong>La vial contient un mix de 3 mol\u00e9cules :\u00a0<\/strong><\/p>\n<ul>\n<li>Nandrolone phenylpropionate 70mg\/ml<\/li>\n<li>Nandrolone decanoate 130mg\/ml<\/li>\n<li>Testosterone phenylpropionate 130mg\/ml<\/li>\n<li>Testosterone decanoate 270mg\/ml<\/li>\n<\/ul>\n<p>La Testost\u00e9rone est tr\u00e8s appr\u00e9ci\u00e9e par ses utilisateurs en raison de ses avantages uniques tels que l\u2019augmentation de la masse musculaire et de la force, en effet, elle augmente le m\u00e9tabolisme du corps. Ce produit offre aussi l\u2019avantage d\u2019acc\u00e9l\u00e9rer la r\u00e9cup\u00e9ration apr\u00e8s une s\u00e9ance d\u2019entra\u00eenement intense.<\/p>\n<p>La Nandrolone est l\u2019un des principaux st\u00e9ro\u00efdes pris par les bodybuilders. Ce produit est le deuxi\u00e8me st\u00e9ro\u00efde anabolisant injectable le plus consomm\u00e9 apr\u00e8s la testost\u00e9rone. Que \u00e7a soit les d\u00e9butants ou les utilisateurs exp\u00e9riment\u00e9s, tous sont convaincu de l\u2019utilit\u00e9 du Deca dans le cadre d\u2019une prise de masse et d\u2019un d\u00e9sir de d\u00e9velopper sa force.<\/p><\/div>\n","protected":false},"excerpt":{"rendered":"<div align=\"justify\"><strong>Laboratoire :<\/strong> Meditech<br \/>\n<strong>Forme :<\/strong> Injection<br \/>\n<strong>Mol\u00e9cule :<\/strong><\/p>\n<ul>\n<li>Nandrolone phenylpropionate 70mg\/ml<\/li>\n<li>Nandrolone decanoate 130mg\/ml<\/li>\n<li>Testosterone phenylpropionate 130mg\/ml<\/li>\n<li>Testosterone decanoate 270mg\/ml<\/li>\n<\/ul>\n<p><strong>Concentration :<\/strong> 500mg\/ml<br \/>\n<strong>Volume :<\/strong> 10 ml<br \/>\n<strong>Dosage Recommand\u00e9 :<\/strong> 500-1000mg\/semaine<\/p>\n<p>Le laboratoire Meditech a cr\u00e9\u00e9 le mix parfait entre 3 mol\u00e9cules dans une seule vial. Fini les injections compliqu\u00e9es \u00e0 trouver le meilleur dosage, la vial est pr\u00eate a \u00eatre inject\u00e9e avec le meilleur compromis en terme de dosage et de qualit\u00e9 de produit.<\/p><\/div>\n","protected":false},"featured_media":238096,"comment_status":"closed","ping_status":"closed","template":"","meta":[],"berocket_brand":[145],"yoast_head":"<!-- This site is optimized with the Yoast SEO plugin v15.9.1 - https:\/\/yoast.com\/wordpress\/plugins\/seo\/ -->\n<title>Medi Mix 4 [Nandro Phen 70 + Nandro Deca 130 + Testo Phen 130 + Testo D 270] \u2013 10ml \u2013 Meditech - RoidsMania.com<\/title>\n<meta name=\"description\" content=\"Roidsmania.com a selectiuonn\u00e9 pour vous le Medi Mix 4 from Meditech. Exp\u00e9dition Rapide. Paiement Facile.\" \/>\n<meta name=\"robots\" content=\"index, follow, max-snippet:-1, max-image-preview:large, max-video-preview:-1\" \/>\n<link rel=\"canonical\" href=\"https:\/\/roidsmania.com\/fr\/produit\/medi-mix-4-nandro-phen-70-nandro-deca-130-testo-phen-130-testo-d-270-10ml-meditech\/\" \/>\n<meta property=\"og:locale\" content=\"fr_FR\" \/>\n<meta property=\"og:type\" content=\"article\" \/>\n<meta property=\"og:title\" content=\"Medi Mix 4 [Nandro Phen 70 + Nandro Deca 130 + Testo Phen 130 + Testo D 270] \u2013 10ml \u2013 Meditech - RoidsMania.com\" \/>\n<meta property=\"og:description\" content=\"Roidsmania.com a selectiuonn\u00e9 pour vous le Medi Mix 4 from Meditech. Exp\u00e9dition Rapide. Paiement Facile.\" \/>\n<meta property=\"og:url\" content=\"https:\/\/roidsmania.com\/fr\/produit\/medi-mix-4-nandro-phen-70-nandro-deca-130-testo-phen-130-testo-d-270-10ml-meditech\/\" \/>\n<meta property=\"og:site_name\" content=\"RoidsMania.com\" \/>\n<meta property=\"article:modified_time\" content=\"2022-02-20T16:43:58+00:00\" \/>\n<meta property=\"og:image\" content=\"https:\/\/roidsmania.com\/wp-content\/uploads\/2022\/02\/medi-mix4-thumb.png\" \/>\n\t<meta property=\"og:image:width\" content=\"1200\" \/>\n\t<meta property=\"og:image:height\" content=\"1200\" \/>\n<meta name=\"twitter:card\" content=\"summary\" \/>\n<meta name=\"twitter:label1\" content=\"Dur\u00e9e de lecture est.\">\n\t<meta name=\"twitter:data1\" content=\"1 minute\">\n<script type=\"application\/ld+json\" class=\"yoast-schema-graph\">{\"@context\":\"https:\/\/schema.org\",\"@graph\":[{\"@type\":\"WebSite\",\"@id\":\"https:\/\/roidsmania.com\/fr\/#website\",\"url\":\"https:\/\/roidsmania.com\/fr\/\",\"name\":\"RoidsMania.com\",\"description\":\"Online Anabolic Steroids shop\",\"potentialAction\":[{\"@type\":\"SearchAction\",\"target\":\"https:\/\/roidsmania.com\/fr\/?s={search_term_string}\",\"query-input\":\"required name=search_term_string\"}],\"inLanguage\":\"fr-FR\"},{\"@type\":\"ImageObject\",\"@id\":\"https:\/\/roidsmania.com\/fr\/produit\/medi-mix-4-nandro-phen-70-nandro-deca-130-testo-phen-130-testo-d-270-10ml-meditech\/#primaryimage\",\"inLanguage\":\"fr-FR\",\"url\":\"https:\/\/roidsmania.com\/wp-content\/uploads\/2022\/02\/medi-mix4-thumb.png\",\"width\":1200,\"height\":1200},{\"@type\":\"WebPage\",\"@id\":\"https:\/\/roidsmania.com\/fr\/produit\/medi-mix-4-nandro-phen-70-nandro-deca-130-testo-phen-130-testo-d-270-10ml-meditech\/#webpage\",\"url\":\"https:\/\/roidsmania.com\/fr\/produit\/medi-mix-4-nandro-phen-70-nandro-deca-130-testo-phen-130-testo-d-270-10ml-meditech\/\",\"name\":\"Medi Mix 4 [Nandro Phen 70 + Nandro Deca 130 + Testo Phen 130 + Testo D 270] \\u2013 10ml \\u2013 Meditech - RoidsMania.com\",\"isPartOf\":{\"@id\":\"https:\/\/roidsmania.com\/fr\/#website\"},\"primaryImageOfPage\":{\"@id\":\"https:\/\/roidsmania.com\/fr\/produit\/medi-mix-4-nandro-phen-70-nandro-deca-130-testo-phen-130-testo-d-270-10ml-meditech\/#primaryimage\"},\"datePublished\":\"2022-02-20T16:09:34+00:00\",\"dateModified\":\"2022-02-20T16:43:58+00:00\",\"description\":\"Roidsmania.com a selectiuonn\\u00e9 pour vous le Medi Mix 4 from Meditech. Exp\\u00e9dition Rapide. Paiement Facile.\",\"breadcrumb\":{\"@id\":\"https:\/\/roidsmania.com\/fr\/produit\/medi-mix-4-nandro-phen-70-nandro-deca-130-testo-phen-130-testo-d-270-10ml-meditech\/#breadcrumb\"},\"inLanguage\":\"fr-FR\",\"potentialAction\":[{\"@type\":\"ReadAction\",\"target\":[\"https:\/\/roidsmania.com\/fr\/produit\/medi-mix-4-nandro-phen-70-nandro-deca-130-testo-phen-130-testo-d-270-10ml-meditech\/\"]}]},{\"@type\":\"BreadcrumbList\",\"@id\":\"https:\/\/roidsmania.com\/fr\/produit\/medi-mix-4-nandro-phen-70-nandro-deca-130-testo-phen-130-testo-d-270-10ml-meditech\/#breadcrumb\",\"itemListElement\":[{\"@type\":\"ListItem\",\"position\":1,\"item\":{\"@type\":\"WebPage\",\"@id\":\"https:\/\/roidsmania.com\/fr\/\",\"url\":\"https:\/\/roidsmania.com\/fr\/\",\"name\":\"Home\"}},{\"@type\":\"ListItem\",\"position\":2,\"item\":{\"@type\":\"WebPage\",\"@id\":\"https:\/\/roidsmania.com\/fr\/boutique\/\",\"url\":\"https:\/\/roidsmania.com\/fr\/boutique\/\",\"name\":\"BOUTIQUE\"}},{\"@type\":\"ListItem\",\"position\":3,\"item\":{\"@type\":\"WebPage\",\"@id\":\"https:\/\/roidsmania.com\/fr\/produit\/medi-mix-4-nandro-phen-70-nandro-deca-130-testo-phen-130-testo-d-270-10ml-meditech\/\",\"url\":\"https:\/\/roidsmania.com\/fr\/produit\/medi-mix-4-nandro-phen-70-nandro-deca-130-testo-phen-130-testo-d-270-10ml-meditech\/\",\"name\":\"Medi Mix 4 [Nandro Phen 70 + Nandro Deca 130 + Testo Phen 130 + Testo D 270] \\u2013 10ml \\u2013 Meditech\"}}]}]}<\/script>\n<!-- \/ Yoast SEO plugin. -->","_links":{"self":[{"href":"https:\/\/roidsmania.com\/fr\/wp-json\/wp\/v2\/product\/238097\/"}],"collection":[{"href":"https:\/\/roidsmania.com\/fr\/wp-json\/wp\/v2\/product\/"}],"about":[{"href":"https:\/\/roidsmania.com\/fr\/wp-json\/wp\/v2\/types\/product\/"}],"replies":[{"embeddable":true,"href":"https:\/\/roidsmania.com\/fr\/wp-json\/wp\/v2\/comments\/?post=238097"}],"wp:featuredmedia":[{"embeddable":true,"href":"https:\/\/roidsmania.com\/fr\/wp-json\/wp\/v2\/media\/238096\/"}],"wp:attachment":[{"href":"https:\/\/roidsmania.com\/fr\/wp-json\/wp\/v2\/media\/?parent=238097"}],"wp:term":[{"taxonomy":"berocket_brand","embeddable":true,"href":"https:\/\/roidsmania.com\/fr\/wp-json\/wp\/v2\/berocket_brand\/?post=238097"}],"curies":[{"name":"wp","href":"https:\/\/api.w.org\/{rel}","templated":true}]}}