{"id":230441,"date":"2020-10-01T03:21:49","date_gmt":"2020-09-30T20:21:49","guid":{"rendered":"https:\/\/roidsmania.com\/product\/tri-tren-trenbolone-mix-1500mg-10ml-phoenix-remedies\/"},"modified":"2020-10-28T04:24:00","modified_gmt":"2020-10-27T21:24:00","slug":"tri-tren-trenbolone-mix-1500mg-10ml-phoenix-remedies","status":"publish","type":"product","link":"https:\/\/roidsmania.com\/fr\/produit\/tri-tren-trenbolone-mix-1500mg-10ml-phoenix-remedies\/","title":{"rendered":"Tri-Tren [Trenbolone Mix 1500mg] &#8211; 10ml &#8211; Phoenix Remedies"},"content":{"rendered":"<div align=\"justify\">\n<p>La <strong>TriTren<\/strong> est une solution huileuse de <strong>3 esters de Trenbolone<\/strong> m\u00e9lang\u00e9s pour une injection intramusculaire. La TriTren est un st\u00e9ro\u00efde ayant des effets anabolisants et androg\u00e8nes significatifs.<\/p>\n<p>L&#8217;ester \u00e0 action rapide (ac\u00e9tate) produit une augmentation rapide des taux s\u00e9riques de Trenbolone tandis que les 2 autres esters <strong>(Hexahydrobenzylcarbonate et Enanthate)<\/strong> sont lib\u00e9r\u00e9s \u00e0 une vitesse plus lente, ils prolongent le niveaux de concentration de plasma sanguin de la trenbolone, ce qui entra\u00eene une augmentation continue de cette concentration pour une <strong>dur\u00e9e de 7 \u00e0 10 jours.<\/strong>La trenbolone favorise une augmentation significative de la force, de l&#8217;anabolisme musculaire, de l&#8217;app\u00e9tit et a d\u00e9montr\u00e9 qu&#8217;elle r\u00e9duit la masse graisseuse.<span lang=\"fr\">Ce m\u00e9lange est principalement utilis\u00e9 dans les cycles de construction de masse et combin\u00e9 avec n&#8217;importe quelle<strong> testost\u00e9rone<\/strong> pour les meilleurs r\u00e9sultats.<\/span><\/p>\n<p><strong>Le flacon de 10 ml contient:<\/strong><\/p>\n<p>&#8211; 50mg\/ml Trenbolone Acetate<br \/>\n&#8211; 50mg\/ml Trenbolone Hexahydrobenzylcarbonate<br \/>\n&#8211; 100mg\/ml Trenbolone Enanthate<\/p>\n<\/div>\n","protected":false},"excerpt":{"rendered":"<div align=\"justify\"><strong>Laboratoire :<\/strong> Phoenix Remedies<br \/>\n<strong>Forme :<\/strong> Injection<br \/>\n<strong>Mol\u00e9cule :<\/strong> M\u00e9lange de Trenbolone<br \/>\n<strong>Concentration :<\/strong> 150mg\/ml<br \/>\n<strong>Volume :<\/strong> 10 ampoules de 1 ml<br \/>\n<strong>Dosage Recommand\u00e9 :<\/strong> 300-600mg\/semaine<\/p>\n<p>La Tri-Tren de Phoenix Remedies est un m\u00e9lange de 3 esters de Trenbolone: Trenbolone Acetate 50 mg \/ ml, Trenbolone Enanthate 50 mg \/ ml et Trenbolone <strong>Hexahydrobenzyl carbonate 50 mg \/ ml.<\/strong><br \/>\nAvec ce m\u00e9lange, vous obtiendrez une tr\u00e8s bonne d\u00e9finition musculaire.<\/p>\n<\/div>\n","protected":false},"featured_media":230449,"comment_status":"closed","ping_status":"closed","template":"","meta":[],"berocket_brand":[247],"yoast_head":"<!-- This site is optimized with the Yoast SEO plugin v15.9.1 - https:\/\/yoast.com\/wordpress\/plugins\/seo\/ -->\n<title>Tri-Tren [Trenbolone Mix 1500mg] - 10ml - Phoenix Remedies - RoidsMania.com<\/title>\n<meta name=\"description\" content=\"Roidsmania.com a s\u00e9lectionn\u00e9 pour vous de la Tri-Tren [Trenbolone Mix 1500mg] - 10ml - Phoenix Remedies. Exp\u00e9dition Rapide. Paiement Facile.\" \/>\n<meta name=\"robots\" content=\"index, follow, max-snippet:-1, max-image-preview:large, max-video-preview:-1\" \/>\n<link rel=\"canonical\" href=\"https:\/\/roidsmania.com\/fr\/produit\/tri-tren-trenbolone-mix-1500mg-10ml-phoenix-remedies\/\" \/>\n<meta property=\"og:locale\" content=\"fr_FR\" \/>\n<meta property=\"og:type\" content=\"article\" \/>\n<meta property=\"og:title\" content=\"Tri-Tren [Trenbolone Mix 1500mg] - 10ml - Phoenix Remedies - RoidsMania.com\" \/>\n<meta property=\"og:description\" content=\"Roidsmania.com a s\u00e9lectionn\u00e9 pour vous de la Tri-Tren [Trenbolone Mix 1500mg] - 10ml - Phoenix Remedies. Exp\u00e9dition Rapide. Paiement Facile.\" \/>\n<meta property=\"og:url\" content=\"https:\/\/roidsmania.com\/fr\/produit\/tri-tren-trenbolone-mix-1500mg-10ml-phoenix-remedies\/\" \/>\n<meta property=\"og:site_name\" content=\"RoidsMania.com\" \/>\n<meta property=\"article:modified_time\" content=\"2020-10-27T21:24:00+00:00\" \/>\n<meta property=\"og:image\" content=\"https:\/\/roidsmania.com\/wp-content\/uploads\/2020\/10\/tri_tren_ampoules-1.jpg\" \/>\n\t<meta property=\"og:image:width\" content=\"855\" \/>\n\t<meta property=\"og:image:height\" content=\"855\" \/>\n<meta name=\"twitter:card\" content=\"summary\" \/>\n<meta name=\"twitter:label1\" content=\"Dur\u00e9e de lecture est.\">\n\t<meta name=\"twitter:data1\" content=\"1 minute\">\n<script type=\"application\/ld+json\" class=\"yoast-schema-graph\">{\"@context\":\"https:\/\/schema.org\",\"@graph\":[{\"@type\":\"WebSite\",\"@id\":\"https:\/\/roidsmania.com\/fr\/#website\",\"url\":\"https:\/\/roidsmania.com\/fr\/\",\"name\":\"RoidsMania.com\",\"description\":\"Online Anabolic Steroids shop\",\"potentialAction\":[{\"@type\":\"SearchAction\",\"target\":\"https:\/\/roidsmania.com\/fr\/?s={search_term_string}\",\"query-input\":\"required name=search_term_string\"}],\"inLanguage\":\"fr-FR\"},{\"@type\":\"ImageObject\",\"@id\":\"https:\/\/roidsmania.com\/fr\/produit\/tri-tren-trenbolone-mix-1500mg-10ml-phoenix-remedies\/#primaryimage\",\"inLanguage\":\"fr-FR\",\"url\":\"https:\/\/roidsmania.com\/wp-content\/uploads\/2020\/10\/tri_tren_ampoules-1.jpg\",\"width\":855,\"height\":855},{\"@type\":\"WebPage\",\"@id\":\"https:\/\/roidsmania.com\/fr\/produit\/tri-tren-trenbolone-mix-1500mg-10ml-phoenix-remedies\/#webpage\",\"url\":\"https:\/\/roidsmania.com\/fr\/produit\/tri-tren-trenbolone-mix-1500mg-10ml-phoenix-remedies\/\",\"name\":\"Tri-Tren [Trenbolone Mix 1500mg] - 10ml - Phoenix Remedies - RoidsMania.com\",\"isPartOf\":{\"@id\":\"https:\/\/roidsmania.com\/fr\/#website\"},\"primaryImageOfPage\":{\"@id\":\"https:\/\/roidsmania.com\/fr\/produit\/tri-tren-trenbolone-mix-1500mg-10ml-phoenix-remedies\/#primaryimage\"},\"datePublished\":\"2020-09-30T20:21:49+00:00\",\"dateModified\":\"2020-10-27T21:24:00+00:00\",\"description\":\"Roidsmania.com a s\\u00e9lectionn\\u00e9 pour vous de la Tri-Tren [Trenbolone Mix 1500mg] - 10ml - Phoenix Remedies. Exp\\u00e9dition Rapide. Paiement Facile.\",\"breadcrumb\":{\"@id\":\"https:\/\/roidsmania.com\/fr\/produit\/tri-tren-trenbolone-mix-1500mg-10ml-phoenix-remedies\/#breadcrumb\"},\"inLanguage\":\"fr-FR\",\"potentialAction\":[{\"@type\":\"ReadAction\",\"target\":[\"https:\/\/roidsmania.com\/fr\/produit\/tri-tren-trenbolone-mix-1500mg-10ml-phoenix-remedies\/\"]}]},{\"@type\":\"BreadcrumbList\",\"@id\":\"https:\/\/roidsmania.com\/fr\/produit\/tri-tren-trenbolone-mix-1500mg-10ml-phoenix-remedies\/#breadcrumb\",\"itemListElement\":[{\"@type\":\"ListItem\",\"position\":1,\"item\":{\"@type\":\"WebPage\",\"@id\":\"https:\/\/roidsmania.com\/fr\/\",\"url\":\"https:\/\/roidsmania.com\/fr\/\",\"name\":\"Home\"}},{\"@type\":\"ListItem\",\"position\":2,\"item\":{\"@type\":\"WebPage\",\"@id\":\"https:\/\/roidsmania.com\/fr\/boutique\/\",\"url\":\"https:\/\/roidsmania.com\/fr\/boutique\/\",\"name\":\"BOUTIQUE\"}},{\"@type\":\"ListItem\",\"position\":3,\"item\":{\"@type\":\"WebPage\",\"@id\":\"https:\/\/roidsmania.com\/fr\/produit\/tri-tren-trenbolone-mix-1500mg-10ml-phoenix-remedies\/\",\"url\":\"https:\/\/roidsmania.com\/fr\/produit\/tri-tren-trenbolone-mix-1500mg-10ml-phoenix-remedies\/\",\"name\":\"Tri-Tren [Trenbolone Mix 1500mg] &#8211; 10ml &#8211; Phoenix Remedies\"}}]}]}<\/script>\n<!-- \/ Yoast SEO plugin. -->","_links":{"self":[{"href":"https:\/\/roidsmania.com\/fr\/wp-json\/wp\/v2\/product\/230441\/"}],"collection":[{"href":"https:\/\/roidsmania.com\/fr\/wp-json\/wp\/v2\/product\/"}],"about":[{"href":"https:\/\/roidsmania.com\/fr\/wp-json\/wp\/v2\/types\/product\/"}],"replies":[{"embeddable":true,"href":"https:\/\/roidsmania.com\/fr\/wp-json\/wp\/v2\/comments\/?post=230441"}],"wp:featuredmedia":[{"embeddable":true,"href":"https:\/\/roidsmania.com\/fr\/wp-json\/wp\/v2\/media\/230449\/"}],"wp:attachment":[{"href":"https:\/\/roidsmania.com\/fr\/wp-json\/wp\/v2\/media\/?parent=230441"}],"wp:term":[{"taxonomy":"berocket_brand","embeddable":true,"href":"https:\/\/roidsmania.com\/fr\/wp-json\/wp\/v2\/berocket_brand\/?post=230441"}],"curies":[{"name":"wp","href":"https:\/\/api.w.org\/{rel}","templated":true}]}}