{"id":230148,"date":"2020-09-26T18:47:16","date_gmt":"2020-09-26T11:47:16","guid":{"rendered":"https:\/\/roidsmania.com\/product\/testolone-rad-140-10mg-50-tabs-meditech\/"},"modified":"2020-10-28T04:40:42","modified_gmt":"2020-10-27T21:40:42","slug":"testolone-rad-140-10mg-50-tabs-meditech","status":"publish","type":"product","link":"https:\/\/roidsmania.com\/fr\/produit\/testolone-rad-140-10mg-50-tabs-meditech\/","title":{"rendered":"Testolone [RAD-140 10mg] &#8211; 50 Tabs &#8211; Meditech"},"content":{"rendered":"<div align=\"justify\">Le <strong>RAD140<\/strong> est consid\u00e9r\u00e9 comme l\u2019un des meilleurs SARM pour la prise en masse sur le march\u00e9. Ce produit permet en effet de favoriser une croissance et un d\u00e9veloppement de la masse musculaire maigre ainsi que l&#8217;augmentation de la force et \u00e0 l&#8217;avantage de ne pas trop perturber les syst\u00e8mes biologiques du corps.<br \/>\nDonc, pour faire simple, d&#8217;excellents r\u00e9sultats sont en perspectives avec des effets secondaires r\u00e9duit au minimum (mais pas inexistant).Le RAD140, tout comme la plupart des SARMS a en effet comme avantage de ne pas apporter son lot d&#8217;effets secondaires comme pourrait le faire une cure de st\u00e9ro\u00efdes par exemple,<br \/>\nles <strong>SARMS<\/strong> fonctionnent d&#8217;une mani\u00e8re compl\u00e8tement diff\u00e9rente et c&#8217;est probablement la raison principale pour laquelle ils sont devenus si populaires parmi les bodybuildeurs et les athl\u00e8tes.<span style=\"font-size: 12pt;\"> <strong> AVANTAGES DU RAD-140 : <\/strong> <\/span><\/p>\n<p>Apr\u00e8s 2-3 semaines de cure avec le RAD-140 vous remarquerez que votre force augmentera rapidement, vous vous sentirez beaucoup plus en forme. \u00c9tant donn\u00e9 que vous \u00eates plus fort, vous serez \u00e9galement en mesure de d\u00e9velopper vos muscles beaucoup plus rapidement en augmentant la charge de poids sur vos machines habituelles.<\/p>\n<p>Apr\u00e8s 3-4 semaines, vous observerez clairement des gains musculaires visibles ainsi qu&#8217;une augmentation de votre masse maigre. A partir de l\u00e0, vous continuerez a vous d\u00e9velopper et votre force continuera a augmenter.<\/p>\n<p>Apr\u00e8s environ 8 \u00e0 10 semaines de cure, vous aurez accumul\u00e9 entre 6 \u00e0 8 kilos de masse musculaire maigre.<\/p>\n<p>Le RAD140 est environ 5 fois plus fort que que l&#8217;Ostarine et plus un peu plus fort que l&#8217; LGD-4033.<\/p>\n<p>&nbsp;<\/p>\n<p><span style=\"font-size: 12pt;\"><strong>COMMENT PRENDRE le RAD-140 :<\/strong><\/span><\/p>\n<p>Les doses recommand\u00e9es sont entre 10 et 30 mg par jour pendant 8 \u00e0 10 semaines.<\/p>\n<p>Certains athl\u00e8tes stacks les sarms afin d&#8217;avoir une synergie entre les produits et<br \/>\nainsi atteindre plus facilement les objectifs qu&#8217;ils se sont fix\u00e9s, un stack assez courant est une combinaison de RAD-140 avec du MK-677 et LGD4033.<\/p>\n<p>&nbsp;<\/p>\n<p><span style=\"font-size: 12pt;\"><strong>LE RAD-140 A-T-IL DES EFFETS SECONDAIRES?<\/strong><\/span><\/p>\n<p>Les SARMS comme le RAD-140 sont s\u00e9lectifs dans leurs actions, ce qui signifie que les effets secondaires avec ce type de produits sont inexistants ou extr\u00eamement limit\u00e9s.<\/p>\n<p>Il convient de mentionner que <strong>RAD140<\/strong> est l\u2019un des SARMS les plus r\u00e9cents et que les effets secondaires potentiels chez l\u2019homme sont mal connus. La bonne nouvelle est que les \u00e9tudes cliniques n&#8217;ont montr\u00e9 aucun effet secondaire associ\u00e9 \u00e0 l&#8217;utilisation de ce produit tel que la gyn\u00e9co, l&#8217;hypertension, l&#8217;acn\u00e9 ou une quelconque action sur le foie.<\/p>\n<p>Cependant gard\u00e9 en t\u00eate que ce produit influencera votre taux de <strong>testost\u00e9rone<\/strong> naturel, si vous prenez du RAD-140 pendant une longue p\u00e9riode, votre production d&#8217;hormones naturelles sera supprim\u00e9e. Cela signifie qu&#8217;une PCT sera indispensable \u00e0 la fin de votre cure afin de relancer votre production de <strong>testost\u00e9rone naturelle.<\/strong><\/p>\n<\/div>\n","protected":false},"excerpt":{"rendered":"<div align=\"justify\"><strong>Laboratoire :<\/strong> Meditech<br \/>\n<strong>Forme :<\/strong> Orale<br \/>\n<strong>Mol\u00e9cule :<\/strong> RAD-140<br \/>\n<strong>Concentration :<\/strong> 10mg\/comprim\u00e9<br \/>\n<strong>Volume :<\/strong> 50 comprim\u00e9s<br \/>\n<strong>Dosage Recommand\u00e9 :<\/strong> 10-30mg\/jour<\/p>\n<p>Le RAD-140 est un SARMS visant \u00e0 augmenter la force et \u00e0 favoriser la prise de masse de qualit\u00e9, il est souvent stack\u00e9 avec le MK-677 et le LGD4033, il n&#8217;a pas d&#8217;effet secondaire particulier mais demande une PCT \u00e0 la fin de la cure \u00e9tant donn\u00e9 son c\u00f4t\u00e9 l\u00e9g\u00e8rement suppressif.<\/p>\n<\/div>\n","protected":false},"featured_media":235487,"comment_status":"closed","ping_status":"closed","template":"","meta":[],"berocket_brand":[145],"yoast_head":"<!-- This site is optimized with the Yoast SEO plugin v15.9.1 - https:\/\/yoast.com\/wordpress\/plugins\/seo\/ -->\n<title>Testolone [RAD-140 10mg] - 50 Tabs - Meditech - RoidsMania.com<\/title>\n<meta name=\"description\" content=\"Roidsmania.com \u00e0 s\u00e9lectionn\u00e9 pour vous la Testolone [RAD-140 10mg] - 50 Tabs - Meditech. Livraison Rapide. Paiement Facile.\" \/>\n<meta name=\"robots\" content=\"index, follow, max-snippet:-1, max-image-preview:large, max-video-preview:-1\" \/>\n<link rel=\"canonical\" href=\"https:\/\/roidsmania.com\/fr\/produit\/testolone-rad-140-10mg-50-tabs-meditech\/\" \/>\n<meta property=\"og:locale\" content=\"fr_FR\" \/>\n<meta property=\"og:type\" content=\"article\" \/>\n<meta property=\"og:title\" content=\"Testolone [RAD-140 10mg] - 50 Tabs - Meditech - RoidsMania.com\" \/>\n<meta property=\"og:description\" content=\"Roidsmania.com \u00e0 s\u00e9lectionn\u00e9 pour vous la Testolone [RAD-140 10mg] - 50 Tabs - Meditech. Livraison Rapide. Paiement Facile.\" \/>\n<meta property=\"og:url\" content=\"https:\/\/roidsmania.com\/fr\/produit\/testolone-rad-140-10mg-50-tabs-meditech\/\" \/>\n<meta property=\"og:site_name\" content=\"RoidsMania.com\" \/>\n<meta property=\"article:modified_time\" content=\"2020-10-27T21:40:42+00:00\" \/>\n<meta property=\"og:image\" content=\"https:\/\/roidsmania.com\/wp-content\/uploads\/2020\/09\/testolone.jpg\" \/>\n\t<meta property=\"og:image:width\" content=\"640\" \/>\n\t<meta property=\"og:image:height\" content=\"640\" \/>\n<meta name=\"twitter:card\" content=\"summary\" \/>\n<meta name=\"twitter:label1\" content=\"Dur\u00e9e de lecture est.\">\n\t<meta name=\"twitter:data1\" content=\"2 minutes\">\n<script type=\"application\/ld+json\" class=\"yoast-schema-graph\">{\"@context\":\"https:\/\/schema.org\",\"@graph\":[{\"@type\":\"WebSite\",\"@id\":\"https:\/\/roidsmania.com\/fr\/#website\",\"url\":\"https:\/\/roidsmania.com\/fr\/\",\"name\":\"RoidsMania.com\",\"description\":\"Online Anabolic Steroids shop\",\"potentialAction\":[{\"@type\":\"SearchAction\",\"target\":\"https:\/\/roidsmania.com\/fr\/?s={search_term_string}\",\"query-input\":\"required name=search_term_string\"}],\"inLanguage\":\"fr-FR\"},{\"@type\":\"ImageObject\",\"@id\":\"https:\/\/roidsmania.com\/fr\/produit\/testolone-rad-140-10mg-50-tabs-meditech\/#primaryimage\",\"inLanguage\":\"fr-FR\",\"url\":\"https:\/\/roidsmania.com\/wp-content\/uploads\/2020\/09\/testolone.png\",\"width\":1000,\"height\":914},{\"@type\":\"WebPage\",\"@id\":\"https:\/\/roidsmania.com\/fr\/produit\/testolone-rad-140-10mg-50-tabs-meditech\/#webpage\",\"url\":\"https:\/\/roidsmania.com\/fr\/produit\/testolone-rad-140-10mg-50-tabs-meditech\/\",\"name\":\"Testolone [RAD-140 10mg] - 50 Tabs - Meditech - RoidsMania.com\",\"isPartOf\":{\"@id\":\"https:\/\/roidsmania.com\/fr\/#website\"},\"primaryImageOfPage\":{\"@id\":\"https:\/\/roidsmania.com\/fr\/produit\/testolone-rad-140-10mg-50-tabs-meditech\/#primaryimage\"},\"datePublished\":\"2020-09-26T11:47:16+00:00\",\"dateModified\":\"2020-10-27T21:40:42+00:00\",\"description\":\"Roidsmania.com \\u00e0 s\\u00e9lectionn\\u00e9 pour vous la Testolone [RAD-140 10mg] - 50 Tabs - Meditech. Livraison Rapide. Paiement Facile.\",\"breadcrumb\":{\"@id\":\"https:\/\/roidsmania.com\/fr\/produit\/testolone-rad-140-10mg-50-tabs-meditech\/#breadcrumb\"},\"inLanguage\":\"fr-FR\",\"potentialAction\":[{\"@type\":\"ReadAction\",\"target\":[\"https:\/\/roidsmania.com\/fr\/produit\/testolone-rad-140-10mg-50-tabs-meditech\/\"]}]},{\"@type\":\"BreadcrumbList\",\"@id\":\"https:\/\/roidsmania.com\/fr\/produit\/testolone-rad-140-10mg-50-tabs-meditech\/#breadcrumb\",\"itemListElement\":[{\"@type\":\"ListItem\",\"position\":1,\"item\":{\"@type\":\"WebPage\",\"@id\":\"https:\/\/roidsmania.com\/fr\/\",\"url\":\"https:\/\/roidsmania.com\/fr\/\",\"name\":\"Home\"}},{\"@type\":\"ListItem\",\"position\":2,\"item\":{\"@type\":\"WebPage\",\"@id\":\"https:\/\/roidsmania.com\/fr\/boutique\/\",\"url\":\"https:\/\/roidsmania.com\/fr\/boutique\/\",\"name\":\"BOUTIQUE\"}},{\"@type\":\"ListItem\",\"position\":3,\"item\":{\"@type\":\"WebPage\",\"@id\":\"https:\/\/roidsmania.com\/fr\/produit\/testolone-rad-140-10mg-50-tabs-meditech\/\",\"url\":\"https:\/\/roidsmania.com\/fr\/produit\/testolone-rad-140-10mg-50-tabs-meditech\/\",\"name\":\"Testolone [RAD-140 10mg] &#8211; 50 Tabs &#8211; Meditech\"}}]}]}<\/script>\n<!-- \/ Yoast SEO plugin. -->","_links":{"self":[{"href":"https:\/\/roidsmania.com\/fr\/wp-json\/wp\/v2\/product\/230148\/"}],"collection":[{"href":"https:\/\/roidsmania.com\/fr\/wp-json\/wp\/v2\/product\/"}],"about":[{"href":"https:\/\/roidsmania.com\/fr\/wp-json\/wp\/v2\/types\/product\/"}],"replies":[{"embeddable":true,"href":"https:\/\/roidsmania.com\/fr\/wp-json\/wp\/v2\/comments\/?post=230148"}],"wp:featuredmedia":[{"embeddable":true,"href":"https:\/\/roidsmania.com\/fr\/wp-json\/wp\/v2\/media\/235487\/"}],"wp:attachment":[{"href":"https:\/\/roidsmania.com\/fr\/wp-json\/wp\/v2\/media\/?parent=230148"}],"wp:term":[{"taxonomy":"berocket_brand","embeddable":true,"href":"https:\/\/roidsmania.com\/fr\/wp-json\/wp\/v2\/berocket_brand\/?post=230148"}],"curies":[{"name":"wp","href":"https:\/\/api.w.org\/{rel}","templated":true}]}}