{"id":230041,"date":"2020-09-24T21:43:55","date_gmt":"2020-09-24T14:43:55","guid":{"rendered":"https:\/\/roidsmania.com\/product\/ligandrol-lgd-4033-2mg-50-tabs-meditech\/"},"modified":"2020-10-28T04:39:45","modified_gmt":"2020-10-27T21:39:45","slug":"ligandrol-lgd-4033-2mg-50-tabs-meditech","status":"publish","type":"product","link":"https:\/\/roidsmania.com\/fr\/produit\/ligandrol-lgd-4033-2mg-50-tabs-meditech\/","title":{"rendered":"Ligandrol [LGD 4033 2mg] \u2013 50 Tabs \u2013 Meditech"},"content":{"rendered":"<div align=\"justify\">\n<p>Le<strong> LGD 4033<\/strong> est actuellement l\u2019un des <strong>SARMS<\/strong> les plus populaires. il est tr\u00e8s appr\u00e9ci\u00e9 en raison de ses effets secondaires quasiment inexistant : il ne provoque pas de perte de cheveux, gyn\u00e9comastie, n&#8217;affecte pas le foie et n&#8217;augmente pas la pression art\u00e9rielle.<strong>Acheter anabolisant.<\/strong><\/p>\n<p>&nbsp;<\/p>\n<p><span style=\"font-size: 12pt;\"><strong>AVANTAGES DU LGD 4033 :<\/strong><\/span><\/p>\n<ul>\n<li style=\"list-style-type: none;\">\n<ul>\n<li>Augmentation de la masse musculaire maigre : Des \u00e9tudes cliniques ont d\u00e9montr\u00e9es que les sujets test\u00e9s avaient des gains importants \u00e0 partir de 5,0 mg par jour.<\/li>\n<li>Augmentation de la force : Lorsque vous gagnerez plus de muscle, votre force augmentera \u00e9galement. Les utilisateurs ont signal\u00e9 que ce produit \u00e9tait \u00e9galement adapt\u00e9 pour des cures visant l&#8217;augmentation de la force. Attendez-vous \u00e0 ajouter du poids \u00e0 la barre chaque semaine.<br \/>\nEffets secondaires limit\u00e9s : L\u2019\u00e9tude clinique a montr\u00e9 que ce SARMS pouvait \u00eatre utilis\u00e9 sans danger \u00e0 aux doses recommand\u00e9es. Ils ont m\u00eame \u00e9tabli l&#8217;innocuit\u00e9 jusqu&#8217;\u00e0 une dose de 22 milligrammes par jour. La conclusion est que LGD 4033 a \u00e9t\u00e9 bien tol\u00e9r\u00e9 par les sujets du test.<\/li>\n<li>Augmentation de la vascularisation : Avec ce produit vous aurez les veines apparentes, et apparence stri\u00e9e.<\/li>\n<\/ul>\n<\/li>\n<\/ul>\n<p>Ce sont les principaux effets auxquels vous pouvez vous attendre avec ce produit mais peu importe votre objectif, \u00e9vitez <strong>de d\u00e9passer 20mg\/jour.<\/strong><\/p>\n<p>&nbsp;<\/p>\n<p><span style=\"font-size: 12pt;\"><strong>COMMENT PRENDRE le LGD 4033 :<\/strong><\/span><\/p>\n<p>Vous pouvez exp\u00e9rimenter 5 mg par jour si c&#8217;est votre premi\u00e8re cure avec ce type de produit. la dose recommand\u00e9e est entre 5-10mg par jour pour la construction de muscles maigres et l&#8217;augmentation de la force.<\/p>\n<p><strong>Examples de cycle:<\/strong><br \/>\n<strong>OPTION 1 : 5mg d&#8217;LGD 4033 par jour sur 6 semaines<\/strong><br \/>\n<strong>OPTION 2 :\u00a010mg d&#8217;LGD 4033 par jour sur 8 semaines<\/strong><\/p>\n<p>Bien s\u00fbr, vous pouvez toujours d\u00e9buter avec un dosage r\u00e9duit et augmenter progressivement. Certains culturistes ont test\u00e9 des doses jusqu\u2019\u00e0 30 mg par jour, mais honn\u00eatement, nous ne le recommandons pas, il n&#8217;est pas n\u00e9cessaire d&#8217;arriver \u00e0 des doses extr\u00eames pour avoir les effets du produit.<\/p>\n<p>La demi-vie de LGD 4033 est d&#8217;environ 24 \u00e0 36 heures. Cela signifie qu&#8217;une prise une fois par jour est suffisant, le matin au petit-d\u00e9jeuner par exemple.<\/p>\n<p>&nbsp;<\/p>\n<p><span style=\"font-size: 12pt;\"><strong>LE LGD 4033 A-T-IL DES EFFETS SECONDAIRES?<\/strong><\/span><\/p>\n<p>Les effets ind\u00e9sirables les plus fr\u00e9quents sont les maux de t\u00eate, les naus\u00e9es, la r\u00e9tention d&#8217;eau et la fatigue. Gardez \u00e0 l&#8217;esprit que certains sujets de test ont tendance \u00e0 \u00eatre assez parano\u00efaques lors de la prise de ce type de produit. Il est difficile de savoir si les effets secondaires d\u00e9crits sont dus au LGD 4033 ou pas, mais dans tous les cas aucun effets secondaires similaires aux st\u00e9ro\u00efdes n&#8217;a \u00e9t\u00e9 observ\u00e9.<\/p>\n<\/div>\n","protected":false},"excerpt":{"rendered":"<div align=\"justify\"><strong>Laboratoire :<\/strong> Meditech<br \/>\n<strong>Forme :<\/strong> Orale<br \/>\n<strong>Mol\u00e9cule :<\/strong> LGD 4033<br \/>\n<strong>Concentration :<\/strong> 2mg\/comprim\u00e9<br \/>\n<strong>Volume :<\/strong> 50 comprim\u00e9s<br \/>\n<strong>Dosage Recommand\u00e9 :<\/strong> 5-10mg\/jour<\/p>\n<p>Le LGD 4033 est un SARMS qui a \u00e9t\u00e9 mis au point pour son effet anabolique sur le tissu musculaire. C&#8217;est l&#8217;un des types les plus r\u00e9cents de SARMS; il produit des r\u00e9sultats similaires aux st\u00e9ro\u00efdes anabolisants, mais sans les effets secondaires n\u00e9gatifs.<\/p>\n<\/div>\n","protected":false},"featured_media":235483,"comment_status":"closed","ping_status":"closed","template":"","meta":[],"berocket_brand":[145],"yoast_head":"<!-- This site is optimized with the Yoast SEO plugin v15.9.1 - https:\/\/yoast.com\/wordpress\/plugins\/seo\/ -->\n<title>Ligandrol [LGD 4033 2mg] \u2013 50 Tabs \u2013 Meditech - RoidsMania.com<\/title>\n<meta name=\"description\" content=\"Roidsmania.com \u00e0 s\u00e9lectionn\u00e9 pour vous l&#039;Ligandrol [LGD 4033 2mg] \u2013 50 Tabs \u2013 Meditech. Livraison Rapide. Paiement Facile.\" \/>\n<meta name=\"robots\" content=\"index, follow, max-snippet:-1, max-image-preview:large, max-video-preview:-1\" \/>\n<link rel=\"canonical\" href=\"https:\/\/roidsmania.com\/fr\/produit\/ligandrol-lgd-4033-2mg-50-tabs-meditech\/\" \/>\n<meta property=\"og:locale\" content=\"fr_FR\" \/>\n<meta property=\"og:type\" content=\"article\" \/>\n<meta property=\"og:title\" content=\"Ligandrol [LGD 4033 2mg] \u2013 50 Tabs \u2013 Meditech - RoidsMania.com\" \/>\n<meta property=\"og:description\" content=\"Roidsmania.com \u00e0 s\u00e9lectionn\u00e9 pour vous l&#039;Ligandrol [LGD 4033 2mg] \u2013 50 Tabs \u2013 Meditech. Livraison Rapide. Paiement Facile.\" \/>\n<meta property=\"og:url\" content=\"https:\/\/roidsmania.com\/fr\/produit\/ligandrol-lgd-4033-2mg-50-tabs-meditech\/\" \/>\n<meta property=\"og:site_name\" content=\"RoidsMania.com\" \/>\n<meta property=\"article:modified_time\" content=\"2020-10-27T21:39:45+00:00\" \/>\n<meta property=\"og:image\" content=\"https:\/\/roidsmania.com\/wp-content\/uploads\/2020\/09\/ligandrol.jpg\" \/>\n\t<meta property=\"og:image:width\" content=\"640\" \/>\n\t<meta property=\"og:image:height\" content=\"640\" \/>\n<meta name=\"twitter:card\" content=\"summary\" \/>\n<meta name=\"twitter:label1\" content=\"Dur\u00e9e de lecture est.\">\n\t<meta name=\"twitter:data1\" content=\"2 minutes\">\n<script type=\"application\/ld+json\" class=\"yoast-schema-graph\">{\"@context\":\"https:\/\/schema.org\",\"@graph\":[{\"@type\":\"WebSite\",\"@id\":\"https:\/\/roidsmania.com\/fr\/#website\",\"url\":\"https:\/\/roidsmania.com\/fr\/\",\"name\":\"RoidsMania.com\",\"description\":\"Online Anabolic Steroids shop\",\"potentialAction\":[{\"@type\":\"SearchAction\",\"target\":\"https:\/\/roidsmania.com\/fr\/?s={search_term_string}\",\"query-input\":\"required name=search_term_string\"}],\"inLanguage\":\"fr-FR\"},{\"@type\":\"ImageObject\",\"@id\":\"https:\/\/roidsmania.com\/fr\/produit\/ligandrol-lgd-4033-2mg-50-tabs-meditech\/#primaryimage\",\"inLanguage\":\"fr-FR\",\"url\":\"https:\/\/roidsmania.com\/wp-content\/uploads\/2020\/09\/ligandrol.png\",\"width\":1000,\"height\":914},{\"@type\":\"WebPage\",\"@id\":\"https:\/\/roidsmania.com\/fr\/produit\/ligandrol-lgd-4033-2mg-50-tabs-meditech\/#webpage\",\"url\":\"https:\/\/roidsmania.com\/fr\/produit\/ligandrol-lgd-4033-2mg-50-tabs-meditech\/\",\"name\":\"Ligandrol [LGD 4033 2mg] \\u2013 50 Tabs \\u2013 Meditech - RoidsMania.com\",\"isPartOf\":{\"@id\":\"https:\/\/roidsmania.com\/fr\/#website\"},\"primaryImageOfPage\":{\"@id\":\"https:\/\/roidsmania.com\/fr\/produit\/ligandrol-lgd-4033-2mg-50-tabs-meditech\/#primaryimage\"},\"datePublished\":\"2020-09-24T14:43:55+00:00\",\"dateModified\":\"2020-10-27T21:39:45+00:00\",\"description\":\"Roidsmania.com \\u00e0 s\\u00e9lectionn\\u00e9 pour vous l'Ligandrol [LGD 4033 2mg] \\u2013 50 Tabs \\u2013 Meditech. Livraison Rapide. Paiement Facile.\",\"breadcrumb\":{\"@id\":\"https:\/\/roidsmania.com\/fr\/produit\/ligandrol-lgd-4033-2mg-50-tabs-meditech\/#breadcrumb\"},\"inLanguage\":\"fr-FR\",\"potentialAction\":[{\"@type\":\"ReadAction\",\"target\":[\"https:\/\/roidsmania.com\/fr\/produit\/ligandrol-lgd-4033-2mg-50-tabs-meditech\/\"]}]},{\"@type\":\"BreadcrumbList\",\"@id\":\"https:\/\/roidsmania.com\/fr\/produit\/ligandrol-lgd-4033-2mg-50-tabs-meditech\/#breadcrumb\",\"itemListElement\":[{\"@type\":\"ListItem\",\"position\":1,\"item\":{\"@type\":\"WebPage\",\"@id\":\"https:\/\/roidsmania.com\/fr\/\",\"url\":\"https:\/\/roidsmania.com\/fr\/\",\"name\":\"Home\"}},{\"@type\":\"ListItem\",\"position\":2,\"item\":{\"@type\":\"WebPage\",\"@id\":\"https:\/\/roidsmania.com\/fr\/boutique\/\",\"url\":\"https:\/\/roidsmania.com\/fr\/boutique\/\",\"name\":\"BOUTIQUE\"}},{\"@type\":\"ListItem\",\"position\":3,\"item\":{\"@type\":\"WebPage\",\"@id\":\"https:\/\/roidsmania.com\/fr\/produit\/ligandrol-lgd-4033-2mg-50-tabs-meditech\/\",\"url\":\"https:\/\/roidsmania.com\/fr\/produit\/ligandrol-lgd-4033-2mg-50-tabs-meditech\/\",\"name\":\"Ligandrol [LGD 4033 2mg] \\u2013 50 Tabs \\u2013 Meditech\"}}]}]}<\/script>\n<!-- \/ Yoast SEO plugin. -->","_links":{"self":[{"href":"https:\/\/roidsmania.com\/fr\/wp-json\/wp\/v2\/product\/230041\/"}],"collection":[{"href":"https:\/\/roidsmania.com\/fr\/wp-json\/wp\/v2\/product\/"}],"about":[{"href":"https:\/\/roidsmania.com\/fr\/wp-json\/wp\/v2\/types\/product\/"}],"replies":[{"embeddable":true,"href":"https:\/\/roidsmania.com\/fr\/wp-json\/wp\/v2\/comments\/?post=230041"}],"wp:featuredmedia":[{"embeddable":true,"href":"https:\/\/roidsmania.com\/fr\/wp-json\/wp\/v2\/media\/235483\/"}],"wp:attachment":[{"href":"https:\/\/roidsmania.com\/fr\/wp-json\/wp\/v2\/media\/?parent=230041"}],"wp:term":[{"taxonomy":"berocket_brand","embeddable":true,"href":"https:\/\/roidsmania.com\/fr\/wp-json\/wp\/v2\/berocket_brand\/?post=230041"}],"curies":[{"name":"wp","href":"https:\/\/api.w.org\/{rel}","templated":true}]}}