{"id":21784,"date":"2018-03-15T02:53:41","date_gmt":"2018-03-14T19:53:41","guid":{"rendered":"https:\/\/roidsmania.com\/product\/bacteriostatic-water-usp-0-9-10-x-1-ml\/"},"modified":"2022-08-30T17:22:28","modified_gmt":"2022-08-30T10:22:28","slug":"bacteriostatic-water-usp-0-9-1-x-5-ml","status":"publish","type":"product","link":"https:\/\/roidsmania.com\/fr\/produit\/bacteriostatic-water-usp-0-9-1-x-5-ml\/","title":{"rendered":"Eau Bact\u00e9riostatique [USP 0.9%] &#8211; 1 ML"},"content":{"rendered":"<div align=\"justify\">\n<p>Ce produit est de l&#8217;eau bact\u00e9riostatique injectable USP, st\u00e9rile, \u00e0 dose unique et apyrog\u00e8ne.<\/p>\n<p>&#8211; l&#8217;ampoule contient 0,9% (9 mg \/ mL) de Chlorure de Sodium <strong>(ne contient pas d&#8217;alcool benzylique)<\/strong><br \/>\n&#8211; Dur\u00e9e de conservation: 18 mois<\/p>\n<p>L&#8217;eau bact\u00e9riostatique est un \u00e9l\u00e9ment essentiel dans la reconstitution de nombreux produits, y compris l&#8217;hormone de croissance humaine (HGH) et la gonadotrophine chorionique humaine (HCG).<\/p>\n<p>La reconstitution est \u00e9galement n\u00e9cessaire pour les peptides, le TB-500 (Thymosin Beta-4), les facteurs de croissance, et d&#8217;autres compos\u00e9s pharmaceutiques stock\u00e9s sous forme de poudre lyophilis\u00e9e.<\/p>\n<p>Chez roidsmania.to, nous fournissons uniquement de l&#8217;eau bact\u00e9riostatique United Pharmaceuticals Ltd. dont la date d&#8217;expiration est sup\u00e9rieure \u00e0 un an. L&#8217;eau bact\u00e9riostatique est une pr\u00e9paration con\u00e7ue uniquement pour une utilisation par voie parent\u00e9rale et ne doit \u00eatre utilis\u00e9e qu&#8217;apr\u00e8s l&#8217;ajout de produit n\u00e9cessitant une dilution ou qui doivent \u00eatre dissous dans une solution aqueuse avant l&#8217;injection.<\/p>\n<p>L&#8217;eau bact\u00e9riostatique est fournie dans une ampoule \u00e0 partir duquel des retraits r\u00e9p\u00e9t\u00e9s peuvent \u00eatre effectu\u00e9s pour diluer ou dissoudre les produits pour l&#8217;injection. Le pH est de 5,7 (4,5 \u00e0 7,0). L&#8217;eau pour l&#8217;injection, USP est chimiquement d\u00e9sign\u00e9 H2O.<\/p>\n<p>Le r\u00e9cipient du flacon, semi-rigide est fabriqu\u00e9 \u00e0 partir d&#8217;une polyol\u00e9fine sp\u00e9cialement produit a cet effet. C&#8217;est un copolym\u00e8re d&#8217;\u00e9thyl\u00e8ne et de propyl\u00e8ne.<\/p>\n<p>&nbsp;<\/p>\n<p><span style=\"font-size: 14pt;\"><strong>Eau st\u00e9rile vs eau bact\u00e9riostatique<\/strong><\/span><\/p>\n<p>D&#8217;autre part, l&#8217;eau st\u00e9rile injectable est une eau st\u00e9rile \u00e0 dose unique qui ne contient aucun agent bact\u00e9riostatique, antimicrobien ou autres.<\/p>\n<p>&nbsp;<\/p>\n<p><span style=\"font-size: 14pt;\"><strong>\u00c0 quoi sert l&#8217;eau bact\u00e9riostatique?<\/strong><\/span><\/p>\n<p>L&#8217;eau bact\u00e9riostatique est utilis\u00e9e pour diluer ou dissoudre des pr\u00e9parations pharmacologiques destin\u00e9es \u00e0 l&#8217;injection intramusculaire, sous-cutan\u00e9e ou intraveineuse. L&#8217;eau bact\u00e9riostatique pour injection est r\u00e9serv\u00e9e \u00e0 l&#8217;usage parent\u00e9ral et doit \u00eatre associ\u00e9e \u00e0 des produits pharmaceutiques qui doivent \u00eatre dilu\u00e9s ou dissous avant l&#8217;administration.<\/p>\n<\/div>\n","protected":false},"excerpt":{"rendered":"<div align=\"justify\"><strong>Laboratoire :<\/strong>\u00a0United Pharmaceuticals<br \/>\n<strong>Forme :<\/strong>\u00a0Injection<br \/>\n<strong>Mol\u00e9cule :<\/strong> Chlorure de Sodium \u00e0 0,9 %<br \/>\n<strong>(ne contient pas d&#8217;alcool benzylique)<\/strong><br \/>\n<strong>Concentration :<\/strong>\u00a01 ML\/vial<br \/>\n<strong>Volume :<\/strong>\u00a01 Vial \u00e0 usage unique<\/p>\n<p>L&#8217;eau bact\u00e9riostatique est un \u00e9l\u00e9ment essentiel dans la reconstitution de nombreux produits, y compris l&#8217;hormone de croissance humaine (HGH) et la gonadotrophine chorionique humaine (HCG).<\/p>\n<p>La reconstitution est \u00e9galement n\u00e9cessaire pour les peptides, le TB-500 (Thymosin Beta-4), les facteurs de croissance, et d&#8217;autres compos\u00e9s pharmaceutiques stock\u00e9s sous forme de poudre lyophilis\u00e9e.<\/p>\n<\/div>\n","protected":false},"featured_media":21781,"comment_status":"closed","ping_status":"closed","template":"","meta":[],"berocket_brand":[],"yoast_head":"<!-- This site is optimized with the Yoast SEO plugin v15.9.1 - https:\/\/yoast.com\/wordpress\/plugins\/seo\/ -->\n<title>Acheter de l&#039;eau bact\u00e9riostatique [USP 0.9%] - 1 ML | RoidsMania.com<\/title>\n<meta name=\"description\" content=\"Roidsmania.com a s\u00e9lectionn\u00e9 pour vous l&#039;eau Bact\u00e9riostatique [USP 0.9%] - 1 ML. Exp\u00e9dition Rapide. Paiement Facile.\" \/>\n<meta name=\"robots\" content=\"index, follow, max-snippet:-1, max-image-preview:large, max-video-preview:-1\" \/>\n<link rel=\"canonical\" href=\"https:\/\/roidsmania.com\/fr\/produit\/bacteriostatic-water-usp-0-9-1-x-5-ml\/\" \/>\n<meta property=\"og:locale\" content=\"fr_FR\" \/>\n<meta property=\"og:type\" content=\"article\" \/>\n<meta property=\"og:title\" content=\"Acheter de l&#039;eau bact\u00e9riostatique [USP 0.9%] - 1 ML | RoidsMania.com\" \/>\n<meta property=\"og:description\" content=\"Roidsmania.com a s\u00e9lectionn\u00e9 pour vous l&#039;eau Bact\u00e9riostatique [USP 0.9%] - 1 ML. Exp\u00e9dition Rapide. Paiement Facile.\" \/>\n<meta property=\"og:url\" content=\"https:\/\/roidsmania.com\/fr\/produit\/bacteriostatic-water-usp-0-9-1-x-5-ml\/\" \/>\n<meta property=\"og:site_name\" content=\"RoidsMania.com\" \/>\n<meta property=\"article:modified_time\" content=\"2022-08-30T10:22:28+00:00\" \/>\n<meta property=\"og:image\" content=\"https:\/\/roidsmania.com\/wp-content\/uploads\/2018\/03\/Bac-water.jpg\" \/>\n\t<meta property=\"og:image:width\" content=\"1200\" \/>\n\t<meta property=\"og:image:height\" content=\"1200\" \/>\n<meta name=\"twitter:card\" content=\"summary\" \/>\n<meta name=\"twitter:label1\" content=\"Dur\u00e9e de lecture est.\">\n\t<meta name=\"twitter:data1\" content=\"2 minutes\">\n<script type=\"application\/ld+json\" class=\"yoast-schema-graph\">{\"@context\":\"https:\/\/schema.org\",\"@graph\":[{\"@type\":\"WebSite\",\"@id\":\"https:\/\/roidsmania.com\/fr\/#website\",\"url\":\"https:\/\/roidsmania.com\/fr\/\",\"name\":\"RoidsMania.com\",\"description\":\"Online Anabolic Steroids shop\",\"potentialAction\":[{\"@type\":\"SearchAction\",\"target\":\"https:\/\/roidsmania.com\/fr\/?s={search_term_string}\",\"query-input\":\"required name=search_term_string\"}],\"inLanguage\":\"fr-FR\"},{\"@type\":\"ImageObject\",\"@id\":\"https:\/\/roidsmania.com\/fr\/produit\/bacteriostatic-water-usp-0-9-1-x-5-ml\/#primaryimage\",\"inLanguage\":\"fr-FR\",\"url\":\"https:\/\/roidsmania.com\/wp-content\/uploads\/2018\/03\/Bac-water.jpg\",\"width\":1200,\"height\":1200},{\"@type\":\"WebPage\",\"@id\":\"https:\/\/roidsmania.com\/fr\/produit\/bacteriostatic-water-usp-0-9-1-x-5-ml\/#webpage\",\"url\":\"https:\/\/roidsmania.com\/fr\/produit\/bacteriostatic-water-usp-0-9-1-x-5-ml\/\",\"name\":\"Acheter de l'eau bact\\u00e9riostatique [USP 0.9%] - 1 ML | RoidsMania.com\",\"isPartOf\":{\"@id\":\"https:\/\/roidsmania.com\/fr\/#website\"},\"primaryImageOfPage\":{\"@id\":\"https:\/\/roidsmania.com\/fr\/produit\/bacteriostatic-water-usp-0-9-1-x-5-ml\/#primaryimage\"},\"datePublished\":\"2018-03-14T19:53:41+00:00\",\"dateModified\":\"2022-08-30T10:22:28+00:00\",\"description\":\"Roidsmania.com a s\\u00e9lectionn\\u00e9 pour vous l'eau Bact\\u00e9riostatique [USP 0.9%] - 1 ML. Exp\\u00e9dition Rapide. Paiement Facile.\",\"breadcrumb\":{\"@id\":\"https:\/\/roidsmania.com\/fr\/produit\/bacteriostatic-water-usp-0-9-1-x-5-ml\/#breadcrumb\"},\"inLanguage\":\"fr-FR\",\"potentialAction\":[{\"@type\":\"ReadAction\",\"target\":[\"https:\/\/roidsmania.com\/fr\/produit\/bacteriostatic-water-usp-0-9-1-x-5-ml\/\"]}]},{\"@type\":\"BreadcrumbList\",\"@id\":\"https:\/\/roidsmania.com\/fr\/produit\/bacteriostatic-water-usp-0-9-1-x-5-ml\/#breadcrumb\",\"itemListElement\":[{\"@type\":\"ListItem\",\"position\":1,\"item\":{\"@type\":\"WebPage\",\"@id\":\"https:\/\/roidsmania.com\/fr\/\",\"url\":\"https:\/\/roidsmania.com\/fr\/\",\"name\":\"Home\"}},{\"@type\":\"ListItem\",\"position\":2,\"item\":{\"@type\":\"WebPage\",\"@id\":\"https:\/\/roidsmania.com\/fr\/boutique\/\",\"url\":\"https:\/\/roidsmania.com\/fr\/boutique\/\",\"name\":\"BOUTIQUE\"}},{\"@type\":\"ListItem\",\"position\":3,\"item\":{\"@type\":\"WebPage\",\"@id\":\"https:\/\/roidsmania.com\/fr\/produit\/bacteriostatic-water-usp-0-9-1-x-5-ml\/\",\"url\":\"https:\/\/roidsmania.com\/fr\/produit\/bacteriostatic-water-usp-0-9-1-x-5-ml\/\",\"name\":\"Eau Bact\\u00e9riostatique [USP 0.9%] &#8211; 1 ML\"}}]}]}<\/script>\n<!-- \/ Yoast SEO plugin. -->","_links":{"self":[{"href":"https:\/\/roidsmania.com\/fr\/wp-json\/wp\/v2\/product\/21784\/"}],"collection":[{"href":"https:\/\/roidsmania.com\/fr\/wp-json\/wp\/v2\/product\/"}],"about":[{"href":"https:\/\/roidsmania.com\/fr\/wp-json\/wp\/v2\/types\/product\/"}],"replies":[{"embeddable":true,"href":"https:\/\/roidsmania.com\/fr\/wp-json\/wp\/v2\/comments\/?post=21784"}],"wp:featuredmedia":[{"embeddable":true,"href":"https:\/\/roidsmania.com\/fr\/wp-json\/wp\/v2\/media\/21781\/"}],"wp:attachment":[{"href":"https:\/\/roidsmania.com\/fr\/wp-json\/wp\/v2\/media\/?parent=21784"}],"wp:term":[{"taxonomy":"berocket_brand","embeddable":true,"href":"https:\/\/roidsmania.com\/fr\/wp-json\/wp\/v2\/berocket_brand\/?post=21784"}],"curies":[{"name":"wp","href":"https:\/\/api.w.org\/{rel}","templated":true}]}}