{"id":21104,"date":"2018-03-07T15:20:32","date_gmt":"2018-03-07T08:20:32","guid":{"rendered":"https:\/\/roidsmania.com\/product\/vitagon-hcg-15000iu-3-vials-alpha-pharma\/"},"modified":"2021-06-04T00:04:24","modified_gmt":"2021-06-03T17:04:24","slug":"vitagon-hcg-15000iu-3-vials-alpha-pharma","status":"publish","type":"product","link":"https:\/\/roidsmania.com\/fr\/produit\/vitagon-hcg-15000iu-3-vials-alpha-pharma\/","title":{"rendered":"Vitagon [HCG 5000\/15000 IU] &#8211; 1\/3 vials &#8211; Alpha-Pharma"},"content":{"rendered":"<div align=\"justify\">\n<p>L&#8217;HCG (Hormone chorionique gonadotrope humaine) est conditionn\u00e9e sous forme de poudre de glycoprot\u00e9ine \u00e0 reconstituer avec de l&#8217;eau et a consommer par injection intramusculaire ou par voie sous-cutan\u00e9e. l&#8217;HGH agit dans le corps comme une Hormone Lut\u00e9inisante (LH), stimulant la production de testost\u00e9rone, et ce m\u00eame lorsque l&#8217;LH naturelle n&#8217;est pas pr\u00e9sente ou est d\u00e9ficiente. Il est souvent utile de maintenir la production de testost\u00e9rone ainsi que le bon fonctionnement des testicules pendant un cycle de st\u00e9ro\u00efdes. M\u00eame en dehors des cycles, il peut \u00eatre tr\u00e8s utile d&#8217;augmenter la production de testost\u00e9rone. Mais son succ\u00e8s d\u00e9pend de la capacit\u00e9 des testicules \u00e0 produire r\u00e9ellement de plus grandes quantit\u00e9s de testost\u00e9rone avec une stimulation accrue, il y a bien sur des facteurs limitants qui ne peuvent pas \u00eatre surmont\u00e9s avec de l&#8217;HCG.<\/p>\n<p>L&#8217;utilisation de l&#8217;HCG dans le cadre d&#8217;un programme de th\u00e9rapie de remplacement hormonal (THS) est tr\u00e8s souvent utilis\u00e9e, sp\u00e9cialement pour une production de sperme de qualit\u00e9 ainsi qu&#8217;un maintient de la taille normale des testicules.<\/p>\n<\/div>\n","protected":false},"excerpt":{"rendered":"<div align=\"justify\"><strong>Laboratoire :<\/strong> Alpha-Pharma<br \/>\n<strong>Forme :<\/strong> Injection<br \/>\n<strong>Mol\u00e9cule :<\/strong> Hormone chorionique gonadotrope humaine<br \/>\n<strong>Concentration :<\/strong> 5000IU\/ampoule<br \/>\n<strong>Volume :<\/strong>\u00a05000-15000 IU<br \/>\n<strong>Dosage recommand\u00e9 :<\/strong> 3000 &#8211; 5000 IU\/semaine<br \/>\n<strong>Remarque :<\/strong> eau Bact\u00e9riostatique\/st\u00e9rile non fournie<\/p>\n<p>Ce produit permet une r\u00e9cup\u00e9ration parfaite et compl\u00e8te de la production de testost\u00e9rone par les testicules apr\u00e8s un cycle de st\u00e9ro\u00efdes. Les hommes peuvent devenir st\u00e9riles apr\u00e8s une prise de st\u00e9ro\u00efdes., cela peut \u00eatre \u00e9vit\u00e9 s&#8217;ils se prot\u00e8gent correctement.<\/p>\n<\/div>\n","protected":false},"featured_media":21098,"comment_status":"closed","ping_status":"closed","template":"","meta":[],"berocket_brand":[148],"yoast_head":"<!-- This site is optimized with the Yoast SEO plugin v15.9.1 - https:\/\/yoast.com\/wordpress\/plugins\/seo\/ -->\n<title>Acheter du Vitagon [HCG 5000\/15000 IU] - 1\/3 vials - Alpha-Pharma<\/title>\n<meta name=\"description\" content=\"Roidsmania.com a s\u00e9lectionn\u00e9 pour vous le Vitagon [HCG 5000\/15000 IU] - 1\/3 vials - Alpha-Pharma. Exp\u00e9dition Rapide. Paiement Facile.\" \/>\n<meta name=\"robots\" content=\"index, follow, max-snippet:-1, max-image-preview:large, max-video-preview:-1\" \/>\n<link rel=\"canonical\" href=\"https:\/\/roidsmania.com\/fr\/produit\/vitagon-hcg-15000iu-3-vials-alpha-pharma\/\" \/>\n<meta property=\"og:locale\" content=\"fr_FR\" \/>\n<meta property=\"og:type\" content=\"article\" \/>\n<meta property=\"og:title\" content=\"Acheter du Vitagon [HCG 5000\/15000 IU] - 1\/3 vials - Alpha-Pharma\" \/>\n<meta property=\"og:description\" content=\"Roidsmania.com a s\u00e9lectionn\u00e9 pour vous le Vitagon [HCG 5000\/15000 IU] - 1\/3 vials - Alpha-Pharma. Exp\u00e9dition Rapide. Paiement Facile.\" \/>\n<meta property=\"og:url\" content=\"https:\/\/roidsmania.com\/fr\/produit\/vitagon-hcg-15000iu-3-vials-alpha-pharma\/\" \/>\n<meta property=\"og:site_name\" content=\"RoidsMania.com\" \/>\n<meta property=\"article:modified_time\" content=\"2021-06-03T17:04:24+00:00\" \/>\n<meta property=\"og:image\" content=\"https:\/\/roidsmania.com\/wp-content\/uploads\/2018\/03\/Vitagon.jpg\" \/>\n\t<meta property=\"og:image:width\" content=\"1000\" \/>\n\t<meta property=\"og:image:height\" content=\"1000\" \/>\n<meta name=\"twitter:card\" content=\"summary\" \/>\n<meta name=\"twitter:label1\" content=\"Dur\u00e9e de lecture est.\">\n\t<meta name=\"twitter:data1\" content=\"1 minute\">\n<script type=\"application\/ld+json\" class=\"yoast-schema-graph\">{\"@context\":\"https:\/\/schema.org\",\"@graph\":[{\"@type\":\"WebSite\",\"@id\":\"https:\/\/roidsmania.com\/fr\/#website\",\"url\":\"https:\/\/roidsmania.com\/fr\/\",\"name\":\"RoidsMania.com\",\"description\":\"Online Anabolic Steroids shop\",\"potentialAction\":[{\"@type\":\"SearchAction\",\"target\":\"https:\/\/roidsmania.com\/fr\/?s={search_term_string}\",\"query-input\":\"required name=search_term_string\"}],\"inLanguage\":\"fr-FR\"},{\"@type\":\"ImageObject\",\"@id\":\"https:\/\/roidsmania.com\/fr\/produit\/vitagon-hcg-15000iu-3-vials-alpha-pharma\/#primaryimage\",\"inLanguage\":\"fr-FR\",\"url\":\"https:\/\/roidsmania.com\/wp-content\/uploads\/2018\/03\/Vitagon.jpg\",\"width\":1000,\"height\":1000},{\"@type\":\"WebPage\",\"@id\":\"https:\/\/roidsmania.com\/fr\/produit\/vitagon-hcg-15000iu-3-vials-alpha-pharma\/#webpage\",\"url\":\"https:\/\/roidsmania.com\/fr\/produit\/vitagon-hcg-15000iu-3-vials-alpha-pharma\/\",\"name\":\"Acheter du Vitagon [HCG 5000\/15000 IU] - 1\/3 vials - Alpha-Pharma\",\"isPartOf\":{\"@id\":\"https:\/\/roidsmania.com\/fr\/#website\"},\"primaryImageOfPage\":{\"@id\":\"https:\/\/roidsmania.com\/fr\/produit\/vitagon-hcg-15000iu-3-vials-alpha-pharma\/#primaryimage\"},\"datePublished\":\"2018-03-07T08:20:32+00:00\",\"dateModified\":\"2021-06-03T17:04:24+00:00\",\"description\":\"Roidsmania.com a s\\u00e9lectionn\\u00e9 pour vous le Vitagon [HCG 5000\/15000 IU] - 1\/3 vials - Alpha-Pharma. Exp\\u00e9dition Rapide. Paiement Facile.\",\"breadcrumb\":{\"@id\":\"https:\/\/roidsmania.com\/fr\/produit\/vitagon-hcg-15000iu-3-vials-alpha-pharma\/#breadcrumb\"},\"inLanguage\":\"fr-FR\",\"potentialAction\":[{\"@type\":\"ReadAction\",\"target\":[\"https:\/\/roidsmania.com\/fr\/produit\/vitagon-hcg-15000iu-3-vials-alpha-pharma\/\"]}]},{\"@type\":\"BreadcrumbList\",\"@id\":\"https:\/\/roidsmania.com\/fr\/produit\/vitagon-hcg-15000iu-3-vials-alpha-pharma\/#breadcrumb\",\"itemListElement\":[{\"@type\":\"ListItem\",\"position\":1,\"item\":{\"@type\":\"WebPage\",\"@id\":\"https:\/\/roidsmania.com\/fr\/\",\"url\":\"https:\/\/roidsmania.com\/fr\/\",\"name\":\"Home\"}},{\"@type\":\"ListItem\",\"position\":2,\"item\":{\"@type\":\"WebPage\",\"@id\":\"https:\/\/roidsmania.com\/fr\/boutique\/\",\"url\":\"https:\/\/roidsmania.com\/fr\/boutique\/\",\"name\":\"BOUTIQUE\"}},{\"@type\":\"ListItem\",\"position\":3,\"item\":{\"@type\":\"WebPage\",\"@id\":\"https:\/\/roidsmania.com\/fr\/produit\/vitagon-hcg-15000iu-3-vials-alpha-pharma\/\",\"url\":\"https:\/\/roidsmania.com\/fr\/produit\/vitagon-hcg-15000iu-3-vials-alpha-pharma\/\",\"name\":\"Vitagon [HCG 5000\/15000 IU] &#8211; 1\/3 vials &#8211; Alpha-Pharma\"}}]}]}<\/script>\n<!-- \/ Yoast SEO plugin. -->","_links":{"self":[{"href":"https:\/\/roidsmania.com\/fr\/wp-json\/wp\/v2\/product\/21104\/"}],"collection":[{"href":"https:\/\/roidsmania.com\/fr\/wp-json\/wp\/v2\/product\/"}],"about":[{"href":"https:\/\/roidsmania.com\/fr\/wp-json\/wp\/v2\/types\/product\/"}],"replies":[{"embeddable":true,"href":"https:\/\/roidsmania.com\/fr\/wp-json\/wp\/v2\/comments\/?post=21104"}],"wp:featuredmedia":[{"embeddable":true,"href":"https:\/\/roidsmania.com\/fr\/wp-json\/wp\/v2\/media\/21098\/"}],"wp:attachment":[{"href":"https:\/\/roidsmania.com\/fr\/wp-json\/wp\/v2\/media\/?parent=21104"}],"wp:term":[{"taxonomy":"berocket_brand","embeddable":true,"href":"https:\/\/roidsmania.com\/fr\/wp-json\/wp\/v2\/berocket_brand\/?post=21104"}],"curies":[{"name":"wp","href":"https:\/\/api.w.org\/{rel}","templated":true}]}}