{"id":18203,"date":"2018-02-05T01:47:41","date_gmt":"2018-02-04T18:48:51","guid":{"rendered":"https:\/\/roidsmania.com\/?post_type=product&#038;p=18203"},"modified":"2020-10-28T05:02:40","modified_gmt":"2020-10-27T22:02:40","slug":"mix-tdt-extend-300-testo-e-100-drosta-e-100-tren-e-100-10ml-platinum","status":"publish","type":"product","link":"https:\/\/roidsmania.com\/fr\/produit\/mix-tdt-extend-300-testo-e-100-drosta-e-100-tren-e-100-10ml-platinum\/","title":{"rendered":"MIX TDT Extend 300 [Testo E 100 + Drosta E 100 + Tren E 100] \u2013 10ml \u2013 Platinum"},"content":{"rendered":"<div align=\"justify\">\n<p>Vous souhaitez vous injecter les bons produits sans vous demandez si vous avez fait les bons choix au point de vue du dosage ? Ce produit est fait pour vous !<\/p>\n<p><strong>La vial contient un mix de 3 mol\u00e9cules :<\/strong><\/p>\n<ul>\n<li>Testosterone Enanthate 100mg<\/li>\n<li>Drostanolone Enanthate 100mg<\/li>\n<li>Trenbolone Enanthate 100mg<\/li>\n<\/ul>\n<p>La Testost\u00e9rone Enanthate est tr\u00e8s appr\u00e9ci\u00e9e par ses utilisateurs en raison de ses avantages uniques tels que l&#8217;augmentation de la masse musculaire et de la force.<br \/>\nEn effet, elle augmente le m\u00e9tabolisme du corps.Ce produit offre aussi l&#8217;avantage d&#8217;acc\u00e9l\u00e9rer la r\u00e9cup\u00e9ration apr\u00e8s une s\u00e9ance d&#8217;entra\u00eenement intense.<\/p>\n<p>La Drostanolone Enanthate permet d&#8217;avoir une musculature solide avec peu de r\u00e9tention d&#8217;eau, mais sans prise de volume significative.<br \/>\nC&#8217;est pourquoi ce produit est utilis\u00e9 pendant les cycles de fonte de graisse et est souvent stack\u00e9 avec d&#8217;autres st\u00e9ro\u00efdes afin d&#8217;am\u00e9liorer cet effet. La Drostanolone Enanthate est donc tr\u00e8s efficace afin d&#8217;avoir des muscles marqu\u00e9s et saillants.<\/p>\n<p>La Tren-E est l\u2019un des st\u00e9ro\u00efdes les plus puissants en termes d\u2019effets anabolisants et androg\u00e9niques, ce qui signifie que vous pourrez obtenir un meilleur effet sur une p\u00e9riode plus courte par rapport \u00e0 d\u2019autres st\u00e9ro\u00efdes, tous les effets androg\u00e8nes tels que l\u2019augmentation de la force et de l\u2019endurance seront bien pr\u00e9sent. Le produit est m\u00eame consid\u00e9r\u00e9e comme \u00e9tant 5 fois plus puissant que la testost\u00e9rone elle-m\u00eame, alors imaginez ce qu\u2019elle ferait \u00e0 votre corps de l\u00e2che.<br \/>\nUn autre avantage est que votre graisse accumul\u00e9e br\u00fblera rapidement, en effet ce produit permet de convertir cette masse en \u00e9nergie de mani\u00e8re efficace, toute cette \u00e9nergie se convertira donc en masse musculaire maigre et non en graisse.<\/p>\n<\/div>\n","protected":false},"excerpt":{"rendered":"<div align=\"justify\"><strong>Laboratoire :<\/strong> Platinum<br \/>\n<strong>Forme :<\/strong> Injection<br \/>\n<strong>Mol\u00e9cule :<\/strong><\/div>\n<ul>\n<li>Testosterone Enanthate 100mg<\/li>\n<li>Drostanolone Enanthate 100mg<\/li>\n<li>Trenbolone Enanthate 100mg<\/li>\n<\/ul>\n<div align=\"justify\"><strong>Concentration :<\/strong> 300mg\/ml<br \/>\n<strong>Volume :<\/strong> 10 ml<br \/>\n<strong>Dosage Recommand\u00e9 :<\/strong> 300-900mg\/semaine<\/div>\n<div align=\"justify\"><\/div>\n<div align=\"justify\">Les laboratoires platinum on cr\u00e9\u00e9 le mix parfait entre ces 3 mol\u00e9cules d&#8217;enanthate dans une seule vial. Fini les injections compliqu\u00e9es \u00e0 trouver le meilleur dosage, la vial est pr\u00eate a \u00eatre inject\u00e9e avec le meilleur compromis en terme de dosage et de qualit\u00e9 de produit.<\/div>\n","protected":false},"featured_media":18194,"comment_status":"closed","ping_status":"closed","template":"","meta":[],"berocket_brand":[204],"yoast_head":"<!-- This site is optimized with the Yoast SEO plugin v15.9.1 - https:\/\/yoast.com\/wordpress\/plugins\/seo\/ -->\n<title>Acheter le MIX TDT Extend 300 [Testo E 100 + Drosta E 100 + Tren E 100] \u2013 10ml \u2013 Platinum<\/title>\n<meta name=\"description\" content=\"Roidsmania.com a s\u00e9lectionn\u00e9 pour vous de le MIX TDT Extend 300 [Testo E 100 + Drosta E 100 + Tren E 100] \u2013 10ml \u2013 Platinum. Exp\u00e9dition Rapide, Paiement Facile.\" \/>\n<meta name=\"robots\" content=\"index, follow, max-snippet:-1, max-image-preview:large, max-video-preview:-1\" \/>\n<link rel=\"canonical\" href=\"https:\/\/roidsmania.com\/fr\/produit\/mix-tdt-extend-300-testo-e-100-drosta-e-100-tren-e-100-10ml-platinum\/\" \/>\n<meta property=\"og:locale\" content=\"fr_FR\" \/>\n<meta property=\"og:type\" content=\"article\" \/>\n<meta property=\"og:title\" content=\"Acheter le MIX TDT Extend 300 [Testo E 100 + Drosta E 100 + Tren E 100] \u2013 10ml \u2013 Platinum\" \/>\n<meta property=\"og:description\" content=\"Roidsmania.com a s\u00e9lectionn\u00e9 pour vous de le MIX TDT Extend 300 [Testo E 100 + Drosta E 100 + Tren E 100] \u2013 10ml \u2013 Platinum. Exp\u00e9dition Rapide, Paiement Facile.\" \/>\n<meta property=\"og:url\" content=\"https:\/\/roidsmania.com\/fr\/produit\/mix-tdt-extend-300-testo-e-100-drosta-e-100-tren-e-100-10ml-platinum\/\" \/>\n<meta property=\"og:site_name\" content=\"RoidsMania.com\" \/>\n<meta property=\"article:modified_time\" content=\"2020-10-27T22:02:40+00:00\" \/>\n<meta property=\"og:image\" content=\"https:\/\/roidsmania.com\/wp-content\/uploads\/2018\/02\/TDT-Extend.png\" \/>\n\t<meta property=\"og:image:width\" content=\"379\" \/>\n\t<meta property=\"og:image:height\" content=\"538\" \/>\n<meta name=\"twitter:card\" content=\"summary\" \/>\n<meta name=\"twitter:label1\" content=\"Dur\u00e9e de lecture est.\">\n\t<meta name=\"twitter:data1\" content=\"2 minutes\">\n<script type=\"application\/ld+json\" class=\"yoast-schema-graph\">{\"@context\":\"https:\/\/schema.org\",\"@graph\":[{\"@type\":\"WebSite\",\"@id\":\"https:\/\/roidsmania.com\/fr\/#website\",\"url\":\"https:\/\/roidsmania.com\/fr\/\",\"name\":\"RoidsMania.com\",\"description\":\"Online Anabolic Steroids shop\",\"potentialAction\":[{\"@type\":\"SearchAction\",\"target\":\"https:\/\/roidsmania.com\/fr\/?s={search_term_string}\",\"query-input\":\"required name=search_term_string\"}],\"inLanguage\":\"fr-FR\"},{\"@type\":\"ImageObject\",\"@id\":\"https:\/\/roidsmania.com\/fr\/produit\/mix-tdt-extend-300-testo-e-100-drosta-e-100-tren-e-100-10ml-platinum\/#primaryimage\",\"inLanguage\":\"fr-FR\",\"url\":\"https:\/\/roidsmania.com\/wp-content\/uploads\/2018\/02\/TDT-Extend.png\",\"width\":379,\"height\":538},{\"@type\":\"WebPage\",\"@id\":\"https:\/\/roidsmania.com\/fr\/produit\/mix-tdt-extend-300-testo-e-100-drosta-e-100-tren-e-100-10ml-platinum\/#webpage\",\"url\":\"https:\/\/roidsmania.com\/fr\/produit\/mix-tdt-extend-300-testo-e-100-drosta-e-100-tren-e-100-10ml-platinum\/\",\"name\":\"Acheter le MIX TDT Extend 300 [Testo E 100 + Drosta E 100 + Tren E 100] \\u2013 10ml \\u2013 Platinum\",\"isPartOf\":{\"@id\":\"https:\/\/roidsmania.com\/fr\/#website\"},\"primaryImageOfPage\":{\"@id\":\"https:\/\/roidsmania.com\/fr\/produit\/mix-tdt-extend-300-testo-e-100-drosta-e-100-tren-e-100-10ml-platinum\/#primaryimage\"},\"datePublished\":\"2018-02-04T18:48:51+00:00\",\"dateModified\":\"2020-10-27T22:02:40+00:00\",\"description\":\"Roidsmania.com a s\\u00e9lectionn\\u00e9 pour vous de le MIX TDT Extend 300 [Testo E 100 + Drosta E 100 + Tren E 100] \\u2013 10ml \\u2013 Platinum. Exp\\u00e9dition Rapide, Paiement Facile.\",\"breadcrumb\":{\"@id\":\"https:\/\/roidsmania.com\/fr\/produit\/mix-tdt-extend-300-testo-e-100-drosta-e-100-tren-e-100-10ml-platinum\/#breadcrumb\"},\"inLanguage\":\"fr-FR\",\"potentialAction\":[{\"@type\":\"ReadAction\",\"target\":[\"https:\/\/roidsmania.com\/fr\/produit\/mix-tdt-extend-300-testo-e-100-drosta-e-100-tren-e-100-10ml-platinum\/\"]}]},{\"@type\":\"BreadcrumbList\",\"@id\":\"https:\/\/roidsmania.com\/fr\/produit\/mix-tdt-extend-300-testo-e-100-drosta-e-100-tren-e-100-10ml-platinum\/#breadcrumb\",\"itemListElement\":[{\"@type\":\"ListItem\",\"position\":1,\"item\":{\"@type\":\"WebPage\",\"@id\":\"https:\/\/roidsmania.com\/fr\/\",\"url\":\"https:\/\/roidsmania.com\/fr\/\",\"name\":\"Home\"}},{\"@type\":\"ListItem\",\"position\":2,\"item\":{\"@type\":\"WebPage\",\"@id\":\"https:\/\/roidsmania.com\/fr\/boutique\/\",\"url\":\"https:\/\/roidsmania.com\/fr\/boutique\/\",\"name\":\"BOUTIQUE\"}},{\"@type\":\"ListItem\",\"position\":3,\"item\":{\"@type\":\"WebPage\",\"@id\":\"https:\/\/roidsmania.com\/fr\/produit\/mix-tdt-extend-300-testo-e-100-drosta-e-100-tren-e-100-10ml-platinum\/\",\"url\":\"https:\/\/roidsmania.com\/fr\/produit\/mix-tdt-extend-300-testo-e-100-drosta-e-100-tren-e-100-10ml-platinum\/\",\"name\":\"MIX TDT Extend 300 [Testo E 100 + Drosta E 100 + Tren E 100] \\u2013 10ml \\u2013 Platinum\"}}]}]}<\/script>\n<!-- \/ Yoast SEO plugin. -->","_links":{"self":[{"href":"https:\/\/roidsmania.com\/fr\/wp-json\/wp\/v2\/product\/18203\/"}],"collection":[{"href":"https:\/\/roidsmania.com\/fr\/wp-json\/wp\/v2\/product\/"}],"about":[{"href":"https:\/\/roidsmania.com\/fr\/wp-json\/wp\/v2\/types\/product\/"}],"replies":[{"embeddable":true,"href":"https:\/\/roidsmania.com\/fr\/wp-json\/wp\/v2\/comments\/?post=18203"}],"wp:featuredmedia":[{"embeddable":true,"href":"https:\/\/roidsmania.com\/fr\/wp-json\/wp\/v2\/media\/18194\/"}],"wp:attachment":[{"href":"https:\/\/roidsmania.com\/fr\/wp-json\/wp\/v2\/media\/?parent=18203"}],"wp:term":[{"taxonomy":"berocket_brand","embeddable":true,"href":"https:\/\/roidsmania.com\/fr\/wp-json\/wp\/v2\/berocket_brand\/?post=18203"}],"curies":[{"name":"wp","href":"https:\/\/api.w.org\/{rel}","templated":true}]}}