{"id":18187,"date":"2018-02-04T23:34:15","date_gmt":"2018-02-04T16:34:15","guid":{"rendered":"https:\/\/roidsmania.com\/product\/mix-tdt-rapid-300-testo-pro-100-drosta-propio-100-tren-ace-100-10ml-platinum\/"},"modified":"2020-10-28T05:02:47","modified_gmt":"2020-10-27T22:02:47","slug":"mix-tdt-rapid-300-testo-pro-100-drosta-propio-100-tren-ace-100-10ml-platinum","status":"publish","type":"product","link":"https:\/\/roidsmania.com\/fr\/produit\/mix-tdt-rapid-300-testo-pro-100-drosta-propio-100-tren-ace-100-10ml-platinum\/","title":{"rendered":"MIX TDT Rapid 300 : [Testo Pro 100 + Drosta Propio 100 + Tren Ace 100] &#8211; 10ml &#8211; Platinum"},"content":{"rendered":"<div align=\"justify\">\n<p>Vous souhaitez vous injecter les bons produits sans vous demandez si vous avez fait les bons choix au point de vue du dosage ? Ce produit est fait pour vous !<\/p>\n<p><strong>La vial contient un mix de 3 mol\u00e9cules :\u00a0<\/strong><\/p>\n<ul>\n<li>Testosterone Propionate 100mg<\/li>\n<li>Drostanolone Propionate 100mg<\/li>\n<li>Trenbolone Acetate 100mg<\/li>\n<\/ul>\n<p>La Testosterone Propionate a une demi vie assez courte : 1 ou 2 jours. Elle fournit des gains significatifs en terme de prise de masse et de force, mais avec l&#8217;avantage d&#8217;une r\u00e9tention d&#8217;eau minimale, ce qui assure des muscles plus denses et de meilleure qualit\u00e9.<\/p>\n<p>La Drostanolone Propionate se fait dans le cadre de cures visant a renforcer les muscles et a augmenter la force tout en gardant la masse graisseuse \u00e9gale, voir m\u00eame en la r\u00e9duisant l\u00e9g\u00e8rement, ce qui peut aider \u00e0 pr\u00e9venir la perte de muscle pendant une s\u00e8che.Ce produit reste largement utilis\u00e9 dans les pr\u00e9parations de concours pour plusieurs raisons. L\u2019une des principales raisons est due au fait qu\u2019il emp\u00eache la r\u00e9tention d\u2019eau et permet donc d\u2019avoir des muscles plus marqu\u00e9s.<\/p>\n<p>La trenbolone ac\u00e9tate aide particuli\u00e8rement \u00e0 augmenter la masse musculaire.\u00a0Lorsqu&#8217;elle est coupl\u00e9e \u00e0 la testost\u00e9rone, son efficacit\u00e9 se d\u00e9cuple. Non seulement elle fournit de la croissance musculaire et de la force, mais ce st\u00e9ro\u00efde n&#8217;aromatise pas, ce qui signifie que tout gain de poids d\u00fb \u00e0 la Trenbolone Ac\u00e9tate est une masse musculaire pure.<\/p>\n<\/div>\n","protected":false},"excerpt":{"rendered":"<div align=\"justify\"><strong>Laboratoire :<\/strong> Platinum<br \/>\n<strong>Forme :<\/strong> Injection<br \/>\n<strong>Mol\u00e9cule :<\/strong><\/p>\n<ul>\n<li>Testosterone Propionate 100mg<\/li>\n<li>Drostanolone Propionate 100mg<\/li>\n<li>Trenbolone Acetate 100mg<\/li>\n<\/ul>\n<p><strong>Concentration :<\/strong> 300mg\/ml<br \/>\n<strong>Volume :<\/strong> 10 ml<br \/>\n<strong>Dosage Recommand\u00e9 :<\/strong> 300-900mg\/week<\/div>\n<div align=\"justify\">\n<p>&nbsp;<\/p>\n<p>Les laboratoires platinum on cr\u00e9\u00e9 le mix parfait entre 3 mol\u00e9cules dans une seule vial. Fini les injections compliqu\u00e9es \u00e0 trouver le meilleur dosage, la vial est pr\u00eate a \u00eatre inject\u00e9e avec le meilleur compromis en terme de dosage et de qualit\u00e9 de produit.<\/p>\n<\/div>\n","protected":false},"featured_media":18185,"comment_status":"closed","ping_status":"closed","template":"","meta":[],"berocket_brand":[204],"yoast_head":"<!-- This site is optimized with the Yoast SEO plugin v15.9.1 - https:\/\/yoast.com\/wordpress\/plugins\/seo\/ -->\n<title>Acheter le MIX TDT Rapid 300 : [Testo Pro 100 + Drosta Propio 100 + Tren Ace 100] - 10ml - Platinum<\/title>\n<meta name=\"description\" content=\"Roidsmania.com a s\u00e9lectionn\u00e9 pour vous le MIX TDT Rapid 300 : [Testo Pro 100 + Drosta Propio 100 + Tren Ace 100] - 10ml - Platinum. Exp\u00e9dition Rapide. Paiement Facile.\" \/>\n<meta name=\"robots\" content=\"index, follow, max-snippet:-1, max-image-preview:large, max-video-preview:-1\" \/>\n<link rel=\"canonical\" href=\"https:\/\/roidsmania.com\/fr\/produit\/mix-tdt-rapid-300-testo-pro-100-drosta-propio-100-tren-ace-100-10ml-platinum\/\" \/>\n<meta property=\"og:locale\" content=\"fr_FR\" \/>\n<meta property=\"og:type\" content=\"article\" \/>\n<meta property=\"og:title\" content=\"Acheter le MIX TDT Rapid 300 : [Testo Pro 100 + Drosta Propio 100 + Tren Ace 100] - 10ml - Platinum\" \/>\n<meta property=\"og:description\" content=\"Roidsmania.com a s\u00e9lectionn\u00e9 pour vous le MIX TDT Rapid 300 : [Testo Pro 100 + Drosta Propio 100 + Tren Ace 100] - 10ml - Platinum. Exp\u00e9dition Rapide. Paiement Facile.\" \/>\n<meta property=\"og:url\" content=\"https:\/\/roidsmania.com\/fr\/produit\/mix-tdt-rapid-300-testo-pro-100-drosta-propio-100-tren-ace-100-10ml-platinum\/\" \/>\n<meta property=\"og:site_name\" content=\"RoidsMania.com\" \/>\n<meta property=\"article:modified_time\" content=\"2020-10-27T22:02:47+00:00\" \/>\n<meta property=\"og:image\" content=\"https:\/\/roidsmania.com\/wp-content\/uploads\/2018\/02\/TDT-Rapid.png\" \/>\n\t<meta property=\"og:image:width\" content=\"379\" \/>\n\t<meta property=\"og:image:height\" content=\"538\" \/>\n<meta name=\"twitter:card\" content=\"summary\" \/>\n<meta name=\"twitter:label1\" content=\"Dur\u00e9e de lecture est.\">\n\t<meta name=\"twitter:data1\" content=\"1 minute\">\n<script type=\"application\/ld+json\" class=\"yoast-schema-graph\">{\"@context\":\"https:\/\/schema.org\",\"@graph\":[{\"@type\":\"WebSite\",\"@id\":\"https:\/\/roidsmania.com\/fr\/#website\",\"url\":\"https:\/\/roidsmania.com\/fr\/\",\"name\":\"RoidsMania.com\",\"description\":\"Online Anabolic Steroids shop\",\"potentialAction\":[{\"@type\":\"SearchAction\",\"target\":\"https:\/\/roidsmania.com\/fr\/?s={search_term_string}\",\"query-input\":\"required name=search_term_string\"}],\"inLanguage\":\"fr-FR\"},{\"@type\":\"ImageObject\",\"@id\":\"https:\/\/roidsmania.com\/fr\/produit\/mix-tdt-rapid-300-testo-pro-100-drosta-propio-100-tren-ace-100-10ml-platinum\/#primaryimage\",\"inLanguage\":\"fr-FR\",\"url\":\"https:\/\/roidsmania.com\/wp-content\/uploads\/2018\/02\/TDT-Rapid.png\",\"width\":379,\"height\":538},{\"@type\":\"WebPage\",\"@id\":\"https:\/\/roidsmania.com\/fr\/produit\/mix-tdt-rapid-300-testo-pro-100-drosta-propio-100-tren-ace-100-10ml-platinum\/#webpage\",\"url\":\"https:\/\/roidsmania.com\/fr\/produit\/mix-tdt-rapid-300-testo-pro-100-drosta-propio-100-tren-ace-100-10ml-platinum\/\",\"name\":\"Acheter le MIX TDT Rapid 300 : [Testo Pro 100 + Drosta Propio 100 + Tren Ace 100] - 10ml - Platinum\",\"isPartOf\":{\"@id\":\"https:\/\/roidsmania.com\/fr\/#website\"},\"primaryImageOfPage\":{\"@id\":\"https:\/\/roidsmania.com\/fr\/produit\/mix-tdt-rapid-300-testo-pro-100-drosta-propio-100-tren-ace-100-10ml-platinum\/#primaryimage\"},\"datePublished\":\"2018-02-04T16:34:15+00:00\",\"dateModified\":\"2020-10-27T22:02:47+00:00\",\"description\":\"Roidsmania.com a s\\u00e9lectionn\\u00e9 pour vous le MIX TDT Rapid 300 : [Testo Pro 100 + Drosta Propio 100 + Tren Ace 100] - 10ml - Platinum. Exp\\u00e9dition Rapide. Paiement Facile.\",\"breadcrumb\":{\"@id\":\"https:\/\/roidsmania.com\/fr\/produit\/mix-tdt-rapid-300-testo-pro-100-drosta-propio-100-tren-ace-100-10ml-platinum\/#breadcrumb\"},\"inLanguage\":\"fr-FR\",\"potentialAction\":[{\"@type\":\"ReadAction\",\"target\":[\"https:\/\/roidsmania.com\/fr\/produit\/mix-tdt-rapid-300-testo-pro-100-drosta-propio-100-tren-ace-100-10ml-platinum\/\"]}]},{\"@type\":\"BreadcrumbList\",\"@id\":\"https:\/\/roidsmania.com\/fr\/produit\/mix-tdt-rapid-300-testo-pro-100-drosta-propio-100-tren-ace-100-10ml-platinum\/#breadcrumb\",\"itemListElement\":[{\"@type\":\"ListItem\",\"position\":1,\"item\":{\"@type\":\"WebPage\",\"@id\":\"https:\/\/roidsmania.com\/fr\/\",\"url\":\"https:\/\/roidsmania.com\/fr\/\",\"name\":\"Home\"}},{\"@type\":\"ListItem\",\"position\":2,\"item\":{\"@type\":\"WebPage\",\"@id\":\"https:\/\/roidsmania.com\/fr\/boutique\/\",\"url\":\"https:\/\/roidsmania.com\/fr\/boutique\/\",\"name\":\"BOUTIQUE\"}},{\"@type\":\"ListItem\",\"position\":3,\"item\":{\"@type\":\"WebPage\",\"@id\":\"https:\/\/roidsmania.com\/fr\/produit\/mix-tdt-rapid-300-testo-pro-100-drosta-propio-100-tren-ace-100-10ml-platinum\/\",\"url\":\"https:\/\/roidsmania.com\/fr\/produit\/mix-tdt-rapid-300-testo-pro-100-drosta-propio-100-tren-ace-100-10ml-platinum\/\",\"name\":\"MIX TDT Rapid 300 : [Testo Pro 100 + Drosta Propio 100 + Tren Ace 100] &#8211; 10ml &#8211; Platinum\"}}]}]}<\/script>\n<!-- \/ Yoast SEO plugin. -->","_links":{"self":[{"href":"https:\/\/roidsmania.com\/fr\/wp-json\/wp\/v2\/product\/18187\/"}],"collection":[{"href":"https:\/\/roidsmania.com\/fr\/wp-json\/wp\/v2\/product\/"}],"about":[{"href":"https:\/\/roidsmania.com\/fr\/wp-json\/wp\/v2\/types\/product\/"}],"replies":[{"embeddable":true,"href":"https:\/\/roidsmania.com\/fr\/wp-json\/wp\/v2\/comments\/?post=18187"}],"wp:featuredmedia":[{"embeddable":true,"href":"https:\/\/roidsmania.com\/fr\/wp-json\/wp\/v2\/media\/18185\/"}],"wp:attachment":[{"href":"https:\/\/roidsmania.com\/fr\/wp-json\/wp\/v2\/media\/?parent=18187"}],"wp:term":[{"taxonomy":"berocket_brand","embeddable":true,"href":"https:\/\/roidsmania.com\/fr\/wp-json\/wp\/v2\/berocket_brand\/?post=18187"}],"curies":[{"name":"wp","href":"https:\/\/api.w.org\/{rel}","templated":true}]}}