{"id":18043,"date":"2018-02-02T05:10:48","date_gmt":"2018-02-01T22:10:48","guid":{"rendered":"https:\/\/roidsmania.com\/product\/te-300-testosterone-enanthate-2500mg-10ml-global-anabolic\/"},"modified":"2020-10-28T05:03:25","modified_gmt":"2020-10-27T22:03:25","slug":"te-300-testosterone-enanthate-3000mg-10ml-global-anabolic","status":"publish","type":"product","link":"https:\/\/roidsmania.com\/fr\/produit\/te-300-testosterone-enanthate-3000mg-10ml-global-anabolic\/","title":{"rendered":"TE-300 [Testosterone Enanthate 3000mg] &#8211; 10ml &#8211; Global Anabolic"},"content":{"rendered":"<div align=\"justify\">\n<p>Bien qu&#8217;il s&#8217;agisse d&#8217;un st\u00e9ro\u00efde androg\u00e8ne anabolisant, il joue un r\u00f4le crucial dans le d\u00e9veloppement du m\u00e9tabolisme d&#8217;une mani\u00e8re g\u00e9n\u00e9rale. De plus, la testost\u00e9rone \u00e9nanthate fonctionne de la m\u00eame fa\u00e7on que l&#8217;insuline en augmentant les facteurs de croissances de mani\u00e8re exponentiel, qui est une hormone peptidique produite naturellement par votre corps avec de fortes propri\u00e9t\u00e9s anabolisantes.<\/p>\n<p>La demi-vie de la testost\u00e9rone \u00e9nanthate est d&#8217;environ 10 jours, c&#8217;est l&#8217;une des plus longues demi-vies pour ce type de produit. La testost\u00e9rone \u00e9nanthate est tr\u00e8s appr\u00e9ci\u00e9e par ses utilisateurs en raison de ses avantages uniques tels que l&#8217;augmentation de la masse musculaire et de la force.<\/p>\n<p>En effet, elle augmente le m\u00e9tabolisme du corps.<br \/>\nCe produit offre aussi l&#8217;avantage d&#8217;acc\u00e9l\u00e9rer la r\u00e9cup\u00e9ration apr\u00e8s une s\u00e9ance d&#8217;entra\u00eenement intense.<\/p>\n<p>Les effets secondaires de la testost\u00e9rone \u00e9nanthate est l&#8217;aromatisation.<br \/>\nEn effet, au cours d&#8217;une cure avec ce produit, la testost\u00e9rone se transformera en \u0153strog\u00e8ne, ce qu&#8217;on appelle le processus d&#8217;aromatisation. Ce processus est aussi responsable des effets secondaires tels que la r\u00e9tention d&#8217;eau ainsi que des troubles li\u00e9s au cholest\u00e9rol.<\/p>\n<\/div>\n","protected":false},"excerpt":{"rendered":"<div align=\"justify\"><strong>Laboratoire :<\/strong> Global Anabolic<br \/>\n<strong>Forme :<\/strong> Injection<br \/>\n<strong>Mol\u00e9cule :<\/strong> Testosterone Enanthate<br \/>\n<strong>Concentration :<\/strong>\u00a0300mg\/ml<br \/>\n<strong>Volume :<\/strong> 10 ml<br \/>\n<strong>Dosage Recommand\u00e9 :<\/strong>\u00a0300-1200mg\/semaine<\/div>\n<div align=\"justify\">\n<p>&nbsp;<\/p>\n<p>La Testosterone enanthate est un st\u00e9ro\u00efde anabolisant injectable d\u00e9velopp\u00e9 par Global Anabolic dans une bouteille standard de 3000 mg visant \u00e0 am\u00e9liorer la performance des athl\u00e8tes et des bodybuilders en raison de son \u00e9l\u00e9ment actif : La Testosterone enanthate. En plus d&#8217;augmenter la force et la masse musculaire, ce st\u00e9ro\u00efde anabolisant injectable augmentera consid\u00e9rablement votre libido. De cette fa\u00e7on, l&#8217;utilisation de la Testosterone enanthate am\u00e9liore l&#8217;endurance et r\u00e9duit la douleur lors d&#8217;effort gr\u00e2ce \u00e0 la r\u00e9tention accrue des globules rouges dans le sang et de l&#8217;eau dans le corps.<\/p>\n<\/div>\n","protected":false},"featured_media":18042,"comment_status":"closed","ping_status":"closed","template":"","meta":[],"berocket_brand":[176],"yoast_head":"<!-- This site is optimized with the Yoast SEO plugin v15.9.1 - https:\/\/yoast.com\/wordpress\/plugins\/seo\/ -->\n<title>Acheter du TE-300 [Testosterone Enanthate 3000mg] - 10ml - Global Anabolic<\/title>\n<meta name=\"description\" content=\"Roidsmania.com a s\u00e9lectionn\u00e9 pour vous de la TE-300 [Testosterone Enanthate 3000mg] - 10ml - Global Anabolic. Exp\u00e9dition Rapide, Paiement Facile.\" \/>\n<meta name=\"robots\" content=\"index, follow, max-snippet:-1, max-image-preview:large, max-video-preview:-1\" \/>\n<link rel=\"canonical\" href=\"https:\/\/roidsmania.com\/fr\/produit\/te-300-testosterone-enanthate-3000mg-10ml-global-anabolic\/\" \/>\n<meta property=\"og:locale\" content=\"fr_FR\" \/>\n<meta property=\"og:type\" content=\"article\" \/>\n<meta property=\"og:title\" content=\"Acheter du TE-300 [Testosterone Enanthate 3000mg] - 10ml - Global Anabolic\" \/>\n<meta property=\"og:description\" content=\"Roidsmania.com a s\u00e9lectionn\u00e9 pour vous de la TE-300 [Testosterone Enanthate 3000mg] - 10ml - Global Anabolic. Exp\u00e9dition Rapide, Paiement Facile.\" \/>\n<meta property=\"og:url\" content=\"https:\/\/roidsmania.com\/produit\/te-300-testosterone-enanthate-3000mg-10ml-global-anabolic\/\" \/>\n<meta property=\"og:site_name\" content=\"RoidsMania.com\" \/>\n<meta property=\"article:modified_time\" content=\"2020-10-27T22:03:25+00:00\" \/>\n<meta property=\"og:image\" content=\"https:\/\/roidsmania.com\/wp-content\/uploads\/2018\/02\/te-300.jpg\" \/>\n\t<meta property=\"og:image:width\" content=\"748\" \/>\n\t<meta property=\"og:image:height\" content=\"748\" \/>\n<meta name=\"twitter:card\" content=\"summary\" \/>\n<meta name=\"twitter:label1\" content=\"Dur\u00e9e de lecture est.\">\n\t<meta name=\"twitter:data1\" content=\"1 minute\">\n<script type=\"application\/ld+json\" class=\"yoast-schema-graph\">{\"@context\":\"https:\/\/schema.org\",\"@graph\":[{\"@type\":\"WebSite\",\"@id\":\"https:\/\/roidsmania.com\/fr\/#website\",\"url\":\"https:\/\/roidsmania.com\/fr\/\",\"name\":\"RoidsMania.com\",\"description\":\"Online Anabolic Steroids shop\",\"potentialAction\":[{\"@type\":\"SearchAction\",\"target\":\"https:\/\/roidsmania.com\/fr\/?s={search_term_string}\",\"query-input\":\"required name=search_term_string\"}],\"inLanguage\":\"fr-FR\"},{\"@type\":\"ImageObject\",\"@id\":\"https:\/\/roidsmania.com\/produit\/te-300-testosterone-enanthate-3000mg-10ml-global-anabolic\/#primaryimage\",\"inLanguage\":\"fr-FR\",\"url\":\"https:\/\/roidsmania.com\/wp-content\/uploads\/2018\/02\/te-300.jpg\",\"width\":748,\"height\":748},{\"@type\":\"WebPage\",\"@id\":\"https:\/\/roidsmania.com\/produit\/te-300-testosterone-enanthate-3000mg-10ml-global-anabolic\/#webpage\",\"url\":\"https:\/\/roidsmania.com\/produit\/te-300-testosterone-enanthate-3000mg-10ml-global-anabolic\/\",\"name\":\"Acheter du TE-300 [Testosterone Enanthate 3000mg] - 10ml - Global Anabolic\",\"isPartOf\":{\"@id\":\"https:\/\/roidsmania.com\/fr\/#website\"},\"primaryImageOfPage\":{\"@id\":\"https:\/\/roidsmania.com\/produit\/te-300-testosterone-enanthate-3000mg-10ml-global-anabolic\/#primaryimage\"},\"datePublished\":\"2018-02-01T22:10:48+00:00\",\"dateModified\":\"2020-10-27T22:03:25+00:00\",\"description\":\"Roidsmania.com a s\\u00e9lectionn\\u00e9 pour vous de la TE-300 [Testosterone Enanthate 3000mg] - 10ml - Global Anabolic. Exp\\u00e9dition Rapide, Paiement Facile.\",\"breadcrumb\":{\"@id\":\"https:\/\/roidsmania.com\/produit\/te-300-testosterone-enanthate-3000mg-10ml-global-anabolic\/#breadcrumb\"},\"inLanguage\":\"fr-FR\",\"potentialAction\":[{\"@type\":\"ReadAction\",\"target\":[\"https:\/\/roidsmania.com\/produit\/te-300-testosterone-enanthate-3000mg-10ml-global-anabolic\/\"]}]},{\"@type\":\"BreadcrumbList\",\"@id\":\"https:\/\/roidsmania.com\/produit\/te-300-testosterone-enanthate-3000mg-10ml-global-anabolic\/#breadcrumb\",\"itemListElement\":[{\"@type\":\"ListItem\",\"position\":1,\"item\":{\"@type\":\"WebPage\",\"@id\":\"https:\/\/roidsmania.com\/fr\/\",\"url\":\"https:\/\/roidsmania.com\/fr\/\",\"name\":\"Home\"}},{\"@type\":\"ListItem\",\"position\":2,\"item\":{\"@type\":\"WebPage\",\"@id\":\"https:\/\/roidsmania.com\/fr\/boutique\/\",\"url\":\"https:\/\/roidsmania.com\/fr\/boutique\/\",\"name\":\"BOUTIQUE\"}},{\"@type\":\"ListItem\",\"position\":3,\"item\":{\"@type\":\"WebPage\",\"@id\":\"https:\/\/roidsmania.com\/produit\/te-300-testosterone-enanthate-3000mg-10ml-global-anabolic\/\",\"url\":\"https:\/\/roidsmania.com\/produit\/te-300-testosterone-enanthate-3000mg-10ml-global-anabolic\/\",\"name\":\"TE-300 [Testosterone Enanthate 3000mg] &#8211; 10ml &#8211; Global Anabolic\"}}]}]}<\/script>\n<!-- \/ Yoast SEO plugin. -->","_links":{"self":[{"href":"https:\/\/roidsmania.com\/fr\/wp-json\/wp\/v2\/product\/18043\/"}],"collection":[{"href":"https:\/\/roidsmania.com\/fr\/wp-json\/wp\/v2\/product\/"}],"about":[{"href":"https:\/\/roidsmania.com\/fr\/wp-json\/wp\/v2\/types\/product\/"}],"replies":[{"embeddable":true,"href":"https:\/\/roidsmania.com\/fr\/wp-json\/wp\/v2\/comments\/?post=18043"}],"wp:featuredmedia":[{"embeddable":true,"href":"https:\/\/roidsmania.com\/fr\/wp-json\/wp\/v2\/media\/18042\/"}],"wp:attachment":[{"href":"https:\/\/roidsmania.com\/fr\/wp-json\/wp\/v2\/media\/?parent=18043"}],"wp:term":[{"taxonomy":"berocket_brand","embeddable":true,"href":"https:\/\/roidsmania.com\/fr\/wp-json\/wp\/v2\/berocket_brand\/?post=18043"}],"curies":[{"name":"wp","href":"https:\/\/api.w.org\/{rel}","templated":true}]}}