{"id":17355,"date":"2018-01-29T01:12:38","date_gmt":"2018-01-28T18:12:38","guid":{"rendered":"https:\/\/roidsmania.com\/product\/testo-mix-400-bd-testosterone-blend-4000mg-10-ml-black-dragon\/"},"modified":"2020-10-28T05:03:46","modified_gmt":"2020-10-27T22:03:46","slug":"testo-mix-400-bd-testosterone-blend-4000mg-10-ml-black-dragon","status":"publish","type":"product","link":"https:\/\/roidsmania.com\/fr\/produit\/testo-mix-400-bd-testosterone-blend-4000mg-10-ml-black-dragon\/","title":{"rendered":"Testo Mix 400 BD [Testosterone Blend 4000mg] &#8211; 10 ml &#8211; Black Dragon"},"content":{"rendered":"<div align=\"justify\">\n<p><strong>La Testo Mix 400 contient par ml:<\/strong><\/p>\n<p>&#8211; 100 mg de Testosterone Phenylpropionate<br \/>\n&#8211; 100 mg de Testosterone Cypionate<br \/>\n&#8211; 100 mg de Testosterone Decanoate<br \/>\n&#8211; 100 mg de Testosterone Isocaproate<\/p>\n<p>Un m\u00e9lange parfait de quatre esters de testost\u00e9rone. Les quatre esters offrent quatre dur\u00e9e de vie plus ou moins longues. Ce proc\u00e9d\u00e9 permet une lib\u00e9ration prolong\u00e9e (mais non lin\u00e9aire) de la testost\u00e9rone dans le plasma sanguin. L&#8217;objectif des esters mixtes de la Testo Mix 400 est de fournir des niveaux de testost\u00e9rone plus stables, c&#8217;est donc dans ce but que les testost\u00e9rones \u00e0 longue dur\u00e9e de vie, telles que la testost\u00e9rone cypionate ou la testost\u00e9rone d\u00e9canoate sont pr\u00e9sent dans ce produit. La Testo Mix 400 est le produit d&#8217;un m\u00e9lange de testost\u00e9rone le plus populaire parmi ceux qui utilisent des st\u00e9ro\u00efdes anabolisants \u00e0 des fins de d\u00e9veloppement musculaire.<\/p>\n<\/div>\n","protected":false},"excerpt":{"rendered":"<div align=\"justify\"><strong>Laboratoire :<\/strong> Black Dragon<br \/>\n<strong>Forme :<\/strong> Injection<br \/>\n<strong>Mol\u00e9cule :<\/strong> Mix de Testosterone<br \/>\n<strong>Concentration :<\/strong> 400mg\/ml<br \/>\n<strong>Volume :<\/strong> 10 ml<br \/>\n<strong>Dosage recommand\u00e9 :<\/strong> 400-1200mg\/semaine&nbsp;<\/p>\n<p>La Testo Mix 400 BD poss\u00e8de 4 esters de testost\u00e9rone. La diversit\u00e9 des esters qui le composent lui permet d&#8217;agir de plusieurs fa\u00e7ons, tant \u00e0 court terme qu&#8217;\u00e0 long terme pour vous donner des r\u00e9sultats incroyables. Ce produit est similaire au c\u00e9l\u00e8bre Sustanon par les esters qui le composent. La diff\u00e9rence r\u00e9side dans le dosage.<\/p>\n<\/div>\n","protected":false},"featured_media":17357,"comment_status":"closed","ping_status":"closed","template":"","meta":[],"berocket_brand":[202],"yoast_head":"<!-- This site is optimized with the Yoast SEO plugin v15.9.1 - https:\/\/yoast.com\/wordpress\/plugins\/seo\/ -->\n<title>Acheter du Testo Mix 400 BD [Testosterone Blend 4000mg] - 10 ml - Black Dragon<\/title>\n<meta name=\"description\" content=\"Roidsmania.com a selectionn\u00e9 pour vous de la Testo Mix 400 BD [Testosterone Blend 4000mg] - 10 ml - Black Dragon. Livraison Rapide. Paiement Facile.\" \/>\n<meta name=\"robots\" content=\"index, follow, max-snippet:-1, max-image-preview:large, max-video-preview:-1\" \/>\n<link rel=\"canonical\" href=\"https:\/\/roidsmania.com\/fr\/produit\/testo-mix-400-bd-testosterone-blend-4000mg-10-ml-black-dragon\/\" \/>\n<meta property=\"og:locale\" content=\"fr_FR\" \/>\n<meta property=\"og:type\" content=\"article\" \/>\n<meta property=\"og:title\" content=\"Acheter du Testo Mix 400 BD [Testosterone Blend 4000mg] - 10 ml - Black Dragon\" \/>\n<meta property=\"og:description\" content=\"Roidsmania.com a selectionn\u00e9 pour vous de la Testo Mix 400 BD [Testosterone Blend 4000mg] - 10 ml - Black Dragon. Livraison Rapide. Paiement Facile.\" \/>\n<meta property=\"og:url\" content=\"https:\/\/roidsmania.com\/fr\/produit\/testo-mix-400-bd-testosterone-blend-4000mg-10-ml-black-dragon\/\" \/>\n<meta property=\"og:site_name\" content=\"RoidsMania.com\" \/>\n<meta property=\"article:modified_time\" content=\"2020-10-27T22:03:46+00:00\" \/>\n<meta property=\"og:image\" content=\"https:\/\/roidsmania.com\/wp-content\/uploads\/2018\/01\/testo-mix-400-BD.jpg\" \/>\n\t<meta property=\"og:image:width\" content=\"370\" \/>\n\t<meta property=\"og:image:height\" content=\"370\" \/>\n<meta name=\"twitter:card\" content=\"summary\" \/>\n<meta name=\"twitter:label1\" content=\"Dur\u00e9e de lecture est.\">\n\t<meta name=\"twitter:data1\" content=\"1 minute\">\n<script type=\"application\/ld+json\" class=\"yoast-schema-graph\">{\"@context\":\"https:\/\/schema.org\",\"@graph\":[{\"@type\":\"WebSite\",\"@id\":\"https:\/\/roidsmania.com\/fr\/#website\",\"url\":\"https:\/\/roidsmania.com\/fr\/\",\"name\":\"RoidsMania.com\",\"description\":\"Online Anabolic Steroids shop\",\"potentialAction\":[{\"@type\":\"SearchAction\",\"target\":\"https:\/\/roidsmania.com\/fr\/?s={search_term_string}\",\"query-input\":\"required name=search_term_string\"}],\"inLanguage\":\"fr-FR\"},{\"@type\":\"ImageObject\",\"@id\":\"https:\/\/roidsmania.com\/fr\/produit\/testo-mix-400-bd-testosterone-blend-4000mg-10-ml-black-dragon\/#primaryimage\",\"inLanguage\":\"fr-FR\",\"url\":\"https:\/\/roidsmania.com\/wp-content\/uploads\/2018\/01\/testo-mix-400-BD.jpg\",\"width\":370,\"height\":370},{\"@type\":\"WebPage\",\"@id\":\"https:\/\/roidsmania.com\/fr\/produit\/testo-mix-400-bd-testosterone-blend-4000mg-10-ml-black-dragon\/#webpage\",\"url\":\"https:\/\/roidsmania.com\/fr\/produit\/testo-mix-400-bd-testosterone-blend-4000mg-10-ml-black-dragon\/\",\"name\":\"Acheter du Testo Mix 400 BD [Testosterone Blend 4000mg] - 10 ml - Black Dragon\",\"isPartOf\":{\"@id\":\"https:\/\/roidsmania.com\/fr\/#website\"},\"primaryImageOfPage\":{\"@id\":\"https:\/\/roidsmania.com\/fr\/produit\/testo-mix-400-bd-testosterone-blend-4000mg-10-ml-black-dragon\/#primaryimage\"},\"datePublished\":\"2018-01-28T18:12:38+00:00\",\"dateModified\":\"2020-10-27T22:03:46+00:00\",\"description\":\"Roidsmania.com a selectionn\\u00e9 pour vous de la Testo Mix 400 BD [Testosterone Blend 4000mg] - 10 ml - Black Dragon. Livraison Rapide. Paiement Facile.\",\"breadcrumb\":{\"@id\":\"https:\/\/roidsmania.com\/fr\/produit\/testo-mix-400-bd-testosterone-blend-4000mg-10-ml-black-dragon\/#breadcrumb\"},\"inLanguage\":\"fr-FR\",\"potentialAction\":[{\"@type\":\"ReadAction\",\"target\":[\"https:\/\/roidsmania.com\/fr\/produit\/testo-mix-400-bd-testosterone-blend-4000mg-10-ml-black-dragon\/\"]}]},{\"@type\":\"BreadcrumbList\",\"@id\":\"https:\/\/roidsmania.com\/fr\/produit\/testo-mix-400-bd-testosterone-blend-4000mg-10-ml-black-dragon\/#breadcrumb\",\"itemListElement\":[{\"@type\":\"ListItem\",\"position\":1,\"item\":{\"@type\":\"WebPage\",\"@id\":\"https:\/\/roidsmania.com\/fr\/\",\"url\":\"https:\/\/roidsmania.com\/fr\/\",\"name\":\"Home\"}},{\"@type\":\"ListItem\",\"position\":2,\"item\":{\"@type\":\"WebPage\",\"@id\":\"https:\/\/roidsmania.com\/fr\/boutique\/\",\"url\":\"https:\/\/roidsmania.com\/fr\/boutique\/\",\"name\":\"BOUTIQUE\"}},{\"@type\":\"ListItem\",\"position\":3,\"item\":{\"@type\":\"WebPage\",\"@id\":\"https:\/\/roidsmania.com\/fr\/produit\/testo-mix-400-bd-testosterone-blend-4000mg-10-ml-black-dragon\/\",\"url\":\"https:\/\/roidsmania.com\/fr\/produit\/testo-mix-400-bd-testosterone-blend-4000mg-10-ml-black-dragon\/\",\"name\":\"Testo Mix 400 BD [Testosterone Blend 4000mg] &#8211; 10 ml &#8211; Black Dragon\"}}]}]}<\/script>\n<!-- \/ Yoast SEO plugin. -->","_links":{"self":[{"href":"https:\/\/roidsmania.com\/fr\/wp-json\/wp\/v2\/product\/17355\/"}],"collection":[{"href":"https:\/\/roidsmania.com\/fr\/wp-json\/wp\/v2\/product\/"}],"about":[{"href":"https:\/\/roidsmania.com\/fr\/wp-json\/wp\/v2\/types\/product\/"}],"replies":[{"embeddable":true,"href":"https:\/\/roidsmania.com\/fr\/wp-json\/wp\/v2\/comments\/?post=17355"}],"wp:featuredmedia":[{"embeddable":true,"href":"https:\/\/roidsmania.com\/fr\/wp-json\/wp\/v2\/media\/17357\/"}],"wp:attachment":[{"href":"https:\/\/roidsmania.com\/fr\/wp-json\/wp\/v2\/media\/?parent=17355"}],"wp:term":[{"taxonomy":"berocket_brand","embeddable":true,"href":"https:\/\/roidsmania.com\/fr\/wp-json\/wp\/v2\/berocket_brand\/?post=17355"}],"curies":[{"name":"wp","href":"https:\/\/api.w.org\/{rel}","templated":true}]}}