{"id":17303,"date":"2018-01-28T20:34:01","date_gmt":"2018-01-28T13:34:01","guid":{"rendered":"https:\/\/roidsmania.com\/product\/sustanon-250-testosterone-complex-2500mg-10ml-black-dragon\/"},"modified":"2020-10-28T05:06:30","modified_gmt":"2020-10-27T22:06:30","slug":"sustanon-250-testosterone-complex-2500mg-10ml-black-dragon","status":"publish","type":"product","link":"https:\/\/roidsmania.com\/fr\/produit\/sustanon-250-testosterone-complex-2500mg-10ml-black-dragon\/","title":{"rendered":"Sustanon 250 [Testosterone Complex 2500mg] &#8211; 10ml &#8211; Black Dragon"},"content":{"rendered":"<div align=\"justify\">\n<p><strong>Le Sustanon 250<\/strong> est le nom commercial de la<strong> Testosterone<\/strong> Complex, C\u2019est un m\u00e9lange injectable huileux compos\u00e9 de 4 esters :<\/p>\n<p>Le flacon de<strong> 10 ml<\/strong> contient:<\/p>\n<p><strong>\u2013 30 mg<\/strong> de testosterone propionate<br \/>\n<strong>\u2013 60 mg<\/strong> de testosterone phenylpropionate<br \/>\n<strong>\u2013 100 mg<\/strong> de Testosterone Decanoate<br \/>\n<strong>\u2013 60 mg<\/strong> de Testosterone Isocaproate<\/p>\n<p>Les diff\u00e9rents esters de<strong> testost\u00e9rone<\/strong> ont des demi-vies distingues. Ces <strong>4 esters<\/strong> de testost\u00e9rone permettent une lib\u00e9ration prolong\u00e9e du produit dans le sang. Le<strong> Sustanon<\/strong> est un produit st\u00e9ro\u00efdique anabolisant et est principalement utilis\u00e9 dans le but de construire une masse musculaire solide<strong>.Steroide anabolisant<\/strong><\/p>\n<p>Les<strong> r\u00e9sultats<\/strong> de l\u2019utilisation de Sustanon sont excellents et tr\u00e8s androg\u00e8ne. Par cons\u00e9quent, il est principalement utilis\u00e9 pour une cure de prise de masse et contribue \u00e0 une forte augmentation de la force et de la<strong> masse musculaire.<\/strong><\/p>\n<\/div>\n","protected":false},"excerpt":{"rendered":"<div align=\"justify\"><strong>Laboratoire :<\/strong> Black Dragon<br \/>\n<strong>Forme :<\/strong> Injection<br \/>\n<strong>Mol\u00e9cule :<\/strong> Sustanon-Mix of Testosterone<br \/>\n<strong>Concentration :<\/strong> 250mg\/ml<br \/>\n<strong>Volume :<\/strong> 10 ml<br \/>\n<strong>Dosage Recommand\u00e9 :<\/strong> 250-1000mg\/semaine<\/p>\n<p>Le Sustanon (Testosterone Complex) est un des st\u00e9ro\u00efdes les plus populaire de la gamme de st\u00e9ro\u00efdes injectables. Le Sustanon est un m\u00e9lange de quatre Esters de testost\u00e9rone diff\u00e9rents. Il comprend la propionate, la ph\u00e9nylpropionate, l\u2019isocaproate et la d\u00e9canoate. Bien qu\u2019ils soient dans des proportions diff\u00e9rentes, ils peuvent fournir de multiples avantages \u00e0 l\u2019utilisateur.<\/p>\n<\/div>\n","protected":false},"featured_media":17302,"comment_status":"closed","ping_status":"closed","template":"","meta":[],"berocket_brand":[202],"yoast_head":"<!-- This site is optimized with the Yoast SEO plugin v15.9.1 - https:\/\/yoast.com\/wordpress\/plugins\/seo\/ -->\n<title>Acheter du Sustanon 250 [Testosterone Complex 2500mg] - 10ml - Black Dragon<\/title>\n<meta name=\"description\" content=\"Roidsmania.com a s\u00e9lectionn\u00e9 pour vous le Sustanon 250 [Testosterone Complex 2500mg] - 10ml - Black Dragon. Exp\u00e9dition Rapide. Paiement Facile.\" \/>\n<meta name=\"robots\" content=\"index, follow, max-snippet:-1, max-image-preview:large, max-video-preview:-1\" \/>\n<link rel=\"canonical\" href=\"https:\/\/roidsmania.com\/fr\/produit\/sustanon-250-testosterone-complex-2500mg-10ml-black-dragon\/\" \/>\n<meta property=\"og:locale\" content=\"fr_FR\" \/>\n<meta property=\"og:type\" content=\"article\" \/>\n<meta property=\"og:title\" content=\"Acheter du Sustanon 250 [Testosterone Complex 2500mg] - 10ml - Black Dragon\" \/>\n<meta property=\"og:description\" content=\"Roidsmania.com a s\u00e9lectionn\u00e9 pour vous le Sustanon 250 [Testosterone Complex 2500mg] - 10ml - Black Dragon. Exp\u00e9dition Rapide. Paiement Facile.\" \/>\n<meta property=\"og:url\" content=\"https:\/\/roidsmania.com\/fr\/produit\/sustanon-250-testosterone-complex-2500mg-10ml-black-dragon\/\" \/>\n<meta property=\"og:site_name\" content=\"RoidsMania.com\" \/>\n<meta property=\"article:modified_time\" content=\"2020-10-27T22:06:30+00:00\" \/>\n<meta property=\"og:image\" content=\"https:\/\/roidsmania.com\/wp-content\/uploads\/2018\/01\/sustanon-BD.jpg\" \/>\n\t<meta property=\"og:image:width\" content=\"370\" \/>\n\t<meta property=\"og:image:height\" content=\"370\" \/>\n<meta name=\"twitter:card\" content=\"summary\" \/>\n<meta name=\"twitter:label1\" content=\"Dur\u00e9e de lecture est.\">\n\t<meta name=\"twitter:data1\" content=\"1 minute\">\n<script type=\"application\/ld+json\" class=\"yoast-schema-graph\">{\"@context\":\"https:\/\/schema.org\",\"@graph\":[{\"@type\":\"WebSite\",\"@id\":\"https:\/\/roidsmania.com\/fr\/#website\",\"url\":\"https:\/\/roidsmania.com\/fr\/\",\"name\":\"RoidsMania.com\",\"description\":\"Online Anabolic Steroids shop\",\"potentialAction\":[{\"@type\":\"SearchAction\",\"target\":\"https:\/\/roidsmania.com\/fr\/?s={search_term_string}\",\"query-input\":\"required name=search_term_string\"}],\"inLanguage\":\"fr-FR\"},{\"@type\":\"ImageObject\",\"@id\":\"https:\/\/roidsmania.com\/fr\/produit\/sustanon-250-testosterone-complex-2500mg-10ml-black-dragon\/#primaryimage\",\"inLanguage\":\"fr-FR\",\"url\":\"https:\/\/roidsmania.com\/wp-content\/uploads\/2018\/01\/sustanon-BD.jpg\",\"width\":370,\"height\":370},{\"@type\":\"WebPage\",\"@id\":\"https:\/\/roidsmania.com\/fr\/produit\/sustanon-250-testosterone-complex-2500mg-10ml-black-dragon\/#webpage\",\"url\":\"https:\/\/roidsmania.com\/fr\/produit\/sustanon-250-testosterone-complex-2500mg-10ml-black-dragon\/\",\"name\":\"Acheter du Sustanon 250 [Testosterone Complex 2500mg] - 10ml - Black Dragon\",\"isPartOf\":{\"@id\":\"https:\/\/roidsmania.com\/fr\/#website\"},\"primaryImageOfPage\":{\"@id\":\"https:\/\/roidsmania.com\/fr\/produit\/sustanon-250-testosterone-complex-2500mg-10ml-black-dragon\/#primaryimage\"},\"datePublished\":\"2018-01-28T13:34:01+00:00\",\"dateModified\":\"2020-10-27T22:06:30+00:00\",\"description\":\"Roidsmania.com a s\\u00e9lectionn\\u00e9 pour vous le Sustanon 250 [Testosterone Complex 2500mg] - 10ml - Black Dragon. Exp\\u00e9dition Rapide. Paiement Facile.\",\"breadcrumb\":{\"@id\":\"https:\/\/roidsmania.com\/fr\/produit\/sustanon-250-testosterone-complex-2500mg-10ml-black-dragon\/#breadcrumb\"},\"inLanguage\":\"fr-FR\",\"potentialAction\":[{\"@type\":\"ReadAction\",\"target\":[\"https:\/\/roidsmania.com\/fr\/produit\/sustanon-250-testosterone-complex-2500mg-10ml-black-dragon\/\"]}]},{\"@type\":\"BreadcrumbList\",\"@id\":\"https:\/\/roidsmania.com\/fr\/produit\/sustanon-250-testosterone-complex-2500mg-10ml-black-dragon\/#breadcrumb\",\"itemListElement\":[{\"@type\":\"ListItem\",\"position\":1,\"item\":{\"@type\":\"WebPage\",\"@id\":\"https:\/\/roidsmania.com\/fr\/\",\"url\":\"https:\/\/roidsmania.com\/fr\/\",\"name\":\"Home\"}},{\"@type\":\"ListItem\",\"position\":2,\"item\":{\"@type\":\"WebPage\",\"@id\":\"https:\/\/roidsmania.com\/fr\/boutique\/\",\"url\":\"https:\/\/roidsmania.com\/fr\/boutique\/\",\"name\":\"BOUTIQUE\"}},{\"@type\":\"ListItem\",\"position\":3,\"item\":{\"@type\":\"WebPage\",\"@id\":\"https:\/\/roidsmania.com\/fr\/produit\/sustanon-250-testosterone-complex-2500mg-10ml-black-dragon\/\",\"url\":\"https:\/\/roidsmania.com\/fr\/produit\/sustanon-250-testosterone-complex-2500mg-10ml-black-dragon\/\",\"name\":\"Sustanon 250 [Testosterone Complex 2500mg] &#8211; 10ml &#8211; Black Dragon\"}}]}]}<\/script>\n<!-- \/ Yoast SEO plugin. -->","_links":{"self":[{"href":"https:\/\/roidsmania.com\/fr\/wp-json\/wp\/v2\/product\/17303\/"}],"collection":[{"href":"https:\/\/roidsmania.com\/fr\/wp-json\/wp\/v2\/product\/"}],"about":[{"href":"https:\/\/roidsmania.com\/fr\/wp-json\/wp\/v2\/types\/product\/"}],"replies":[{"embeddable":true,"href":"https:\/\/roidsmania.com\/fr\/wp-json\/wp\/v2\/comments\/?post=17303"}],"wp:featuredmedia":[{"embeddable":true,"href":"https:\/\/roidsmania.com\/fr\/wp-json\/wp\/v2\/media\/17302\/"}],"wp:attachment":[{"href":"https:\/\/roidsmania.com\/fr\/wp-json\/wp\/v2\/media\/?parent=17303"}],"wp:term":[{"taxonomy":"berocket_brand","embeddable":true,"href":"https:\/\/roidsmania.com\/fr\/wp-json\/wp\/v2\/berocket_brand\/?post=17303"}],"curies":[{"name":"wp","href":"https:\/\/api.w.org\/{rel}","templated":true}]}}