{"id":17149,"date":"2018-01-26T17:19:45","date_gmt":"2018-01-26T10:19:45","guid":{"rendered":"https:\/\/roidsmania.com\/product\/arimidex-anastrozole-1mg-50-tabs-global-anabolic\/"},"modified":"2020-10-28T05:07:42","modified_gmt":"2020-10-27T22:07:42","slug":"arimidex-anastrozole-1mg-50-tabs-global-anabolic","status":"publish","type":"product","link":"https:\/\/roidsmania.com\/fr\/produit\/arimidex-anastrozole-1mg-50-tabs-global-anabolic\/","title":{"rendered":"Arimidex [Anastrozole 1mg] &#8211; 30 Tabs -Black Dragon"},"content":{"rendered":"<div align=\"justify\">\n<p>La r\u00e9duction des <strong>\u0153strog\u00e8nes<\/strong> lors d\u2019une cure est importante pour les athl\u00e8tes et les bodybuilders. En effet, des niveaux plus \u00e9lev\u00e9s d\u2019oestrog\u00e8ne diminuent la capacit\u00e9 de br\u00fbler les graisses, de construire des muscles et de disposer de plus d\u2019\u00e9nergie. Pour les sportifs et les bodybuilders, prendre <strong>Anastrozole<\/strong> est une partie importante d\u2019un cycle de st\u00e9ro\u00efdes anabolisants.<\/p>\n<p><strong>En effet, l\u2019anaztrozole:<\/strong><br \/>\n\u2022 R\u00e9duit les effets des \u0153strog\u00e8nes.<br \/>\n\u2022 Am\u00e9liore l\u2019\u00e9quilibre hormonal.<\/p>\n<p><strong>L\u2019Arimidex<\/strong> a \u00e9t\u00e9 le tout premier inhibiteur d\u2019aromatase pour de nombreux bodybuilders, il est l\u2019un des inhibiteur d\u2019aromatase le plus populaire utilis\u00e9 chez les consommateurs de st\u00e9ro\u00efdes anabolisants afin de contr\u00f4ler le niveau d\u2019oestrog\u00e8ne.<strong>Steroide musculation achat<\/strong><\/p>\n<p>Ce contr\u00f4le du niveau d\u2019oestrog\u00e8ne permet de limiter les effets secondaires tel que la gyn\u00e9comastie, la r\u00e9tention d\u2019eau, les ballonnements et la hausse de la tension art\u00e9rielle <strong>(suite \u00e0 l\u2019augmentation de la r\u00e9tention d\u2019eau du aux \u0153strog\u00e8nes).<\/strong><\/p>\n<p>Cela contraste avec les SERM tels que <strong>Nolvadex<\/strong>, qui ne servent qu\u2019\u00e0 bloquer la<strong> gyn\u00e9comastie.<\/strong> Les \u00e9tudes ont en effet d\u00e9montr\u00e9 que l\u2019utilisation d\u2019Arimidex chez les hommes \u00e9tait suffisamment efficace pour r\u00e9duire de <strong>50%<\/strong> le taux plasmatique sanguin d\u2019\u0153strog\u00e8nes \u00e0 une dose de<strong> 0,5 \u00e0 1 mg<\/strong> <strong>par jour<\/strong>. Il s\u2019agit d\u2019une diminution tr\u00e8s importante chez les hommes.<\/p>\n<\/div>\n","protected":false},"excerpt":{"rendered":"<div align=\"justify\"><strong>Laboratoire :<\/strong> Black Dragon<br \/>\n<strong>Forme :<\/strong> Orale<br \/>\n<strong>Mol\u00e9cule :<\/strong> Anastrozole<br \/>\n<strong>Concentration :<\/strong> 1mg\/comprim\u00e9<br \/>\n<strong>Volume :<\/strong> 30 tabs<br \/>\n<strong>Dosage Recommand\u00e9 :<\/strong> 1 comprim\u00e9 tous les deux jours<\/p>\n<p>L\u2019Arimidex est un anti-oestrog\u00e8ne important dans le cadre d\u2019une cure de st\u00e9ro\u00efdes anabolisants, il r\u00e9duit les effets des \u0153strog\u00e8nes et am\u00e9liore \u00e9galement l\u2019\u00e9quilibre hormonal.<\/p>\n<\/div>\n","protected":false},"featured_media":17148,"comment_status":"closed","ping_status":"closed","template":"","meta":[],"berocket_brand":[202],"yoast_head":"<!-- This site is optimized with the Yoast SEO plugin v15.9.1 - https:\/\/yoast.com\/wordpress\/plugins\/seo\/ -->\n<title>Acheter de l&#039;Arimidex [Anastrozole 1mg] - 30 Tabs -Black Dragon<\/title>\n<meta name=\"description\" content=\"Roidsmania.com a s\u00e9lectionn\u00e9 pour vous l&#039;Arimidex [Anastrozole 1mg] - 30 Tabs -Black Dragon. Exp\u00e9dition Rapide. Paiement Facile.\" \/>\n<meta name=\"robots\" content=\"index, follow, max-snippet:-1, max-image-preview:large, max-video-preview:-1\" \/>\n<link rel=\"canonical\" href=\"https:\/\/roidsmania.com\/fr\/produit\/arimidex-anastrozole-1mg-50-tabs-global-anabolic\/\" \/>\n<meta property=\"og:locale\" content=\"fr_FR\" \/>\n<meta property=\"og:type\" content=\"article\" \/>\n<meta property=\"og:title\" content=\"Acheter de l&#039;Arimidex [Anastrozole 1mg] - 30 Tabs -Black Dragon\" \/>\n<meta property=\"og:description\" content=\"Roidsmania.com a s\u00e9lectionn\u00e9 pour vous l&#039;Arimidex [Anastrozole 1mg] - 30 Tabs -Black Dragon. Exp\u00e9dition Rapide. Paiement Facile.\" \/>\n<meta property=\"og:url\" content=\"https:\/\/roidsmania.com\/fr\/produit\/arimidex-anastrozole-1mg-50-tabs-global-anabolic\/\" \/>\n<meta property=\"og:site_name\" content=\"RoidsMania.com\" \/>\n<meta property=\"article:modified_time\" content=\"2020-10-27T22:07:42+00:00\" \/>\n<meta property=\"og:image\" content=\"https:\/\/roidsmania.com\/wp-content\/uploads\/2018\/01\/arimidex-BD.jpg\" \/>\n\t<meta property=\"og:image:width\" content=\"370\" \/>\n\t<meta property=\"og:image:height\" content=\"370\" \/>\n<meta name=\"twitter:card\" content=\"summary\" \/>\n<meta name=\"twitter:label1\" content=\"Dur\u00e9e de lecture est.\">\n\t<meta name=\"twitter:data1\" content=\"1 minute\">\n<script type=\"application\/ld+json\" class=\"yoast-schema-graph\">{\"@context\":\"https:\/\/schema.org\",\"@graph\":[{\"@type\":\"WebSite\",\"@id\":\"https:\/\/roidsmania.com\/fr\/#website\",\"url\":\"https:\/\/roidsmania.com\/fr\/\",\"name\":\"RoidsMania.com\",\"description\":\"Online Anabolic Steroids shop\",\"potentialAction\":[{\"@type\":\"SearchAction\",\"target\":\"https:\/\/roidsmania.com\/fr\/?s={search_term_string}\",\"query-input\":\"required name=search_term_string\"}],\"inLanguage\":\"fr-FR\"},{\"@type\":\"ImageObject\",\"@id\":\"https:\/\/roidsmania.com\/fr\/produit\/arimidex-anastrozole-1mg-50-tabs-global-anabolic\/#primaryimage\",\"inLanguage\":\"fr-FR\",\"url\":\"https:\/\/roidsmania.com\/wp-content\/uploads\/2018\/01\/arimidex-BD.jpg\",\"width\":370,\"height\":370},{\"@type\":\"WebPage\",\"@id\":\"https:\/\/roidsmania.com\/fr\/produit\/arimidex-anastrozole-1mg-50-tabs-global-anabolic\/#webpage\",\"url\":\"https:\/\/roidsmania.com\/fr\/produit\/arimidex-anastrozole-1mg-50-tabs-global-anabolic\/\",\"name\":\"Acheter de l'Arimidex [Anastrozole 1mg] - 30 Tabs -Black Dragon\",\"isPartOf\":{\"@id\":\"https:\/\/roidsmania.com\/fr\/#website\"},\"primaryImageOfPage\":{\"@id\":\"https:\/\/roidsmania.com\/fr\/produit\/arimidex-anastrozole-1mg-50-tabs-global-anabolic\/#primaryimage\"},\"datePublished\":\"2018-01-26T10:19:45+00:00\",\"dateModified\":\"2020-10-27T22:07:42+00:00\",\"description\":\"Roidsmania.com a s\\u00e9lectionn\\u00e9 pour vous l'Arimidex [Anastrozole 1mg] - 30 Tabs -Black Dragon. Exp\\u00e9dition Rapide. Paiement Facile.\",\"breadcrumb\":{\"@id\":\"https:\/\/roidsmania.com\/fr\/produit\/arimidex-anastrozole-1mg-50-tabs-global-anabolic\/#breadcrumb\"},\"inLanguage\":\"fr-FR\",\"potentialAction\":[{\"@type\":\"ReadAction\",\"target\":[\"https:\/\/roidsmania.com\/fr\/produit\/arimidex-anastrozole-1mg-50-tabs-global-anabolic\/\"]}]},{\"@type\":\"BreadcrumbList\",\"@id\":\"https:\/\/roidsmania.com\/fr\/produit\/arimidex-anastrozole-1mg-50-tabs-global-anabolic\/#breadcrumb\",\"itemListElement\":[{\"@type\":\"ListItem\",\"position\":1,\"item\":{\"@type\":\"WebPage\",\"@id\":\"https:\/\/roidsmania.com\/fr\/\",\"url\":\"https:\/\/roidsmania.com\/fr\/\",\"name\":\"Home\"}},{\"@type\":\"ListItem\",\"position\":2,\"item\":{\"@type\":\"WebPage\",\"@id\":\"https:\/\/roidsmania.com\/fr\/boutique\/\",\"url\":\"https:\/\/roidsmania.com\/fr\/boutique\/\",\"name\":\"BOUTIQUE\"}},{\"@type\":\"ListItem\",\"position\":3,\"item\":{\"@type\":\"WebPage\",\"@id\":\"https:\/\/roidsmania.com\/fr\/produit\/arimidex-anastrozole-1mg-50-tabs-global-anabolic\/\",\"url\":\"https:\/\/roidsmania.com\/fr\/produit\/arimidex-anastrozole-1mg-50-tabs-global-anabolic\/\",\"name\":\"Arimidex [Anastrozole 1mg] &#8211; 30 Tabs -Black Dragon\"}}]}]}<\/script>\n<!-- \/ Yoast SEO plugin. -->","_links":{"self":[{"href":"https:\/\/roidsmania.com\/fr\/wp-json\/wp\/v2\/product\/17149\/"}],"collection":[{"href":"https:\/\/roidsmania.com\/fr\/wp-json\/wp\/v2\/product\/"}],"about":[{"href":"https:\/\/roidsmania.com\/fr\/wp-json\/wp\/v2\/types\/product\/"}],"replies":[{"embeddable":true,"href":"https:\/\/roidsmania.com\/fr\/wp-json\/wp\/v2\/comments\/?post=17149"}],"wp:featuredmedia":[{"embeddable":true,"href":"https:\/\/roidsmania.com\/fr\/wp-json\/wp\/v2\/media\/17148\/"}],"wp:attachment":[{"href":"https:\/\/roidsmania.com\/fr\/wp-json\/wp\/v2\/media\/?parent=17149"}],"wp:term":[{"taxonomy":"berocket_brand","embeddable":true,"href":"https:\/\/roidsmania.com\/fr\/wp-json\/wp\/v2\/berocket_brand\/?post=17149"}],"curies":[{"name":"wp","href":"https:\/\/api.w.org\/{rel}","templated":true}]}}