{"id":17118,"date":"2018-01-26T14:09:36","date_gmt":"2018-01-26T07:09:36","guid":{"rendered":"https:\/\/roidsmania.com\/product\/femara-bd-letrozole-2-5mg-30-tabs-black-dragon\/"},"modified":"2020-10-28T05:08:07","modified_gmt":"2020-10-27T22:08:07","slug":"femara-bd-letrozole-2-5mg-30-tabs-black-dragon","status":"publish","type":"product","link":"https:\/\/roidsmania.com\/fr\/produit\/femara-bd-letrozole-2-5mg-30-tabs-black-dragon\/","title":{"rendered":"Femara BD [Letrozole 2.5mg] &#8211; 30 Tabs &#8211; Black Dragon"},"content":{"rendered":"<div align=\"justify\">Le <strong>Femara (Letrozole)<\/strong> a un int\u00e9r\u00eat tout particulier pour les bodybuilders et les athl\u00e8tes. Tout d\u2019abord, c\u2019est un anti-\u0153strog\u00e8ne, ce produit r\u00e9duit les niveaux d\u2019\u0153strog\u00e8ne de <strong>98%<\/strong> au minimum. C\u2019est \u00e9videmment d\u2019un grand int\u00e9r\u00eat pour les bodybuilders durant une cure.<strong>Hormone de croissance prix<\/strong><\/p>\n<p>De ce fait, moins d\u2019\u0153strog\u00e8ne dans le corps a pour cons\u00e9quence de r\u00e9duire les effets secondaires des st\u00e9ro\u00efdes tels que la r\u00e9tention d\u2019eau, la gyn\u00e9comastie et l\u2019acn\u00e9.<br \/>\n<strong>Le l\u00e9trozole<\/strong> est donc un tr\u00e8s bon anti-oestrog\u00e8ne, m\u00eame dans des cycles tr\u00e8s difficiles. En outre, si vous faites les comp\u00e9titions de bodybuilding, Le Femara (Letrozole) vous aidera \u00e0 avoir une musculature s\u00e8che et stri\u00e9e.Le <strong>Femara (letrozole<\/strong>) est un anti-oestrog\u00e8ne complet qui prot\u00e8ge pendant et apr\u00e8s le cycle de r\u00e9cup\u00e9ration, Il \u00e9limine les effets n\u00e9gatifs des st\u00e9ro\u00efdes tout en offrant un avantage ind\u00e9niable sur la qualit\u00e9 du muscle.Notez que le<strong> Letrozole<\/strong>, peut \u00e9galement \u00eatre utilis\u00e9 dans la th\u00e9rapie <strong>post-cycle (PCT)<\/strong> pour effectuer une r\u00e9cup\u00e9ration. En effet, le l\u00e9trozole augmente la<strong> LH et la FSH<\/strong> (hormones qui stimulent la production de testost\u00e9rone dans les testicules).<\/p>\n<\/div>\n","protected":false},"excerpt":{"rendered":"<div align=\"justify\"><strong>Laboratoire :<\/strong> Black Dragon<br \/>\n<strong>Forme :<\/strong> Orale<br \/>\n<strong>Mol\u00e9cule :<\/strong> Letrozole<br \/>\n<strong>Concentration :<\/strong> 2.5mg\/comprim\u00e9<br \/>\n<strong>Volume :<\/strong> 30 comprim\u00e9s<br \/>\n<strong>Dosage Recommand\u00e9 :<\/strong> 2.5-5mg\/jour<\/p>\n<p>Le letrozole est un anti-\u0153strog\u00e8ne complet qui prot\u00e8ge des effets n\u00e9fastes des st\u00e9ro\u00efdes pendant un cycle et favorise la r\u00e9cup\u00e9ration apr\u00e8s celui-ci. Il \u00e9limine les effets n\u00e9gatifs des st\u00e9ro\u00efdes anabolisants tout en offrant un avantage sur la qualit\u00e9 de la prise de masse durant la cure.<\/p>\n<\/div>\n","protected":false},"featured_media":17117,"comment_status":"closed","ping_status":"closed","template":"","meta":[],"berocket_brand":[202],"yoast_head":"<!-- This site is optimized with the Yoast SEO plugin v15.9.1 - https:\/\/yoast.com\/wordpress\/plugins\/seo\/ -->\n<title>Acheter du Femara BD [Letrozole 2.5mg] - 30 Tabs - Black Dragon<\/title>\n<meta name=\"description\" content=\"Roidsmania.com a s\u00e9lectionn\u00e9 pour vous le Femara BD [Letrozole 2.5mg] - 30 Tabs - Black Dragon. Exp\u00e9dition Rapide. Paiement Facile.\" \/>\n<meta name=\"robots\" content=\"index, follow, max-snippet:-1, max-image-preview:large, max-video-preview:-1\" \/>\n<link rel=\"canonical\" href=\"https:\/\/roidsmania.com\/fr\/produit\/femara-bd-letrozole-2-5mg-30-tabs-black-dragon\/\" \/>\n<meta property=\"og:locale\" content=\"fr_FR\" \/>\n<meta property=\"og:type\" content=\"article\" \/>\n<meta property=\"og:title\" content=\"Acheter du Femara BD [Letrozole 2.5mg] - 30 Tabs - Black Dragon\" \/>\n<meta property=\"og:description\" content=\"Roidsmania.com a s\u00e9lectionn\u00e9 pour vous le Femara BD [Letrozole 2.5mg] - 30 Tabs - Black Dragon. Exp\u00e9dition Rapide. Paiement Facile.\" \/>\n<meta property=\"og:url\" content=\"https:\/\/roidsmania.com\/fr\/produit\/femara-bd-letrozole-2-5mg-30-tabs-black-dragon\/\" \/>\n<meta property=\"og:site_name\" content=\"RoidsMania.com\" \/>\n<meta property=\"article:modified_time\" content=\"2020-10-27T22:08:07+00:00\" \/>\n<meta property=\"og:image\" content=\"https:\/\/roidsmania.com\/wp-content\/uploads\/2018\/01\/Femara-BD.jpg\" \/>\n\t<meta property=\"og:image:width\" content=\"500\" \/>\n\t<meta property=\"og:image:height\" content=\"500\" \/>\n<meta name=\"twitter:card\" content=\"summary\" \/>\n<meta name=\"twitter:label1\" content=\"Dur\u00e9e de lecture est.\">\n\t<meta name=\"twitter:data1\" content=\"1 minute\">\n<script type=\"application\/ld+json\" class=\"yoast-schema-graph\">{\"@context\":\"https:\/\/schema.org\",\"@graph\":[{\"@type\":\"WebSite\",\"@id\":\"https:\/\/roidsmania.com\/fr\/#website\",\"url\":\"https:\/\/roidsmania.com\/fr\/\",\"name\":\"RoidsMania.com\",\"description\":\"Online Anabolic Steroids shop\",\"potentialAction\":[{\"@type\":\"SearchAction\",\"target\":\"https:\/\/roidsmania.com\/fr\/?s={search_term_string}\",\"query-input\":\"required name=search_term_string\"}],\"inLanguage\":\"fr-FR\"},{\"@type\":\"ImageObject\",\"@id\":\"https:\/\/roidsmania.com\/fr\/produit\/femara-bd-letrozole-2-5mg-30-tabs-black-dragon\/#primaryimage\",\"inLanguage\":\"fr-FR\",\"url\":\"https:\/\/roidsmania.com\/wp-content\/uploads\/2018\/01\/Femara-BD.jpg\",\"width\":500,\"height\":500},{\"@type\":\"WebPage\",\"@id\":\"https:\/\/roidsmania.com\/fr\/produit\/femara-bd-letrozole-2-5mg-30-tabs-black-dragon\/#webpage\",\"url\":\"https:\/\/roidsmania.com\/fr\/produit\/femara-bd-letrozole-2-5mg-30-tabs-black-dragon\/\",\"name\":\"Acheter du Femara BD [Letrozole 2.5mg] - 30 Tabs - Black Dragon\",\"isPartOf\":{\"@id\":\"https:\/\/roidsmania.com\/fr\/#website\"},\"primaryImageOfPage\":{\"@id\":\"https:\/\/roidsmania.com\/fr\/produit\/femara-bd-letrozole-2-5mg-30-tabs-black-dragon\/#primaryimage\"},\"datePublished\":\"2018-01-26T07:09:36+00:00\",\"dateModified\":\"2020-10-27T22:08:07+00:00\",\"description\":\"Roidsmania.com a s\\u00e9lectionn\\u00e9 pour vous le Femara BD [Letrozole 2.5mg] - 30 Tabs - Black Dragon. Exp\\u00e9dition Rapide. Paiement Facile.\",\"breadcrumb\":{\"@id\":\"https:\/\/roidsmania.com\/fr\/produit\/femara-bd-letrozole-2-5mg-30-tabs-black-dragon\/#breadcrumb\"},\"inLanguage\":\"fr-FR\",\"potentialAction\":[{\"@type\":\"ReadAction\",\"target\":[\"https:\/\/roidsmania.com\/fr\/produit\/femara-bd-letrozole-2-5mg-30-tabs-black-dragon\/\"]}]},{\"@type\":\"BreadcrumbList\",\"@id\":\"https:\/\/roidsmania.com\/fr\/produit\/femara-bd-letrozole-2-5mg-30-tabs-black-dragon\/#breadcrumb\",\"itemListElement\":[{\"@type\":\"ListItem\",\"position\":1,\"item\":{\"@type\":\"WebPage\",\"@id\":\"https:\/\/roidsmania.com\/fr\/\",\"url\":\"https:\/\/roidsmania.com\/fr\/\",\"name\":\"Home\"}},{\"@type\":\"ListItem\",\"position\":2,\"item\":{\"@type\":\"WebPage\",\"@id\":\"https:\/\/roidsmania.com\/fr\/boutique\/\",\"url\":\"https:\/\/roidsmania.com\/fr\/boutique\/\",\"name\":\"BOUTIQUE\"}},{\"@type\":\"ListItem\",\"position\":3,\"item\":{\"@type\":\"WebPage\",\"@id\":\"https:\/\/roidsmania.com\/fr\/produit\/femara-bd-letrozole-2-5mg-30-tabs-black-dragon\/\",\"url\":\"https:\/\/roidsmania.com\/fr\/produit\/femara-bd-letrozole-2-5mg-30-tabs-black-dragon\/\",\"name\":\"Femara BD [Letrozole 2.5mg] &#8211; 30 Tabs &#8211; Black Dragon\"}}]}]}<\/script>\n<!-- \/ Yoast SEO plugin. -->","_links":{"self":[{"href":"https:\/\/roidsmania.com\/fr\/wp-json\/wp\/v2\/product\/17118\/"}],"collection":[{"href":"https:\/\/roidsmania.com\/fr\/wp-json\/wp\/v2\/product\/"}],"about":[{"href":"https:\/\/roidsmania.com\/fr\/wp-json\/wp\/v2\/types\/product\/"}],"replies":[{"embeddable":true,"href":"https:\/\/roidsmania.com\/fr\/wp-json\/wp\/v2\/comments\/?post=17118"}],"wp:featuredmedia":[{"embeddable":true,"href":"https:\/\/roidsmania.com\/fr\/wp-json\/wp\/v2\/media\/17117\/"}],"wp:attachment":[{"href":"https:\/\/roidsmania.com\/fr\/wp-json\/wp\/v2\/media\/?parent=17118"}],"wp:term":[{"taxonomy":"berocket_brand","embeddable":true,"href":"https:\/\/roidsmania.com\/fr\/wp-json\/wp\/v2\/berocket_brand\/?post=17118"}],"curies":[{"name":"wp","href":"https:\/\/api.w.org\/{rel}","templated":true}]}}