{"id":12913,"date":"2017-11-20T05:09:02","date_gmt":"2017-11-19T22:10:49","guid":{"rendered":"https:\/\/roidsmania.com\/?post_type=product&#038;p=12913"},"modified":"2020-10-28T05:10:22","modified_gmt":"2020-10-27T22:10:22","slug":"clomil-50-clomiphene-citrate-50mg-100-tabs-global-anabolic","status":"publish","type":"product","link":"https:\/\/roidsmania.com\/fr\/produit\/clomil-50-clomiphene-citrate-50mg-100-tabs-global-anabolic\/","title":{"rendered":"Clomil-50 [Clomiphene Citrate 50mg] &#8211; 100 Tabs &#8211; Global Anabolic"},"content":{"rendered":"<div align=\"justify\">Le <strong>Clomid<\/strong> est l\u2019un des deux <strong>SERM<\/strong> principaux (modulateurs s\u00e9lectifs des r\u00e9cepteurs d\u2019\u0153strog\u00e8nes) utilis\u00e9s pour la r\u00e9cup\u00e9ration de la production de testost\u00e9rone apr\u00e8s les cycles de<strong> st\u00e9ro\u00efdes anabolisants.<\/strong><br \/>\nDe nombreux <strong>androg\u00e8nes<\/strong>, et en particulier les plus forts tels que l\u2019oxym\u00e9tholone, provoquent une chute de la production naturelle de testost\u00e9rone dans le corps pendant la dur\u00e9e de la cure de <strong>st\u00e9ro\u00efdes<\/strong>.Ceci s\u2019explique facilement, l\u2019exc\u00e8s d\u2019androg\u00e8ne provenant des st\u00e9ro\u00efdes finissent par stopper la production de la testost\u00e9rone dans le corps, car ces androg\u00e8nes produisent les m\u00eames effets que la testost\u00e9rone.Le Clomid peut et devrait g\u00e9n\u00e9ralement \u00eatre utilis\u00e9 comme le seul SERM dans une PCT. Dans la plupart des cas. Lorsqu\u2019un deuxi\u00e8me SERM tel que <strong>Nolvadex<\/strong> est combin\u00e9 avec Clomid, chacun doit \u00eatre utilis\u00e9 \u00e0 la demi-dose plut\u00f4t que la dose compl\u00e8te. L\u2019utilisation de la dose compl\u00e8te ne fournit pas une efficacit\u00e9 accrue mais augmente seulement le risque d\u2019effets secondaires.<\/div>\n","protected":false},"excerpt":{"rendered":"<div align=\"justify\"><strong>Laboratoire :<\/strong> Global Anabolic<br \/>\n<strong>Forme :<\/strong> Orale<br \/>\n<strong>Mol\u00e9cule :<\/strong> Clomiphene Citrate<br \/>\n<strong>Concentration :<\/strong> 50mg\/comprim\u00e9<br \/>\n<strong>Volume :<\/strong> 100 comprim\u00e9s<br \/>\n<strong>Dosage Recommand\u00e9 :<\/strong> 50-100mg\/jour<\/p>\n<p>Les culturistes utilisent le Clomid pour relancer la production de testost\u00e9rone dans les testicules et \u00e9vitent ainsi les d\u00e9s\u00e9quilibres hormonaux. Les athl\u00e8tes d\u00e9montrent qu\u2019une dose quotidienne de 50 \u00e0 100 mg de Clomid aide \u00e0 r\u00e9tablir les niveaux normaux de testost\u00e9rone en 2 semaines.<\/p>\n<\/div>\n","protected":false},"featured_media":12912,"comment_status":"closed","ping_status":"closed","template":"","meta":[],"berocket_brand":[176],"yoast_head":"<!-- This site is optimized with the Yoast SEO plugin v15.9.1 - https:\/\/yoast.com\/wordpress\/plugins\/seo\/ -->\n<title>Acheter du Clomil-50 [Clomiphene Citrate 50mg] - 100 Tabs - Global Anabolic<\/title>\n<meta name=\"description\" content=\"Roidsmania.com has selected for you Clomil-50 [Clomiphene Citrate 50mg] - 100 Tabs - Global Anabolic. Exp\u00e9dition Rapide. Paiement Facile.\" \/>\n<meta name=\"robots\" content=\"index, follow, max-snippet:-1, max-image-preview:large, max-video-preview:-1\" \/>\n<link rel=\"canonical\" href=\"https:\/\/roidsmania.com\/fr\/produit\/clomil-50-clomiphene-citrate-50mg-100-tabs-global-anabolic\/\" \/>\n<meta property=\"og:locale\" content=\"fr_FR\" \/>\n<meta property=\"og:type\" content=\"article\" \/>\n<meta property=\"og:title\" content=\"Acheter du Clomil-50 [Clomiphene Citrate 50mg] - 100 Tabs - Global Anabolic\" \/>\n<meta property=\"og:description\" content=\"Roidsmania.com has selected for you Clomil-50 [Clomiphene Citrate 50mg] - 100 Tabs - Global Anabolic. Exp\u00e9dition Rapide. Paiement Facile.\" \/>\n<meta property=\"og:url\" content=\"https:\/\/roidsmania.com\/produit\/clomil-50-clomiphene-citrate-50mg-100-tabs-global-anabolic\/\" \/>\n<meta property=\"og:site_name\" content=\"RoidsMania.com\" \/>\n<meta property=\"article:modified_time\" content=\"2020-10-27T22:10:22+00:00\" \/>\n<meta property=\"og:image\" content=\"https:\/\/roidsmania.com\/wp-content\/uploads\/2017\/11\/clomil-50-2.jpg\" \/>\n\t<meta property=\"og:image:width\" content=\"681\" \/>\n\t<meta property=\"og:image:height\" content=\"680\" \/>\n<meta name=\"twitter:card\" content=\"summary\" \/>\n<meta name=\"twitter:label1\" content=\"Dur\u00e9e de lecture est.\">\n\t<meta name=\"twitter:data1\" content=\"1 minute\">\n<script type=\"application\/ld+json\" class=\"yoast-schema-graph\">{\"@context\":\"https:\/\/schema.org\",\"@graph\":[{\"@type\":\"WebSite\",\"@id\":\"https:\/\/roidsmania.com\/fr\/#website\",\"url\":\"https:\/\/roidsmania.com\/fr\/\",\"name\":\"RoidsMania.com\",\"description\":\"Online Anabolic Steroids shop\",\"potentialAction\":[{\"@type\":\"SearchAction\",\"target\":\"https:\/\/roidsmania.com\/fr\/?s={search_term_string}\",\"query-input\":\"required name=search_term_string\"}],\"inLanguage\":\"fr-FR\"},{\"@type\":\"ImageObject\",\"@id\":\"https:\/\/roidsmania.com\/produit\/clomil-50-clomiphene-citrate-50mg-100-tabs-global-anabolic\/#primaryimage\",\"inLanguage\":\"fr-FR\",\"url\":\"https:\/\/roidsmania.com\/wp-content\/uploads\/2017\/11\/clomil-50-2.jpg\",\"width\":681,\"height\":680},{\"@type\":\"WebPage\",\"@id\":\"https:\/\/roidsmania.com\/produit\/clomil-50-clomiphene-citrate-50mg-100-tabs-global-anabolic\/#webpage\",\"url\":\"https:\/\/roidsmania.com\/produit\/clomil-50-clomiphene-citrate-50mg-100-tabs-global-anabolic\/\",\"name\":\"Acheter du Clomil-50 [Clomiphene Citrate 50mg] - 100 Tabs - Global Anabolic\",\"isPartOf\":{\"@id\":\"https:\/\/roidsmania.com\/fr\/#website\"},\"primaryImageOfPage\":{\"@id\":\"https:\/\/roidsmania.com\/produit\/clomil-50-clomiphene-citrate-50mg-100-tabs-global-anabolic\/#primaryimage\"},\"datePublished\":\"2017-11-19T22:10:49+00:00\",\"dateModified\":\"2020-10-27T22:10:22+00:00\",\"description\":\"Roidsmania.com has selected for you Clomil-50 [Clomiphene Citrate 50mg] - 100 Tabs - Global Anabolic. Exp\\u00e9dition Rapide. Paiement Facile.\",\"breadcrumb\":{\"@id\":\"https:\/\/roidsmania.com\/produit\/clomil-50-clomiphene-citrate-50mg-100-tabs-global-anabolic\/#breadcrumb\"},\"inLanguage\":\"fr-FR\",\"potentialAction\":[{\"@type\":\"ReadAction\",\"target\":[\"https:\/\/roidsmania.com\/produit\/clomil-50-clomiphene-citrate-50mg-100-tabs-global-anabolic\/\"]}]},{\"@type\":\"BreadcrumbList\",\"@id\":\"https:\/\/roidsmania.com\/produit\/clomil-50-clomiphene-citrate-50mg-100-tabs-global-anabolic\/#breadcrumb\",\"itemListElement\":[{\"@type\":\"ListItem\",\"position\":1,\"item\":{\"@type\":\"WebPage\",\"@id\":\"https:\/\/roidsmania.com\/fr\/\",\"url\":\"https:\/\/roidsmania.com\/fr\/\",\"name\":\"Home\"}},{\"@type\":\"ListItem\",\"position\":2,\"item\":{\"@type\":\"WebPage\",\"@id\":\"https:\/\/roidsmania.com\/fr\/boutique\/\",\"url\":\"https:\/\/roidsmania.com\/fr\/boutique\/\",\"name\":\"BOUTIQUE\"}},{\"@type\":\"ListItem\",\"position\":3,\"item\":{\"@type\":\"WebPage\",\"@id\":\"https:\/\/roidsmania.com\/produit\/clomil-50-clomiphene-citrate-50mg-100-tabs-global-anabolic\/\",\"url\":\"https:\/\/roidsmania.com\/produit\/clomil-50-clomiphene-citrate-50mg-100-tabs-global-anabolic\/\",\"name\":\"Clomil-50 [Clomiphene Citrate 50mg] &#8211; 100 Tabs &#8211; Global Anabolic\"}}]}]}<\/script>\n<!-- \/ Yoast SEO plugin. -->","_links":{"self":[{"href":"https:\/\/roidsmania.com\/fr\/wp-json\/wp\/v2\/product\/12913\/"}],"collection":[{"href":"https:\/\/roidsmania.com\/fr\/wp-json\/wp\/v2\/product\/"}],"about":[{"href":"https:\/\/roidsmania.com\/fr\/wp-json\/wp\/v2\/types\/product\/"}],"replies":[{"embeddable":true,"href":"https:\/\/roidsmania.com\/fr\/wp-json\/wp\/v2\/comments\/?post=12913"}],"wp:featuredmedia":[{"embeddable":true,"href":"https:\/\/roidsmania.com\/fr\/wp-json\/wp\/v2\/media\/12912\/"}],"wp:attachment":[{"href":"https:\/\/roidsmania.com\/fr\/wp-json\/wp\/v2\/media\/?parent=12913"}],"wp:term":[{"taxonomy":"berocket_brand","embeddable":true,"href":"https:\/\/roidsmania.com\/fr\/wp-json\/wp\/v2\/berocket_brand\/?post=12913"}],"curies":[{"name":"wp","href":"https:\/\/api.w.org\/{rel}","templated":true}]}}