{"id":11719,"date":"2017-10-18T07:04:27","date_gmt":"2017-10-18T00:05:09","guid":{"rendered":"https:\/\/roidsmania.com\/?post_type=product&#038;p=11719"},"modified":"2023-08-28T06:45:05","modified_gmt":"2023-08-27T23:45:05","slug":"peptide-mgf-10mg-10-vials-nyon-biotech","status":"publish","type":"product","link":"https:\/\/roidsmania.com\/fr\/produit\/peptide-mgf-10mg-10-vials-nyon-biotech\/","title":{"rendered":"Peptide MGF [20mg] \u2013 10 Vials \u2013 Nyon Biotech"},"content":{"rendered":"<div align=\"justify\">\n<p><strong>MGF<\/strong> de son vrai nom, facteur de croissance de m\u00e9canoth\u00e9rapie, est un peptide principalement utilis\u00e9 pour la r\u00e9cup\u00e9ration apr\u00e8s l\u2019effort. Il est reconnu comme capable de r\u00e9parer les tissus musculaires endommag\u00e9s de mani\u00e8re beaucoup plus efficace que <strong>l\u2019IGF-1.<\/strong><\/p>\n<p>Il a \u00e9t\u00e9 aussi prouv\u00e9 que le peptide <strong>MGF<\/strong> aidait \u00e0 la croissance les cellules se trouvant proches des tissus musculaires endommag\u00e9s jouant un r\u00f4le de substitution comme si elles \u00e9taient elles-m\u00eames des cellules faisant partie du muscle endommag\u00e9. Cela veut dire aussi que MGF est capable d\u2019aider \u00e0 la cr\u00e9ation de nouvelles cellules proches des tissus musculaires endommag\u00e9s tout en aidant les muscles \u00e0 se d\u00e9velopper. Cela veut aussi dire en d\u2019autres termes qu\u2019il aide \u00e0 la cr\u00e9ation d\u2019un nouveau tissu musculaire tout en r\u00e9cup\u00e9rant des muscles d\u00e9j\u00e0 existants.<strong>Acheter Steroides pas cher.<\/strong><\/p>\n<p>En r\u00e9sum\u00e9, l\u2019utilit\u00e9 premi\u00e8re de MGF est avant tout d\u2019aider toute personne cherchant la stimulation d\u2019une croissance musculaire.<\/p>\n<p><strong>Les points positifs de MGF :<\/strong><\/p>\n<ul>\n<li>Stimulation la croissance musculaire<\/li>\n<li>Cr\u00e9ation de nouvelles fibres musculaires<\/li>\n<li>R\u00e9cup\u00e9ration musculaire augment\u00e9e<\/li>\n<li>Favorisation de la r\u00e9tention d\u2019azote<\/li>\n<li>Augmentation de la synth\u00e8se des prot\u00e9ines<\/li>\n<li>Longue vie dans le corps de trente minutes \u00e0 plusieurs jours<\/li>\n<\/ul>\n<p>Il est <strong>conseill\u00e9<\/strong> d\u2019utiliser MGF apr\u00e8s l\u2019effort ou lors les jours de repos pour favoriser la bonne r\u00e9cup\u00e9ration.<\/p>\n<\/div>\n","protected":false},"excerpt":{"rendered":"<div align=\"justify\"><strong>Laboratoire :<\/strong> Nyon Biotech<br \/>\n<strong>Forme :<\/strong> Injection sous cutan\u00e9e<br \/>\n<strong>Mol\u00e9cule :<\/strong> PMGF<br \/>\n<strong>Concentration :<\/strong> 2mg\/vial<br \/>\n<strong>Volume :<\/strong> 10 vials<br \/>\n<strong>Dosage Recommand\u00e9 :<\/strong> 200mcg\/jour<\/p>\n<p>Le MGF stimule la croissance musculaire et augmente la synth\u00e8se des prot\u00e9ines pour une prise de masse musculaire g\u00e9n\u00e9rale. Il est efficace \u00e9galement si utilis\u00e9 pendant les jours de repos pour une meilleure r\u00e9cup\u00e9ration et croissance musculaire.<\/p>\n<\/div>\n","protected":false},"featured_media":243017,"comment_status":"closed","ping_status":"closed","template":"","meta":[],"berocket_brand":[268],"yoast_head":"<!-- This site is optimized with the Yoast SEO plugin v15.9.1 - https:\/\/yoast.com\/wordpress\/plugins\/seo\/ -->\n<title>Acheter le Peptide MGF [10mg] \u2013 10 Vials \u2013 Nyon Biotech<\/title>\n<meta name=\"description\" content=\"Roidsmania.com a s\u00e9lectionn\u00e9 pour vous le Peptide MGF [10mg] \u2013 10 Vials \u2013 Nyon Biotech. Exp\u00e9dition Rapide, Paiement Facile.\" \/>\n<meta name=\"robots\" content=\"index, follow, max-snippet:-1, max-image-preview:large, max-video-preview:-1\" \/>\n<link rel=\"canonical\" href=\"https:\/\/roidsmania.com\/fr\/produit\/peptide-mgf-20mg-10-vials-nyon-biotech\/\" \/>\n<meta property=\"og:locale\" content=\"fr_FR\" \/>\n<meta property=\"og:type\" content=\"article\" \/>\n<meta property=\"og:title\" content=\"Acheter le Peptide MGF [10mg] \u2013 10 Vials \u2013 Nyon Biotech\" \/>\n<meta property=\"og:description\" content=\"Roidsmania.com a s\u00e9lectionn\u00e9 pour vous le Peptide MGF [10mg] \u2013 10 Vials \u2013 Nyon Biotech. Exp\u00e9dition Rapide, Paiement Facile.\" \/>\n<meta property=\"og:url\" content=\"https:\/\/roidsmania.com\/produit\/peptide-mgf-20mg-10-vials-nyon-biotech\/\" \/>\n<meta property=\"og:site_name\" content=\"RoidsMania.com\" \/>\n<meta property=\"article:modified_time\" content=\"2023-08-27T23:45:05+00:00\" \/>\n<meta property=\"og:image\" content=\"https:\/\/roidsmania.com\/wp-content\/uploads\/2017\/10\/MGF-Mechano-Growth-Factor-2mg-1.png\" \/>\n\t<meta property=\"og:image:width\" content=\"1500\" \/>\n\t<meta property=\"og:image:height\" content=\"1500\" \/>\n<meta name=\"twitter:card\" content=\"summary\" \/>\n<meta name=\"twitter:label1\" content=\"Dur\u00e9e de lecture est.\">\n\t<meta name=\"twitter:data1\" content=\"1 minute\">\n<script type=\"application\/ld+json\" class=\"yoast-schema-graph\">{\"@context\":\"https:\/\/schema.org\",\"@graph\":[{\"@type\":\"WebSite\",\"@id\":\"https:\/\/roidsmania.com\/fr\/#website\",\"url\":\"https:\/\/roidsmania.com\/fr\/\",\"name\":\"RoidsMania.com\",\"description\":\"Online Anabolic Steroids shop\",\"potentialAction\":[{\"@type\":\"SearchAction\",\"target\":\"https:\/\/roidsmania.com\/fr\/?s={search_term_string}\",\"query-input\":\"required name=search_term_string\"}],\"inLanguage\":\"fr-FR\"},{\"@type\":\"ImageObject\",\"@id\":\"https:\/\/roidsmania.com\/produit\/peptide-mgf-20mg-10-vials-nyon-biotech\/#primaryimage\",\"inLanguage\":\"fr-FR\",\"url\":\"https:\/\/roidsmania.com\/wp-content\/uploads\/2017\/10\/MGF-Mechano-Growth-Factor-2mg-1.png\",\"width\":1500,\"height\":1500},{\"@type\":\"WebPage\",\"@id\":\"https:\/\/roidsmania.com\/produit\/peptide-mgf-20mg-10-vials-nyon-biotech\/#webpage\",\"url\":\"https:\/\/roidsmania.com\/produit\/peptide-mgf-20mg-10-vials-nyon-biotech\/\",\"name\":\"Acheter le Peptide MGF [10mg] \\u2013 10 Vials \\u2013 Nyon Biotech\",\"isPartOf\":{\"@id\":\"https:\/\/roidsmania.com\/fr\/#website\"},\"primaryImageOfPage\":{\"@id\":\"https:\/\/roidsmania.com\/produit\/peptide-mgf-20mg-10-vials-nyon-biotech\/#primaryimage\"},\"datePublished\":\"2017-10-18T00:05:09+00:00\",\"dateModified\":\"2023-08-27T23:45:05+00:00\",\"description\":\"Roidsmania.com a s\\u00e9lectionn\\u00e9 pour vous le Peptide MGF [10mg] \\u2013 10 Vials \\u2013 Nyon Biotech. Exp\\u00e9dition Rapide, Paiement Facile.\",\"breadcrumb\":{\"@id\":\"https:\/\/roidsmania.com\/produit\/peptide-mgf-20mg-10-vials-nyon-biotech\/#breadcrumb\"},\"inLanguage\":\"fr-FR\",\"potentialAction\":[{\"@type\":\"ReadAction\",\"target\":[\"https:\/\/roidsmania.com\/produit\/peptide-mgf-20mg-10-vials-nyon-biotech\/\"]}]},{\"@type\":\"BreadcrumbList\",\"@id\":\"https:\/\/roidsmania.com\/produit\/peptide-mgf-20mg-10-vials-nyon-biotech\/#breadcrumb\",\"itemListElement\":[{\"@type\":\"ListItem\",\"position\":1,\"item\":{\"@type\":\"WebPage\",\"@id\":\"https:\/\/roidsmania.com\/fr\/\",\"url\":\"https:\/\/roidsmania.com\/fr\/\",\"name\":\"Home\"}},{\"@type\":\"ListItem\",\"position\":2,\"item\":{\"@type\":\"WebPage\",\"@id\":\"https:\/\/roidsmania.com\/fr\/boutique\/\",\"url\":\"https:\/\/roidsmania.com\/fr\/boutique\/\",\"name\":\"BOUTIQUE\"}},{\"@type\":\"ListItem\",\"position\":3,\"item\":{\"@type\":\"WebPage\",\"@id\":\"https:\/\/roidsmania.com\/produit\/peptide-mgf-20mg-10-vials-nyon-biotech\/\",\"url\":\"https:\/\/roidsmania.com\/produit\/peptide-mgf-20mg-10-vials-nyon-biotech\/\",\"name\":\"Peptide MGF [20mg] \\u2013 10 Vials \\u2013 Nyon Biotech\"}}]}]}<\/script>\n<!-- \/ Yoast SEO plugin. -->","_links":{"self":[{"href":"https:\/\/roidsmania.com\/fr\/wp-json\/wp\/v2\/product\/11719\/"}],"collection":[{"href":"https:\/\/roidsmania.com\/fr\/wp-json\/wp\/v2\/product\/"}],"about":[{"href":"https:\/\/roidsmania.com\/fr\/wp-json\/wp\/v2\/types\/product\/"}],"replies":[{"embeddable":true,"href":"https:\/\/roidsmania.com\/fr\/wp-json\/wp\/v2\/comments\/?post=11719"}],"wp:featuredmedia":[{"embeddable":true,"href":"https:\/\/roidsmania.com\/fr\/wp-json\/wp\/v2\/media\/243017\/"}],"wp:attachment":[{"href":"https:\/\/roidsmania.com\/fr\/wp-json\/wp\/v2\/media\/?parent=11719"}],"wp:term":[{"taxonomy":"berocket_brand","embeddable":true,"href":"https:\/\/roidsmania.com\/fr\/wp-json\/wp\/v2\/berocket_brand\/?post=11719"}],"curies":[{"name":"wp","href":"https:\/\/api.w.org\/{rel}","templated":true}]}}