{"id":11648,"date":"2017-10-17T04:16:36","date_gmt":"2017-10-16T21:16:39","guid":{"rendered":"https:\/\/roidsmania.com\/?post_type=product&#038;p=11648"},"modified":"2023-08-28T03:09:43","modified_gmt":"2023-08-27T20:09:43","slug":"peptide-ghrp-6-50mg-10-vials-nyon-biotech","status":"publish","type":"product","link":"https:\/\/roidsmania.com\/fr\/produit\/peptide-ghrp-6-50mg-10-vials-nyon-biotech\/","title":{"rendered":"Peptide GHRP-6 [50mg] &#8211; 10 Vials &#8211; Nyon Biotech"},"content":{"rendered":"<div align=\"justify\">\n<p><strong>GHRP-6<\/strong> est un peptide injectable utilis\u00e9 pour la formation de l\u2019hormone de croissance GHRP. La principale utilisation du GHRP-6 consistent \u00e0 fournir des taux \u00e9lev\u00e9s de GH entra\u00eenant une \u00e9l\u00e9vation des taux d\u2019IGF-1.<strong>Acheter Steroides France.<\/strong><br \/>\nCela provoque la perte de la masse graisseuse beaucoup plus fortement que le gain de la masse musculaire.<\/p>\n<p>Il est particuli\u00e8rement recommand\u00e9 d\u2019utiliser le GHRP-6 pour ce qui est de l\u2019effet de l\u2019augmentation de l\u2019app\u00e9tit m\u00eame si ce ph\u00e9nom\u00e8ne peut para\u00eetre plut\u00f4t n\u00e9gatif pour la plupart des utilisateurs. Cela est d\u00fb au fait qu\u2019un peptide appel\u00e9 ghreline qui est une muqueuse de l\u2019estomac. Une fois lib\u00e9r\u00e9e, elle augmente la faim. Une autre de ces utilit\u00e9s est son efficacit\u00e9 prouv\u00e9e dans la r\u00e9duction de l\u2019inflammation mais aussi pour les blessures et particuli\u00e8rement la tendinite<\/p>\n<p>Une des particularit\u00e9s de l\u2019utilisation du GHRP-6 est <strong>l\u2019am\u00e9lioration<\/strong> de la masse musculaire et ceci gr\u00e2ce \u00e0 son association avec d\u2019autres peptides et \/ ou st\u00e9ro\u00efdes anabolisants. Il a pour second effet la fonte des graisses\u00a0ce qui peut \u00eatre un effet positif autant que n\u00e9gatif selon les individus. Il est aussi reconnu pour l\u2019am\u00e9lioration esth\u00e9tique de la peau. Et enfin, il a \u00e9t\u00e9 reconnu qu\u2019il \u00e9tait excellent en ce qui concerne la gu\u00e9rison des blessures.<\/p>\n<p>Un des autres b\u00e9n\u00e9fices du GHRP-6 et qu\u2019il soit particuli\u00e8rement favorable de l\u2019utiliser pour soigner les atrophies musculaires et les pertes de poids d\u00fb \u00e0 un affaiblissement majeur de l\u2019organisme caus\u00e9 par la d\u00e9nutrition ou \u00e0 un jeun s\u00e9v\u00e8re.<\/p>\n<p>Il est conseill\u00e9 de prendre de 600 mcg \u00e0 900 mcg par jour pendant 3 mois minimum et 6 mois maximum.<\/p>\n<p>&nbsp;<\/p>\n<h3><b>Les effets positifs du GHRP-6 :<\/b><\/h3>\n<ul>\n<li>Augmentation de la masse musculaire<\/li>\n<li>Augmentation de la force et de l\u2019endurance<\/li>\n<li>Diminution de la graisse corporelle<\/li>\n<li>Contribue \u00e0 la croissance des tissus osseux<\/li>\n<li>S\u00e9cr\u00e9tion de l\u2019IGF-1 aidant \u00e0 br\u00fbler la graisse corporelle et l\u2019augmentation du muscle<\/li>\n<li>Peptide anti vieillissement<\/li>\n<li>Am\u00e9lioration de la r\u00e9ponse immunitaire<\/li>\n<li>Renforcement des articulations<\/li>\n<li>Renforcement des tissus conjonctifs<\/li>\n<li>Renforcement de la masse corporelle<\/li>\n<li>Effet rapide sur la ghr\u00e9line<\/li>\n<li>Am\u00e9liore la perte du gras corporel<\/li>\n<\/ul>\n<\/div>\n","protected":false},"excerpt":{"rendered":"<div align=\"justify\"><strong>Laboratoire :<\/strong> Nyon Biotech<br \/>\n<strong>Forme :<\/strong> Injection sous cutan\u00e9e<br \/>\n<strong>Mol\u00e9cule :<\/strong>\u00a0GHRP-6<br \/>\n<strong>Concentration :<\/strong> 5mg\/vial<br \/>\n<strong>Volume :<\/strong> 10 Vials<br \/>\n<strong>Dosage Recommand\u00e9 :<\/strong> 600mcg\/jour<\/p>\n<p>Le peptide GHRP-6 de Nyon Biotech est un secretagogue HGH qui lib\u00e8re de l\u2019hormone de croissance mais aussi de la prolactine (s\u00e9cr\u00e9tion de testost\u00e9rone) et du cortisol (r\u00e9gulation du m\u00e9tabolisme).<\/p>\n<p>En plus d\u2019\u00e9lever les niveaux de plasma d\u2019hormone de croissance du corps, le<strong> GHRP-6<\/strong> va stimuler une augmentation de l\u2019app\u00e9tit indispensable \u00e0 une prise de masse musculaire.<\/p>\n<\/div>\n","protected":false},"featured_media":243012,"comment_status":"closed","ping_status":"closed","template":"","meta":[],"berocket_brand":[268],"yoast_head":"<!-- This site is optimized with the Yoast SEO plugin v15.9.1 - https:\/\/yoast.com\/wordpress\/plugins\/seo\/ -->\n<title>Acheter le Peptide GHRP-6 [50mg] - 10 Vials - Nyon Biotech<\/title>\n<meta name=\"description\" content=\"RoidsMania.com a s\u00e9lectionn\u00e9 pour vous le Peptide GHRP-6 [50mg] - 10 Vials - Nyon Biotech. Exp\u00e9dition Rapide, Paiement Facile.\" \/>\n<meta name=\"robots\" content=\"index, follow, max-snippet:-1, max-image-preview:large, max-video-preview:-1\" \/>\n<link rel=\"canonical\" href=\"https:\/\/roidsmania.com\/fr\/produit\/peptide-ghrp-6-50mg-10-vials-nyon-biotech\/\" \/>\n<meta property=\"og:locale\" content=\"fr_FR\" \/>\n<meta property=\"og:type\" content=\"article\" \/>\n<meta property=\"og:title\" content=\"Acheter le Peptide GHRP-6 [50mg] - 10 Vials - Nyon Biotech\" \/>\n<meta property=\"og:description\" content=\"RoidsMania.com a s\u00e9lectionn\u00e9 pour vous le Peptide GHRP-6 [50mg] - 10 Vials - Nyon Biotech. Exp\u00e9dition Rapide, Paiement Facile.\" \/>\n<meta property=\"og:url\" content=\"https:\/\/roidsmania.com\/produit\/peptide-ghrp-6-50mg-10-vials-nyon-biotech\/\" \/>\n<meta property=\"og:site_name\" content=\"RoidsMania.com\" \/>\n<meta property=\"article:modified_time\" content=\"2023-08-27T20:09:43+00:00\" \/>\n<meta property=\"og:image\" content=\"https:\/\/roidsmania.com\/wp-content\/uploads\/2017\/10\/GHRP-6-5mg-1.png\" \/>\n\t<meta property=\"og:image:width\" content=\"1500\" \/>\n\t<meta property=\"og:image:height\" content=\"1500\" \/>\n<meta name=\"twitter:card\" content=\"summary\" \/>\n<meta name=\"twitter:label1\" content=\"Dur\u00e9e de lecture est.\">\n\t<meta name=\"twitter:data1\" content=\"2 minutes\">\n<script type=\"application\/ld+json\" class=\"yoast-schema-graph\">{\"@context\":\"https:\/\/schema.org\",\"@graph\":[{\"@type\":\"WebSite\",\"@id\":\"https:\/\/roidsmania.com\/fr\/#website\",\"url\":\"https:\/\/roidsmania.com\/fr\/\",\"name\":\"RoidsMania.com\",\"description\":\"Online Anabolic Steroids shop\",\"potentialAction\":[{\"@type\":\"SearchAction\",\"target\":\"https:\/\/roidsmania.com\/fr\/?s={search_term_string}\",\"query-input\":\"required name=search_term_string\"}],\"inLanguage\":\"fr-FR\"},{\"@type\":\"ImageObject\",\"@id\":\"https:\/\/roidsmania.com\/produit\/peptide-ghrp-6-50mg-10-vials-nyon-biotech\/#primaryimage\",\"inLanguage\":\"fr-FR\",\"url\":\"https:\/\/roidsmania.com\/wp-content\/uploads\/2017\/10\/GHRP-6-5mg-1.png\",\"width\":1500,\"height\":1500},{\"@type\":\"WebPage\",\"@id\":\"https:\/\/roidsmania.com\/produit\/peptide-ghrp-6-50mg-10-vials-nyon-biotech\/#webpage\",\"url\":\"https:\/\/roidsmania.com\/produit\/peptide-ghrp-6-50mg-10-vials-nyon-biotech\/\",\"name\":\"Acheter le Peptide GHRP-6 [50mg] - 10 Vials - Nyon Biotech\",\"isPartOf\":{\"@id\":\"https:\/\/roidsmania.com\/fr\/#website\"},\"primaryImageOfPage\":{\"@id\":\"https:\/\/roidsmania.com\/produit\/peptide-ghrp-6-50mg-10-vials-nyon-biotech\/#primaryimage\"},\"datePublished\":\"2017-10-16T21:16:39+00:00\",\"dateModified\":\"2023-08-27T20:09:43+00:00\",\"description\":\"RoidsMania.com a s\\u00e9lectionn\\u00e9 pour vous le Peptide GHRP-6 [50mg] - 10 Vials - Nyon Biotech. Exp\\u00e9dition Rapide, Paiement Facile.\",\"breadcrumb\":{\"@id\":\"https:\/\/roidsmania.com\/produit\/peptide-ghrp-6-50mg-10-vials-nyon-biotech\/#breadcrumb\"},\"inLanguage\":\"fr-FR\",\"potentialAction\":[{\"@type\":\"ReadAction\",\"target\":[\"https:\/\/roidsmania.com\/produit\/peptide-ghrp-6-50mg-10-vials-nyon-biotech\/\"]}]},{\"@type\":\"BreadcrumbList\",\"@id\":\"https:\/\/roidsmania.com\/produit\/peptide-ghrp-6-50mg-10-vials-nyon-biotech\/#breadcrumb\",\"itemListElement\":[{\"@type\":\"ListItem\",\"position\":1,\"item\":{\"@type\":\"WebPage\",\"@id\":\"https:\/\/roidsmania.com\/fr\/\",\"url\":\"https:\/\/roidsmania.com\/fr\/\",\"name\":\"Home\"}},{\"@type\":\"ListItem\",\"position\":2,\"item\":{\"@type\":\"WebPage\",\"@id\":\"https:\/\/roidsmania.com\/fr\/boutique\/\",\"url\":\"https:\/\/roidsmania.com\/fr\/boutique\/\",\"name\":\"BOUTIQUE\"}},{\"@type\":\"ListItem\",\"position\":3,\"item\":{\"@type\":\"WebPage\",\"@id\":\"https:\/\/roidsmania.com\/produit\/peptide-ghrp-6-50mg-10-vials-nyon-biotech\/\",\"url\":\"https:\/\/roidsmania.com\/produit\/peptide-ghrp-6-50mg-10-vials-nyon-biotech\/\",\"name\":\"Peptide GHRP-6 [50mg] &#8211; 10 Vials &#8211; Nyon Biotech\"}}]}]}<\/script>\n<!-- \/ Yoast SEO plugin. -->","_links":{"self":[{"href":"https:\/\/roidsmania.com\/fr\/wp-json\/wp\/v2\/product\/11648\/"}],"collection":[{"href":"https:\/\/roidsmania.com\/fr\/wp-json\/wp\/v2\/product\/"}],"about":[{"href":"https:\/\/roidsmania.com\/fr\/wp-json\/wp\/v2\/types\/product\/"}],"replies":[{"embeddable":true,"href":"https:\/\/roidsmania.com\/fr\/wp-json\/wp\/v2\/comments\/?post=11648"}],"wp:featuredmedia":[{"embeddable":true,"href":"https:\/\/roidsmania.com\/fr\/wp-json\/wp\/v2\/media\/243012\/"}],"wp:attachment":[{"href":"https:\/\/roidsmania.com\/fr\/wp-json\/wp\/v2\/media\/?parent=11648"}],"wp:term":[{"taxonomy":"berocket_brand","embeddable":true,"href":"https:\/\/roidsmania.com\/fr\/wp-json\/wp\/v2\/berocket_brand\/?post=11648"}],"curies":[{"name":"wp","href":"https:\/\/api.w.org\/{rel}","templated":true}]}}