{"id":11588,"date":"2017-10-16T01:45:02","date_gmt":"2017-10-15T18:45:02","guid":{"rendered":"https:\/\/roidsmania.com\/product\/mt-2-melanotan-2-10mg-1ml-global-anabolic\/"},"modified":"2020-10-28T05:13:40","modified_gmt":"2020-10-27T22:13:40","slug":"mt-2-melanotan-2-10mg-1-vial-global-anabolic","status":"publish","type":"product","link":"https:\/\/roidsmania.com\/fr\/produit\/mt-2-melanotan-2-10mg-1-vial-global-anabolic\/","title":{"rendered":"MT-2 [Melanotan-2 10mg] &#8211; 1 Vial &#8211; Global Anabolic"},"content":{"rendered":"<div align=\"justify\">\n<p>Le <strong>Melanotan<\/strong> <strong>II<\/strong> (\u00e9galement connu comme le MT-II ou le MT-2) est une hormone peptide injectable utilis\u00e9 pour favoriser le bronzage. Le MT-II agit en stimulant les r\u00e9cepteurs alpha-m\u00e9lanocytes, ce qui favorise la formation de m\u00e9lanine en r\u00e9ponse \u00e0 l\u2019exposition au soleil.<strong>Meilleur source achat steroides.<\/strong><\/p>\n<p>Le Melanotan II est un peptide injectable fabriqu\u00e9 pour am\u00e9liorer la capacit\u00e9 de bronzer. Le dosage est<strong> typiquement de 0,5 \u00e0 1 mg\/jour,<\/strong> et la quantit\u00e9 totale requise pour un bon effet est typiquement <strong>de 30 \u00e0 40 mg<\/strong>, bien que pour les individus de teint d\u00e9j\u00e0 mod\u00e9r\u00e9ment fonc\u00e9, une dose aussi faible que 10 mg peut d\u00e9j\u00e0 avoir des effets significatifs. Le MT-II peut aussi \u00eatre utilis\u00e9 pour am\u00e9liorer la tendance \u00e0 l\u2019\u00e9rection du p\u00e9nis, mais la fr\u00e9quence pour un tel usage doit \u00eatre limit\u00e9e pour \u00e9viter l\u2019effet total sur la pigmentation cutan\u00e9e.<\/p>\n<p><strong>Avec Ce produit vous obtiendrez :<\/strong><\/p>\n<p>&#8211; Un bronzage de la peau sans exposition au soleil<br \/>\n&#8211; Une diminution de l\u2019app\u00e9tit<br \/>\n&#8211; Une r\u00e9duction du cancer de la peau<\/p>\n<\/div>\n<p>&#8211; Une augmentation de la libido et des \u00e9rections spontan\u00e9es<\/p>\n","protected":false},"excerpt":{"rendered":"<div align=\"justify\"><strong>Laboratoire :<\/strong> Global Anabolic<br \/>\n<strong>Forme :<\/strong> Injection sous cutan\u00e9e<br \/>\n<strong>Mol\u00e9cule :<\/strong> Melanotan 2<br \/>\n<strong>Concentration :<\/strong> 10mg\/vial<br \/>\n<strong>Volume :<\/strong> 1 vial<br \/>\n<strong>Dosage Recommand\u00e9 :<\/strong> 0.5-2mg\/jour<\/p>\n<p>Le Melanotan 2 de Global Anabolic une hormone peptidique utilis\u00e9e pour augmenter la pigmentation de la peau et obtenir un bronzage sans obligation d\u2019exposition aux rayons UV. Le <strong>Melanotan 2 propose<\/strong> \u00e9galement d\u2019autres avantages tels que perte de poids, augmentation de libido, et prise de masse s\u00e8che.<\/p>\n<\/div>\n","protected":false},"featured_media":233071,"comment_status":"closed","ping_status":"closed","template":"","meta":[],"berocket_brand":[176],"yoast_head":"<!-- This site is optimized with the Yoast SEO plugin v15.9.1 - https:\/\/yoast.com\/wordpress\/plugins\/seo\/ -->\n<title>Acheter du MT-2 [Melanotan-2 10mg] - 1 Vial - Global Anabolic<\/title>\n<meta name=\"description\" content=\"Roidsmania.com a s\u00e9lectionn\u00e9 pour vous le MT-2 [Melanotan-2 10mg] - 1 Vial - Global Anabolic. Exp\u00e9dition Rapide. Paiement Facile.\" \/>\n<meta name=\"robots\" content=\"index, follow, max-snippet:-1, max-image-preview:large, max-video-preview:-1\" \/>\n<link rel=\"canonical\" href=\"https:\/\/roidsmania.com\/fr\/produit\/mt-2-melanotan-2-10mg-1-vial-global-anabolic\/\" \/>\n<meta property=\"og:locale\" content=\"fr_FR\" \/>\n<meta property=\"og:type\" content=\"article\" \/>\n<meta property=\"og:title\" content=\"Acheter du MT-2 [Melanotan-2 10mg] - 1 Vial - Global Anabolic\" \/>\n<meta property=\"og:description\" content=\"Roidsmania.com a s\u00e9lectionn\u00e9 pour vous le MT-2 [Melanotan-2 10mg] - 1 Vial - Global Anabolic. Exp\u00e9dition Rapide. Paiement Facile.\" \/>\n<meta property=\"og:url\" content=\"https:\/\/roidsmania.com\/fr\/produit\/mt-2-melanotan-2-10mg-1-vial-global-anabolic\/\" \/>\n<meta property=\"og:site_name\" content=\"RoidsMania.com\" \/>\n<meta property=\"article:modified_time\" content=\"2020-10-27T22:13:40+00:00\" \/>\n<meta property=\"og:image\" content=\"https:\/\/roidsmania.com\/wp-content\/uploads\/2017\/10\/Melanotan-II-Peptide.jpg\" \/>\n\t<meta property=\"og:image:width\" content=\"300\" \/>\n\t<meta property=\"og:image:height\" content=\"366\" \/>\n<meta name=\"twitter:card\" content=\"summary\" \/>\n<meta name=\"twitter:label1\" content=\"Dur\u00e9e de lecture est.\">\n\t<meta name=\"twitter:data1\" content=\"1 minute\">\n<script type=\"application\/ld+json\" class=\"yoast-schema-graph\">{\"@context\":\"https:\/\/schema.org\",\"@graph\":[{\"@type\":\"WebSite\",\"@id\":\"https:\/\/roidsmania.com\/fr\/#website\",\"url\":\"https:\/\/roidsmania.com\/fr\/\",\"name\":\"RoidsMania.com\",\"description\":\"Online Anabolic Steroids shop\",\"potentialAction\":[{\"@type\":\"SearchAction\",\"target\":\"https:\/\/roidsmania.com\/fr\/?s={search_term_string}\",\"query-input\":\"required name=search_term_string\"}],\"inLanguage\":\"fr-FR\"},{\"@type\":\"ImageObject\",\"@id\":\"https:\/\/roidsmania.com\/fr\/produit\/mt-2-melanotan-2-10mg-1-vial-global-anabolic\/#primaryimage\",\"inLanguage\":\"fr-FR\",\"url\":\"https:\/\/roidsmania.com\/wp-content\/uploads\/2017\/10\/mt2.png\",\"width\":891,\"height\":969},{\"@type\":\"WebPage\",\"@id\":\"https:\/\/roidsmania.com\/fr\/produit\/mt-2-melanotan-2-10mg-1-vial-global-anabolic\/#webpage\",\"url\":\"https:\/\/roidsmania.com\/fr\/produit\/mt-2-melanotan-2-10mg-1-vial-global-anabolic\/\",\"name\":\"Acheter du MT-2 [Melanotan-2 10mg] - 1 Vial - Global Anabolic\",\"isPartOf\":{\"@id\":\"https:\/\/roidsmania.com\/fr\/#website\"},\"primaryImageOfPage\":{\"@id\":\"https:\/\/roidsmania.com\/fr\/produit\/mt-2-melanotan-2-10mg-1-vial-global-anabolic\/#primaryimage\"},\"datePublished\":\"2017-10-15T18:45:02+00:00\",\"dateModified\":\"2020-10-27T22:13:40+00:00\",\"description\":\"Roidsmania.com a s\\u00e9lectionn\\u00e9 pour vous le MT-2 [Melanotan-2 10mg] - 1 Vial - Global Anabolic. Exp\\u00e9dition Rapide. Paiement Facile.\",\"breadcrumb\":{\"@id\":\"https:\/\/roidsmania.com\/fr\/produit\/mt-2-melanotan-2-10mg-1-vial-global-anabolic\/#breadcrumb\"},\"inLanguage\":\"fr-FR\",\"potentialAction\":[{\"@type\":\"ReadAction\",\"target\":[\"https:\/\/roidsmania.com\/fr\/produit\/mt-2-melanotan-2-10mg-1-vial-global-anabolic\/\"]}]},{\"@type\":\"BreadcrumbList\",\"@id\":\"https:\/\/roidsmania.com\/fr\/produit\/mt-2-melanotan-2-10mg-1-vial-global-anabolic\/#breadcrumb\",\"itemListElement\":[{\"@type\":\"ListItem\",\"position\":1,\"item\":{\"@type\":\"WebPage\",\"@id\":\"https:\/\/roidsmania.com\/fr\/\",\"url\":\"https:\/\/roidsmania.com\/fr\/\",\"name\":\"Home\"}},{\"@type\":\"ListItem\",\"position\":2,\"item\":{\"@type\":\"WebPage\",\"@id\":\"https:\/\/roidsmania.com\/fr\/boutique\/\",\"url\":\"https:\/\/roidsmania.com\/fr\/boutique\/\",\"name\":\"BOUTIQUE\"}},{\"@type\":\"ListItem\",\"position\":3,\"item\":{\"@type\":\"WebPage\",\"@id\":\"https:\/\/roidsmania.com\/fr\/produit\/mt-2-melanotan-2-10mg-1-vial-global-anabolic\/\",\"url\":\"https:\/\/roidsmania.com\/fr\/produit\/mt-2-melanotan-2-10mg-1-vial-global-anabolic\/\",\"name\":\"MT-2 [Melanotan-2 10mg] &#8211; 1 Vial &#8211; Global Anabolic\"}}]}]}<\/script>\n<!-- \/ Yoast SEO plugin. -->","_links":{"self":[{"href":"https:\/\/roidsmania.com\/fr\/wp-json\/wp\/v2\/product\/11588\/"}],"collection":[{"href":"https:\/\/roidsmania.com\/fr\/wp-json\/wp\/v2\/product\/"}],"about":[{"href":"https:\/\/roidsmania.com\/fr\/wp-json\/wp\/v2\/types\/product\/"}],"replies":[{"embeddable":true,"href":"https:\/\/roidsmania.com\/fr\/wp-json\/wp\/v2\/comments\/?post=11588"}],"wp:featuredmedia":[{"embeddable":true,"href":"https:\/\/roidsmania.com\/fr\/wp-json\/wp\/v2\/media\/233071\/"}],"wp:attachment":[{"href":"https:\/\/roidsmania.com\/fr\/wp-json\/wp\/v2\/media\/?parent=11588"}],"wp:term":[{"taxonomy":"berocket_brand","embeddable":true,"href":"https:\/\/roidsmania.com\/fr\/wp-json\/wp\/v2\/berocket_brand\/?post=11588"}],"curies":[{"name":"wp","href":"https:\/\/api.w.org\/{rel}","templated":true}]}}