{"id":10287,"date":"2017-09-15T04:39:09","date_gmt":"2017-09-14T21:39:09","guid":{"rendered":"https:\/\/roidsmania.com\/?post_type=product&#038;p=10287\/"},"modified":"2020-10-15T03:09:46","modified_gmt":"2020-10-14T20:09:46","slug":"pack-endurance-inject-sustanon-winstrol-boldenone-12-semaines","status":"publish","type":"product","link":"https:\/\/roidsmania.com\/fr\/produit\/pack-endurance-inject-sustanon-winstrol-boldenone-12-semaines\/","title":{"rendered":"Pack Endurance Inject &#8211; Sustanon\/Winstrol\/Boldenone &#8211; 12 Semaines"},"content":{"rendered":"\n<table id=\"tablepress-59\" class=\"tablepress tablepress-id-59\">\n<thead>\n<tr class=\"row-1 odd\">\n\t<th class=\"column-1\"><strong><center>ILLUSTRATION DU PRODUIT<\/center><\/strong><\/th><th class=\"column-2\"><strong><center>QUANTIT\u00c9<\/center><\/strong><\/th><th class=\"column-3\"><strong><center>DESCRIPTION DU PRODUIT<\/center><\/strong><\/th>\n<\/tr>\n<\/thead>\n<tbody class=\"row-hover\">\n<tr class=\"row-2 even\">\n\t<td class=\"column-1\"><center><img src=\"https:\/\/roidsmania.com\/wp-content\/uploads\/2017\/01\/Sustanon-400-Meditech.jpg\" alt=\"\" width=\"300\" height=\"169\" class=\"alignright size-medium wp-image-9218\" \/><\/center><\/td><td class=\"column-2\"><strong><center>2 VIALS<\/center><\/strong><\/td><td class=\"column-3\"><strong><center>Sustanon 400 [Testosterone Complex 4000mg] \u2013 10ml \u2013 Meditech<\/strong><br \/>\n<br \/>\nLa testost\u00e9rone est un produit qui offre un d\u00e9veloppement de la masse musculaire et une augmentation impressionnante de la force. Ce produit est parfait pour une prise de masse<\/center><\/td>\n<\/tr>\n<tr class=\"row-3 odd\">\n\t<td class=\"column-1\"><center><img src=\"https:\/\/roidsmania.com\/wp-content\/uploads\/2017\/01\/Equipoise-400-Meditech-10ml.jpg\" alt=\"\" width=\"300\" height=\"169\" class=\"alignright size-medium wp-image-9401\" \/><\/center><\/td><td class=\"column-2\"><strong><center>2 VIALS<\/center><\/strong><\/td><td class=\"column-3\"><strong><center>Equipoise-400 [Boldenone Undecylenate 4000mg] \u2013 10ml \u2013 Meditech<\/strong><br \/>\n<br \/>\nAussi appel\u00e9 Equipoise, La Boldenone est un st\u00e9ro\u00efde tr\u00e8s appr\u00e9ci\u00e9 par bodybuilders. Offrant des gains remarquables avec un produit de qualit\u00e9.<br \/>\nla Boldenone d\u00e9veloppe une densit\u00e9 de masse modeste mais de qualit\u00e9, avec une faible r\u00e9tention d\u2019eau. Elle fournit donc des muscles trac\u00e9s et acquis de fa\u00e7on quasi permanente.<\/center><\/td>\n<\/tr>\n<tr class=\"row-4 even\">\n\t<td class=\"column-1\"><center><img src=\"https:\/\/roidsmania.com\/wp-content\/uploads\/2016\/12\/Winstrol10ml.png\" alt=\"\" width=\"300\" height=\"169\" class=\"alignright size-medium wp-image-9401\" \/><\/center><\/td><td class=\"column-2\"><strong><center>2 VIALS<\/center><\/strong><\/td><td class=\"column-3\"><strong><center>Winstrol [Stanozolol Injection 1000mg] \u2013 10ml \u2013 Meditech<\/strong><br \/>\n<br \/>\nLe Winstrol Stanozolol est un st\u00e9ro\u00efde anabolisant g\u00e9n\u00e9ralement utilis\u00e9 pour un cycle amaigrissant. Alors que le Dianabol ou m\u00eame l\u2019Anadrol est sp\u00e9cifiquement utilis\u00e9 pour un cycle de gain de masse, Le Winstrol est connu dans le monde entier comme un excelent br\u00fbleur de graisse<\/center><\/td>\n<\/tr>\n<tr class=\"row-5 odd\">\n\t<td class=\"column-1\"><center><img src=\"https:\/\/roidsmania.com\/wp-content\/uploads\/2018\/01\/anastrol-1.jpg\" alt=\"\" width=\"150\" height=\"300\" class=\"alignright size-medium wp-image-9096\" \/><\/center><\/td><td class=\"column-2\"><strong><center>50 COMPRIM\u00c9S<\/center><\/strong><\/td><td class=\"column-3\"><strong><center>Anastrol-1 [Anastrozole 1mg] \u2013 50 comprim\u00e9s \u2013 Global Anabolic<\/strong><br \/>\n<br \/>\nL'arimidex (ou Anastrozole) est un anti-oestrog\u00e8ne important dans le cadre d\u2019une cure de st\u00e9ro\u00efdes anabolisants, il r\u00e9duit les effets des \u0153strog\u00e8nes et am\u00e9liore \u00e9galement l\u2019\u00e9quilibre hormonal.<\/td>\n<\/tr>\n<tr class=\"row-6 even\">\n\t<td class=\"column-1\"><center><img src=\"https:\/\/roidsmania.com\/wp-content\/uploads\/2019\/03\/liv.52-DS.jpg\" alt=\"\" width=\"140\" height=\"150\" class=\"alignright size-medium wp-image-8721\" \/><\/center><\/td><td class=\"column-2\"><strong><center>120 COMPRIM\u00c9S<\/center><\/strong><\/td><td class=\"column-3\"><strong><center>Liv.52 DS \u2013 120 comprim\u00e9s \u2013 Himalaya<\/strong><br \/>\n<br \/>\nLe LIV.52 DS (Double Size) d\u2019Himalaya est une formule naturel \u00e0 base d\u2019extrait de plantes dont la finalit\u00e9 est d\u2019offrir une protection h\u00e9patique, il est tr\u00e8s utilis\u00e9 par les culturistes et athl\u00e8tes afin de prot\u00e9ger le foie lors de la prise de st\u00e9ro\u00efdes anabolisants.<\/center><\/td>\n<\/tr>\n<tr class=\"row-7 odd\">\n\t<td class=\"column-1\"><center><img src=\"https:\/\/roidsmania.com\/wp-content\/uploads\/2016\/12\/Clomid.png\" alt=\"\" width=\"150\" height=\"150\" class=\"alignright size-medium wp-image-8717\" \/><\/center><\/td><td class=\"column-2\"><strong><center>20 COMPRIM\u00c9S<\/center><\/strong><\/td><td class=\"column-3\"><strong><center>Clomid [Clomiphene Citrate 50mg] \u2013 20 comprim\u00e9s \u2013 Meditech<\/strong><br \/>\n<br \/>\nLes culturistes utilisent le Clomid pour relancer la production de testost\u00e9rone dans les testicules et \u00e9vitent ainsi les d\u00e9s\u00e9quilibres hormonaux. Les athl\u00e8tes d\u00e9montrent qu\u2019une dose quotidienne de 50 \u00e0 100 mg de Clomid aide \u00e0 r\u00e9tablir les niveaux normaux de testost\u00e9rone en 2 \u00e0 3 semaines.<\/center><\/td>\n<\/tr>\n<tr class=\"row-8 even\">\n\t<td class=\"column-1\"><center><img src=\"https:\/\/roidsmania.com\/wp-content\/uploads\/2017\/08\/Nolvadex-D-Tamoxifen-Citrate-20mg-30-Tabs-Meditech.jpg\" alt=\"\" width=\"150\" height=\"150\" class=\"alignright size-medium wp-image-8715\" \/><\/center><\/td><td class=\"column-2\"><strong><center>20 COMPRIM\u00c9S<\/center><\/strong><\/td><td class=\"column-3\"><center><strong>Nolvadex-D [Tamoxifen Citrate 20mg] \u2013 20 comprim\u00e9s \u2013 Meditech<\/strong><br \/>\n<br \/>\nLe Nolvadex est un anti-oestrog\u00e8ne puissant et bien connu des bodybuilders. Ce produit \u00e9vite les ph\u00e9nom\u00e8nes de f\u00e9minisation qui se produisent souvent \u00e0 la fin d\u2019une cure de st\u00e9ro\u00efdes anabolisants.<\/center><\/td>\n<\/tr>\n<\/tbody>\n<\/table>\n<!-- #tablepress-59 from cache -->\n<p>&nbsp;<br \/>\n&nbsp;<br \/>\n\n<table id=\"tablepress-96\" class=\"tablepress tablepress-id-96\">\n<thead>\n<tr class=\"row-1 odd\">\n\t<th class=\"column-1\"><font size=4><center><strong>PRODUITS<\/strong><\/center><\/font><\/th><th class=\"column-2\"><br \/>\n<font size=4><center><strong>POSOLOGIE<\/strong><\/center><\/font><br \/>\n<\/th>\n<\/tr>\n<\/thead>\n<tbody class=\"row-hover\">\n<tr class=\"row-2 even\">\n\t<td class=\"column-1\"><center><strong><br \/>\nSUSTA 400<\/strong><\/center><\/td><td class=\"column-2\"><br \/>\n<strong>Semaine 1 \u00e0 12 :<\/strong> Prendre 1.5ml de Sustanon 400 par semaine. Exemple de prise : 0.75ml le lundi et 0.75ml le jeudi.<br \/>\n<br \/>\n<\/td>\n<\/tr>\n<tr class=\"row-3 odd\">\n\t<td class=\"column-1\"><center><strong><br \/>\nBOLDENONE<\/strong><\/center><\/td><td class=\"column-2\"><br \/>\n<strong>Semaine 1 \u00e0 12 :<\/strong> Prendre 1.5ml de Boldenone 400 par semaine. Exemple de prise : 0.75ml le lundi et 0.75ml le jeudi.<br \/>\n<br \/>\n<\/td>\n<\/tr>\n<tr class=\"row-4 even\">\n\t<td class=\"column-1\"><center><strong><br \/>\nWINSTROL<\/strong><\/center><\/td><td class=\"column-2\"><br \/>\n<strong>Semaine 7 \u00e0 12 :<\/strong> Prendre 3 ml de Winstrol par semaine. <br \/>\nExemple de prise : 1ml le mardi et 1ml le vendredi et 1ml le dimanche.<br \/>\n<br \/>\n<strong>Attention le Winstrol et le Susta\/Boldenone ne se m\u00e9langent pas dans la m\u00eame seringue !<\/strong> <br \/>\n<br \/>\n<\/td>\n<\/tr>\n<tr class=\"row-5 odd\">\n\t<td class=\"column-1\"><\/td><td class=\"column-2\"><br \/>\n<font size=4><center><strong>PROTECTIONS<\/strong><\/center><\/font><br \/>\n<\/td>\n<\/tr>\n<tr class=\"row-6 even\">\n\t<td class=\"column-1\"><center><strong><br \/>\nANASTROL<br \/>\n<\/strong><\/center><\/td><td class=\"column-2\"><br \/>\n<strong>Semaine 1 \u00e0 12 :<\/strong> Prendre 1 comprim\u00e9 un jour sur deux.<br \/>\n<br \/>\n<\/td>\n<\/tr>\n<tr class=\"row-7 odd\">\n\t<td class=\"column-1\"><center><strong><br \/>\nLIV.52 DS<\/strong><\/center><\/td><td class=\"column-2\"><br \/>\n<strong>Semaine 7 \u00e0 12 :<\/strong> prendre trois comprim\u00e9s par jour.<br \/>\n<br \/>\n<\/td>\n<\/tr>\n<tr class=\"row-8 even\">\n\t<td class=\"column-1\"><\/td><td class=\"column-2\"><br \/>\n<font size=4><center><strong>RELANCE (PCT)<\/strong><\/center><\/font><\/strong><\/center><br \/>\n<\/td>\n<\/tr>\n<tr class=\"row-9 odd\">\n\t<td class=\"column-1\"><center><strong><br \/>\nCLOMID + NOLVADEX<\/strong><\/center><\/td><td class=\"column-2\"><br \/>\nPour votre PCT veuillez patienter 19 jours apr\u00e8s la derni\u00e8re injection avant de commencer la prise de 1 Clomid et 1 Nolvadex par jour apr\u00e8s manger soit le matin, le midi ou le soir pendant 20 jours.<br \/>\n<br \/>\n<\/td>\n<\/tr>\n<\/tbody>\n<\/table>\n<!-- #tablepress-96 from cache --><\/p>\n","protected":false},"excerpt":{"rendered":"<p>Ce pack de<strong>\u00a012 semaines<\/strong> est parfait d\u00e9velopper votre endurance tout en augmentant la combustion de vos graisses. Dans ce pack le Winstrol vous servira a vous affiner tandis que la Boldenone am\u00e9liorera grandement votre endurance \u00e0 l&#039;effort en augmentant votre taux de globules rouges dans votre sang, La testo sera aussi importante dans ce pack pour contre balancer les effets suppressifs de la Boldo et du Winny. <\/p>\n<p>L&#039;anti-\u0153strog\u00e8ne (Anastrozol), la protection foie (Liv.52) ainsi que les produits de relance (Clomid et Nolvadex) sont inclus dans le pack.<\/p>\n","protected":false},"featured_media":10273,"comment_status":"closed","ping_status":"closed","template":"","meta":[],"berocket_brand":[],"yoast_head":"<!-- This site is optimized with the Yoast SEO plugin v15.9.1 - https:\/\/yoast.com\/wordpress\/plugins\/seo\/ -->\n<title>Pack Endurance Inject - Sustanon\/Winstrol\/Boldenone - 12 Semaines<\/title>\n<meta name=\"description\" content=\"RoidsMania a s\u00e9lectionn\u00e9 pour vous Le Pack Endurance Inject - Winstrol\/Boldenone - 8 Semaines. Paiement Facile, Livraison Rapide.\" \/>\n<meta name=\"robots\" content=\"index, follow, max-snippet:-1, max-image-preview:large, max-video-preview:-1\" \/>\n<link rel=\"canonical\" href=\"https:\/\/roidsmania.com\/fr\/produit\/pack-endurance-inject-sustanon-winstrol-boldenone-12-semaines\/\" \/>\n<meta property=\"og:locale\" content=\"fr_FR\" \/>\n<meta property=\"og:type\" content=\"article\" \/>\n<meta property=\"og:title\" content=\"Pack Endurance Inject - Sustanon\/Winstrol\/Boldenone - 12 Semaines\" \/>\n<meta property=\"og:description\" content=\"RoidsMania a s\u00e9lectionn\u00e9 pour vous Le Pack Endurance Inject - Winstrol\/Boldenone - 8 Semaines. Paiement Facile, Livraison Rapide.\" \/>\n<meta property=\"og:url\" content=\"https:\/\/roidsmania.com\/fr\/produit\/pack-endurance-inject-sustanon-winstrol-boldenone-12-semaines\/\" \/>\n<meta property=\"og:site_name\" content=\"RoidsMania.com\" \/>\n<meta property=\"article:modified_time\" content=\"2020-10-14T20:09:46+00:00\" \/>\n<meta property=\"og:image\" content=\"https:\/\/roidsmania.com\/wp-content\/uploads\/2017\/09\/PACKS-ENDURANCE.jpg\" \/>\n\t<meta property=\"og:image:width\" content=\"900\" \/>\n\t<meta property=\"og:image:height\" content=\"900\" \/>\n<meta name=\"twitter:card\" content=\"summary\" \/>\n<script type=\"application\/ld+json\" class=\"yoast-schema-graph\">{\"@context\":\"https:\/\/schema.org\",\"@graph\":[{\"@type\":\"WebSite\",\"@id\":\"https:\/\/roidsmania.com\/fr\/#website\",\"url\":\"https:\/\/roidsmania.com\/fr\/\",\"name\":\"RoidsMania.com\",\"description\":\"Online Anabolic Steroids shop\",\"potentialAction\":[{\"@type\":\"SearchAction\",\"target\":\"https:\/\/roidsmania.com\/fr\/?s={search_term_string}\",\"query-input\":\"required name=search_term_string\"}],\"inLanguage\":\"fr-FR\"},{\"@type\":\"ImageObject\",\"@id\":\"https:\/\/roidsmania.com\/fr\/produit\/pack-endurance-inject-sustanon-winstrol-boldenone-12-semaines\/#primaryimage\",\"inLanguage\":\"fr-FR\",\"url\":\"https:\/\/roidsmania.com\/wp-content\/uploads\/2017\/09\/PACKS-ENDURANCE.jpg\",\"width\":900,\"height\":900},{\"@type\":\"WebPage\",\"@id\":\"https:\/\/roidsmania.com\/fr\/produit\/pack-endurance-inject-sustanon-winstrol-boldenone-12-semaines\/#webpage\",\"url\":\"https:\/\/roidsmania.com\/fr\/produit\/pack-endurance-inject-sustanon-winstrol-boldenone-12-semaines\/\",\"name\":\"Pack Endurance Inject - Sustanon\/Winstrol\/Boldenone - 12 Semaines\",\"isPartOf\":{\"@id\":\"https:\/\/roidsmania.com\/fr\/#website\"},\"primaryImageOfPage\":{\"@id\":\"https:\/\/roidsmania.com\/fr\/produit\/pack-endurance-inject-sustanon-winstrol-boldenone-12-semaines\/#primaryimage\"},\"datePublished\":\"2017-09-14T21:39:09+00:00\",\"dateModified\":\"2020-10-14T20:09:46+00:00\",\"description\":\"RoidsMania a s\\u00e9lectionn\\u00e9 pour vous Le Pack Endurance Inject - Winstrol\/Boldenone - 8 Semaines. Paiement Facile, Livraison Rapide.\",\"breadcrumb\":{\"@id\":\"https:\/\/roidsmania.com\/fr\/produit\/pack-endurance-inject-sustanon-winstrol-boldenone-12-semaines\/#breadcrumb\"},\"inLanguage\":\"fr-FR\",\"potentialAction\":[{\"@type\":\"ReadAction\",\"target\":[\"https:\/\/roidsmania.com\/fr\/produit\/pack-endurance-inject-sustanon-winstrol-boldenone-12-semaines\/\"]}]},{\"@type\":\"BreadcrumbList\",\"@id\":\"https:\/\/roidsmania.com\/fr\/produit\/pack-endurance-inject-sustanon-winstrol-boldenone-12-semaines\/#breadcrumb\",\"itemListElement\":[{\"@type\":\"ListItem\",\"position\":1,\"item\":{\"@type\":\"WebPage\",\"@id\":\"https:\/\/roidsmania.com\/fr\/\",\"url\":\"https:\/\/roidsmania.com\/fr\/\",\"name\":\"Home\"}},{\"@type\":\"ListItem\",\"position\":2,\"item\":{\"@type\":\"WebPage\",\"@id\":\"https:\/\/roidsmania.com\/fr\/boutique\/\",\"url\":\"https:\/\/roidsmania.com\/fr\/boutique\/\",\"name\":\"BOUTIQUE\"}},{\"@type\":\"ListItem\",\"position\":3,\"item\":{\"@type\":\"WebPage\",\"@id\":\"https:\/\/roidsmania.com\/fr\/produit\/pack-endurance-inject-sustanon-winstrol-boldenone-12-semaines\/\",\"url\":\"https:\/\/roidsmania.com\/fr\/produit\/pack-endurance-inject-sustanon-winstrol-boldenone-12-semaines\/\",\"name\":\"Pack Endurance Inject &#8211; Sustanon\/Winstrol\/Boldenone &#8211; 12 Semaines\"}}]}]}<\/script>\n<!-- \/ Yoast SEO plugin. -->","_links":{"self":[{"href":"https:\/\/roidsmania.com\/fr\/wp-json\/wp\/v2\/product\/10287\/"}],"collection":[{"href":"https:\/\/roidsmania.com\/fr\/wp-json\/wp\/v2\/product\/"}],"about":[{"href":"https:\/\/roidsmania.com\/fr\/wp-json\/wp\/v2\/types\/product\/"}],"replies":[{"embeddable":true,"href":"https:\/\/roidsmania.com\/fr\/wp-json\/wp\/v2\/comments\/?post=10287"}],"wp:featuredmedia":[{"embeddable":true,"href":"https:\/\/roidsmania.com\/fr\/wp-json\/wp\/v2\/media\/10273\/"}],"wp:attachment":[{"href":"https:\/\/roidsmania.com\/fr\/wp-json\/wp\/v2\/media\/?parent=10287"}],"wp:term":[{"taxonomy":"berocket_brand","embeddable":true,"href":"https:\/\/roidsmania.com\/fr\/wp-json\/wp\/v2\/berocket_brand\/?post=10287"}],"curies":[{"name":"wp","href":"https:\/\/api.w.org\/{rel}","templated":true}]}}