{"id":3053,"date":"2017-04-08T16:50:13","date_gmt":"2017-04-08T09:50:13","guid":{"rendered":"https:\/\/roidsmania.com\/informations-sur-lexpedition\/"},"modified":"2026-03-26T05:55:57","modified_gmt":"2026-03-25T22:55:57","slug":"informations-de-livraison","status":"publish","type":"page","link":"https:\/\/roidsmania.com\/fr\/informations-de-livraison\/","title":{"rendered":"INFORMATIONS DE LIVRAISON"},"content":{"rendered":"<p>[vc_row][vc_column]<div id=\"uvc-type-wrap-9934\"  data-ultimate-target='#uvc-type-wrap-9934'  data-responsive-json-new='{\"font-size\":\"desktop:32px;\",\"line-height\":\"desktop:34px;\"}'  class=\"uvc-type-wrap  ult-adjust-bottom-margin ult-responsive  uvc-type-align-center uvc-type-no-prefix uvc-wrap-98732982869d777f316718\" style=\"font-weight:normal;text-align:center;\"><span id=\"typed-98732982869d777f316718\" class=\"ultimate-typed-main \" style=\"color:#262626;\"><\/span><script type=\"text\/javascript\"> jQuery(function($){ $(\"#typed-98732982869d777f316718\").typed({\r\n\t\t\t\t\t\t\t\tstrings: [\"INFORMATIONS DE LIVRAISON\"],\r\n\t\t\t\t\t\t\t\ttypeSpeed: 35,\r\n\t\t\t\t\t\t\t\tbackSpeed: 0,\r\n\t\t\t\t\t\t\t\tstartDelay: 200,\r\n\t\t\t\t\t\t\t\tbackDelay: 1500,\r\n\t\t\t\t\t\t\t\tloop: false,\r\n\t\t\t\t\t\t\t\tloopCount: false,\r\n\t\t\t\t\t\t\t\tshowCursor: true,\r\n\t\t\t\t\t\t\t\tcursorChar: \"|\",\r\n\t\t\t\t\t\t\t\tattr: null\r\n\t\t\t\t\t\t\t});\r\n\t\t\t\t\t\t});\r\n\t\t\t\t\t<\/script><\/div>[vc_separator][\/vc_column][\/vc_row]<\/p>\n<p>[vc_row animation=&#8221;pulse&#8221;][vc_column width=&#8221;1\/3&#8243;]<div class=\"ult_pricing_table_wrap ult_design_2  ult-cs-red  \">\r\n\t\t\t\t\t<div class=\"ult_pricing_table  \" style=\"\"><div id=\"price-table-wrap-4368\" class=\"ult_pricing_heading\" style=\"\">\r\n\t\t\t\t\t\t\t<h3  data-ultimate-target='#price-table-wrap-4368 .cust-headformat'  data-responsive-json-new='{\"font-size\":\"\",\"line-height\":\"\"}'  class=\"ult-responsive cust-headformat\" style=\"font-weight:normal;\">ENVOI STANDARD<\/h3><\/div><!--ult_pricing_heading--><div class=\"ult_price_body_block\">\r\n\t\t\t\t\t\t\t<div class=\"ult_price_body\">\r\n\t\t\t\t\t\t\t\t<div id=\"price-table-wrap-7019\" class=\"ult_price\">\r\n\t\t\t\t\t\t\t\t\t<span  data-ultimate-target='#price-table-wrap-7019 .ult_price_figure'  data-responsive-json-new='{\"font-size\":\"\",\"line-height\":\"\"}'  class=\"ult_price_figure ult-responsive\" style=\"font-weight:normal;\">14\u20ac<\/span>\r\n\t\t\t\t\t\t\t\t\t<span  data-ultimate-target='#price-table-wrap-7019 .ult_price_term'  data-responsive-json-new='{\"font-size\":\"\",\"line-height\":\"\"}'  class=\"ult_price_term ult-responsive\" style=\"font-weight:normal;\"><\/span>\r\n\t\t\t\t\t\t\t\t<\/div>\r\n\t\t\t\t\t\t\t<\/div>\r\n\t\t\t\t\t\t<\/div><!--ult_price_body_block--><div id=\"price-table-features-wrap-5096\" class=\"ult_price_features ult-responsive\"  data-ultimate-target='#price-table-features-wrap-5096'  data-responsive-json-new='{\"font-size\":\"\",\"line-height\":\"\"}'  style=\"font-weight:normal;\">\r\n\t\t\t\t\t\t\t<p>Livraison en 10 \u00e0 14 jours*<br \/>\nSignature g\u00e9n\u00e9ralement requise<br \/>\nNum\u00e9ro de suivi fourni<\/p>\n\r\n\t\t\t\t\t\t<\/div><!--ult_price_features--><div class=\"ult_clr\"><\/div>\r\n\t\t\t<\/div><!--pricing_table-->\r\n\t\t<\/div><!--pricing_table_wrap-->[\/vc_column]<\/p>\n<p>[vc_column width=&#8221;1\/3&#8243;]<div class=\"ult_pricing_table_wrap ult_design_2  ult-cs-red  \">\r\n\t\t\t\t\t<div class=\"ult_pricing_table  \" style=\"\"><div id=\"price-table-wrap-4276\" class=\"ult_pricing_heading\" style=\"\">\r\n\t\t\t\t\t\t\t<h3  data-ultimate-target='#price-table-wrap-4276 .cust-headformat'  data-responsive-json-new='{\"font-size\":\"\",\"line-height\":\"\"}'  class=\"ult-responsive cust-headformat\" style=\"font-weight:normal;\">LIVRAISON DEPUIS L'EUROPE <\/h3><\/div><!--ult_pricing_heading--><div class=\"ult_price_body_block\">\r\n\t\t\t\t\t\t\t<div class=\"ult_price_body\">\r\n\t\t\t\t\t\t\t\t<div id=\"price-table-wrap-2447\" class=\"ult_price\">\r\n\t\t\t\t\t\t\t\t\t<span  data-ultimate-target='#price-table-wrap-2447 .ult_price_figure'  data-responsive-json-new='{\"font-size\":\"\",\"line-height\":\"\"}'  class=\"ult_price_figure ult-responsive\" style=\"font-weight:normal;\">25\u20ac<\/span>\r\n\t\t\t\t\t\t\t\t\t<span  data-ultimate-target='#price-table-wrap-2447 .ult_price_term'  data-responsive-json-new='{\"font-size\":\"\",\"line-height\":\"\"}'  class=\"ult_price_term ult-responsive\" style=\"font-weight:normal;\"><\/span>\r\n\t\t\t\t\t\t\t\t<\/div>\r\n\t\t\t\t\t\t\t<\/div>\r\n\t\t\t\t\t\t<\/div><!--ult_price_body_block--><div id=\"price-table-features-wrap-5671\" class=\"ult_price_features ult-responsive\"  data-ultimate-target='#price-table-features-wrap-5671'  data-responsive-json-new='{\"font-size\":\"\",\"line-height\":\"\"}'  style=\"font-weight:normal;\">\r\n\t\t\t\t\t\t\t<p>Livraison en 10 \u00e0 14 jours*<br \/>\nSignature g\u00e9n\u00e9ralement requise<br \/>\nNum\u00e9ro de suivi fourni<\/p>\n\r\n\t\t\t\t\t\t<\/div><!--ult_price_features--><div class=\"ult_clr\"><\/div>\r\n\t\t\t<\/div><!--pricing_table-->\r\n\t\t<\/div><!--pricing_table_wrap-->[\/vc_column][vc_column width=&#8221;1\/3&#8243;]<div class=\"ult_pricing_table_wrap ult_design_2  ult-cs-red  \">\r\n\t\t\t\t\t<div class=\"ult_pricing_table  \" style=\"\"><div id=\"price-table-wrap-5048\" class=\"ult_pricing_heading\" style=\"\">\r\n\t\t\t\t\t\t\t<h3  data-ultimate-target='#price-table-wrap-5048 .cust-headformat'  data-responsive-json-new='{\"font-size\":\"\",\"line-height\":\"\"}'  class=\"ult-responsive cust-headformat\" style=\"font-weight:normal;\">LIVRAISON EXPRESS <\/h3><\/div><!--ult_pricing_heading--><div class=\"ult_price_body_block\">\r\n\t\t\t\t\t\t\t<div class=\"ult_price_body\">\r\n\t\t\t\t\t\t\t\t<div id=\"price-table-wrap-4755\" class=\"ult_price\">\r\n\t\t\t\t\t\t\t\t\t<span  data-ultimate-target='#price-table-wrap-4755 .ult_price_figure'  data-responsive-json-new='{\"font-size\":\"\",\"line-height\":\"\"}'  class=\"ult_price_figure ult-responsive\" style=\"font-weight:normal;\">43\u20ac<\/span>\r\n\t\t\t\t\t\t\t\t\t<span  data-ultimate-target='#price-table-wrap-4755 .ult_price_term'  data-responsive-json-new='{\"font-size\":\"\",\"line-height\":\"\"}'  class=\"ult_price_term ult-responsive\" style=\"font-weight:normal;\"><\/span>\r\n\t\t\t\t\t\t\t\t<\/div>\r\n\t\t\t\t\t\t\t<\/div>\r\n\t\t\t\t\t\t<\/div><!--ult_price_body_block--><div id=\"price-table-features-wrap-2574\" class=\"ult_price_features ult-responsive\"  data-ultimate-target='#price-table-features-wrap-2574'  data-responsive-json-new='{\"font-size\":\"\",\"line-height\":\"\"}'  style=\"font-weight:normal;\">\r\n\t\t\t\t\t\t\t<p>Livraison en 4 \u00e0 8 jours*<br \/>\nSignature g\u00e9n\u00e9ralement requise**<br \/>\nNum\u00e9ro de suivi fourni<\/p>\n\r\n\t\t\t\t\t\t<\/div><!--ult_price_features--><div class=\"ult_clr\"><\/div>\r\n\t\t\t<\/div><!--pricing_table-->\r\n\t\t<\/div><!--pricing_table_wrap-->[\/vc_column][\/vc_row]<\/p>\n<p><strong><br \/>\n<\/strong>[vc_row][vc_column][vc_separator][vc_column_text]<\/p>\n<h3><strong>D\u00e9lai de Livraison<\/strong><\/h3>\n<p>Les commandes sont g\u00e9n\u00e9ralement exp\u00e9di\u00e9es <strong>dans un d\u00e9lai moyen de 3 \u00e0 7 jours ouvrables<\/strong> apr\u00e8s confirmation du paiement. Nous recommandons vivement \u00e0 tous nos clients de passer leurs commandes avec une marge de temps suffisante afin de garantir une r\u00e9ception des produits dans les d\u00e9lais pr\u00e9vus.<\/p>\n<p><strong>Ce d\u00e9lai est donn\u00e9 \u00e0 titre indicatif et d\u00e9pend des facteurs suivants :<\/strong><\/p>\n<ul>\n<li>Du nombre de colis en attente avant le v\u00f4tre<\/li>\n<li>De la disponibilit\u00e9 des produits<\/li>\n<li>De l&#8217;\u00e9tat du r\u00e9seau de distribution<\/li>\n<\/ul>\n<p>Le statut de votre colis est accessible depuis votre espace client et vous recevrez un e-mail \u00e0 chaque mise \u00e0 jour de son statut. Il n&#8217;est pas n\u00e9cessaire de nous contacter pour ces informations.<\/p>\n<p>Nous mettons \u00e0 votre disposition trois options d&#8217;exp\u00e9dition distinctes : l&#8217;envoi standard, l&#8217;exp\u00e9dition express et l&#8217;exp\u00e9dition depuis l&#8217;Europe. Au moment de finaliser votre commande, vous devrez s\u00e9lectionner l&#8217;une de ces m\u00e9thodes d&#8217;exp\u00e9dition. Les frais correspondants seront automatiquement ajust\u00e9s en fonction de votre choix, en cas de non-disponibilit\u00e9 d\u2019un ou plusieurs produits dans notre stock Europe et\/ou de situation exceptionnelle, l\u2019envoi pourra \u00eatre effectu\u00e9 en express depuis un autre point d\u2019exp\u00e9dition hors Europe.<\/p>\n<p>*Veuillez noter que les d\u00e9lais sont toujours estim\u00e9s et non garantis. Ils sont bas\u00e9s sur une moyenne \u00e9tablie par notre service. Les livraisons vers des destinations plus sp\u00e9cifiques telles que la Guadeloupe, la Guyane fran\u00e7aise, la Martinique, la Nouvelle-Cal\u00e9donie, la Polyn\u00e9sie fran\u00e7aise, la R\u00e9union, Saint-Pierre et Miquelon, Wallis et Futuna pourraient entra\u00eener des retards.<\/p>\n<p>**Pour les envois en express, une signature \u00e0 la livraison est g\u00e9n\u00e9ralement requise. Toutefois, le livreur pourrait d\u00e9poser le colis dans votre bo\u00eete aux lettres si cela est possible.<\/p>\n<p><span style=\"color: #000000;\"><strong>Nous acceptons les commandes avec des adresses postales militaires.<\/strong><\/span>[\/vc_column_text][vc_separator][vc_column_text]<\/p>\n<h3><strong>Politique de Renvoi de Commande et assurance<\/strong><\/h3>\n<p>Chez RoidsMania, nous nous effor\u00e7ons de garantir la r\u00e9ussite de chaque livraison. Cependant, malgr\u00e9 toutes les mesures et pr\u00e9caution que nous prenons, il peut exceptionnellement survenir des difficult\u00e9s lors du processus d&#8217;acheminement de votre colis, tels que la perte du colis, des produits endommag\u00e9s ou m\u00eame une saisie douani\u00e8re.<\/p>\n<h4>Notre Engagement en cas de difficult\u00e9s avec votre colis<\/h4>\n<p>Nous souhaitons offrir \u00e0 nos clients la solution la plus ad\u00e9quate en cas de difficult\u00e9s lors de l&#8217;acheminement de leurs colis. Voici les conditions \u00e0 respecter pour b\u00e9n\u00e9ficier du renvoi d&#8217;une commande enti\u00e8rement \u00e0 notre charge :<\/p>\n<ul>\n<li>Vous avez souscrit \u00e0 l&#8217;assurance (10% du montant total de la commande) lors de la confirmation de votre commande. Veuillez noter que cette assurance est uniquement disponible pour les envois express et europe.<\/li>\n<li>Tout probl\u00e8me (casse, article manquant, colis endommag\u00e9) doit \u00eatre signal\u00e9 \u00e0 notre service client dans un d\u00e9lai de 7 jours suivant la r\u00e9ception de votre commande. En cas de non-r\u00e9ception (saisie ou perte), vous disposez d\u2019un d\u00e9lai maximum de 10 jours \u00e0 compter du dernier statut de suivi de commande pour d\u00e9poser une r\u00e9clamation par e-mail. Pass\u00e9 ce d\u00e9lai, aucune r\u00e9clamation ne pourra \u00eatre trait\u00e9e et la commande sera consid\u00e9r\u00e9e comme livr\u00e9e.<\/li>\n<li>Vous nous fournissez une copie par e-mail de la lettre officielle de saisie douani\u00e8re ou de perte de colis par le transporteur. Veuillez noter que nous ne prendrons pas contact avec le transporteur en raison de la nature des produits, c&#8217;est \u00e0 vous de nous fournir ce document.<\/li>\n<li>Pour les commandes d\u2019une valeur inf\u00e9rieure \u00e0 50 \u20ac de produits (frais d\u2019exp\u00e9dition\/assurance exclus), les articles concern\u00e9s pourront \u00eatre ajout\u00e9s \u00e0 votre prochaine commande. Cette solution nous permet d\u2019assurer un renvoi dans les meilleures conditions tout en maintenant des frais d\u2019exp\u00e9dition raisonnables.<\/li>\n<\/ul>\n<h4>Importance de l&#8217;assurance<\/h4>\n<p>Veuillez noter que si vous avez choisi un envoi sans assurance, RoidsMania ne prendra aucune responsabilit\u00e9 en cas de saisie douani\u00e8re, perte de colis ou dommages. Nous encourageons tous nos clients \u00e0 souscrire \u00e0 cette assurance afin de maximiser les chances de r\u00e9ception. Aucune demande de renvoi ou de d\u00e9dommagement ne sera accept\u00e9e pour les commandes valid\u00e9es sans cette assurance.<\/p>\n<h4>Statut en ligne de l&#8217;envoi<\/h4>\n<p>Il est important de noter que le statut en ligne de la livraison est d\u00e9terminant. Aucune r\u00e9clamation concernant un renvoi de produits ne sera possible si le colis affiche le statut &#8220;livr\u00e9&#8221; sur le site du transporteur. Nous consid\u00e9rerons que le colis a \u00e9t\u00e9 remis au destinataire avec succ\u00e8s.<\/p>\n<h4>Responsabilit\u00e9 du client<\/h4>\n<p>Le client est seul responsable de l\u2019exactitude et de la compl\u00e9tude des informations de livraison fournies lors de la commande. Il lui appartient de s\u2019assurer que l\u2019adresse communiqu\u00e9e est valide, accessible et clairement identifiable par le transporteur. Le client demeure \u00e9galement seul responsable du paiement de toute taxe douani\u00e8re ou frais similaires pouvant s\u2019appliquer \u00e0 la livraison. Il est donc recommand\u00e9 de suivre r\u00e9guli\u00e8rement le statut du colis via le site officiel du transporteur afin d\u2019anticiper toute d\u00e9marche n\u00e9cessaire et d\u2019\u00e9viter retards, frais suppl\u00e9mentaires ou incidents de livraison.<\/p>\n<p>En cas de tentative de livraison infructueuse, d\u2019adresse incompl\u00e8te, erron\u00e9e ou non identifiable (nom ou pr\u00e9nom absents de la bo\u00eete aux lettres, code d\u2019acc\u00e8s manquant, etc.), le colis sera consid\u00e9r\u00e9 comme ayant \u00e9t\u00e9 livr\u00e9 \u00e0 l\u2019adresse indiqu\u00e9e. Aucune r\u00e9clamation ou indemnisation ne pourra \u00eatre accord\u00e9e dans ce cas.<\/p>\n<p>Afin d\u2019\u00e9viter tout incident, il est fortement recommand\u00e9 de mentionner le nom et le pr\u00e9nom exacts du destinataire sur la bo\u00eete aux lettres ou la sonnette, et de suivre le suivi du colis pour \u00eatre pr\u00e9sent lors de la livraison.<\/p>\n<p>Veuillez noter que les livraisons en poste restante, points relais non agr\u00e9\u00e9s, adresses temporaires (telles que h\u00f4tels, locations de courte dur\u00e9e, r\u00e9sidences \u00e9tudiantes, etc.) ou toute adresse non nominative ne sont pas couvertes par l\u2019assurance. Ces envois sont effectu\u00e9s enti\u00e8rement aux risques du client.<\/p>\n<h4>Utilisation de l&#8217;assurance en cas de dommages<\/h4>\n<p>Si vous devez utiliser l&#8217;assurance en cas de dommages ou de casse de vos produits, veuillez noter que le plastique transparent sous vide contenant les produits ne doit pas \u00eatre ouvert. La garantie ne sera valide que si le plastique sous vide reste intact. Vous devrez fournir une vid\u00e9o ou une photo du dommage dans les 24 heures suivant la r\u00e9ception du colis.<\/p>\n<h4>Montant de la couverture d&#8217;assurance<\/h4>\n<p>L&#8217;assurance couvre jusqu&#8217;\u00e0 500 \u20ac de produits (prix sur notre site hors r\u00e9duction) en cas de perte, de dommages ou de saisie douani\u00e8re. Le d\u00e9dommagement sera effectu\u00e9 sous la forme d&#8217;un renvoi des produits ou d&#8217;un bon utilisable sur notre site RoidsMania.Com.<\/p>\n<h4>Restrictions de l&#8217;Assurance<\/h4>\n<p>L&#8217;assurance vous permet un seul renvoi des produits.<\/p>\n<p>Veuillez noter que notre assurance n&#8217;est pas disponible pour tous les pays. Si vous ne pouvez pas s\u00e9lectionner l&#8217;assurance lors de la finalisation de votre commande, cela signifie qu&#8217;elle n&#8217;est pas disponible pour votre pays.<\/p>\n<p>Nous esp\u00e9rons que cette politique de renvoi et d&#8217;assurance vous apportera satisfaction. En cas de questions ou de pr\u00e9occupations, n&#8217;h\u00e9sitez pas \u00e0 contacter notre service client\u00e8le.<\/p>\n<h3><\/h3>\n<p>[\/vc_column_text][vc_separator][vc_column_text]<\/p>\n<h3><strong>Suivi de Votre Commande<\/strong><\/h3>\n<h4>Suivi par E-mail<\/h4>\n<p>Si vous ne recevez pas d&#8217;e-mail d&#8217;envoi ou de confirmation de votre commande dans un d\u00e9lai raisonnable (plus de 10 jours), nous vous invitons \u00e0 entrer en contact avec notre service client. Votre satisfaction est notre priorit\u00e9, et nous sommes l\u00e0 pour vous aider \u00e0 obtenir les informations n\u00e9cessaires sur l&#8217;\u00e9tat de votre commande.<\/p>\n<h4>Num\u00e9ro de suivi disponible dans votre espace Client<\/h4>\n<p>Nous comprenons l&#8217;importance de suivre l&#8217;avancement de votre commande. C&#8217;est pourquoi votre num\u00e9ro de suivi est \u00e9galement accessible dans votre espace client. Vous pouvez vous connecter \u00e0 votre compte et acc\u00e9der aux d\u00e9tails de suivi, vous offrant ainsi une visibilit\u00e9 directe sur le statut de votre livraison.<\/p>\n<p>Chez nous, votre exp\u00e9rience est primordiale, et nous nous engageons \u00e0 fournir des informations claires et accessibles pour que vous puissiez suivre votre commande en toute tranquillit\u00e9. Si vous avez des questions suppl\u00e9mentaires, n&#8217;h\u00e9sitez pas \u00e0 contacter notre \u00e9quipe du service client.<br \/>\n[\/vc_column_text][\/vc_column][\/vc_row]<\/p>\n","protected":false},"excerpt":{"rendered":"<p>[vc_row][vc_column][vc_separator][\/vc_column][\/vc_row] [vc_row animation=&#8221;pulse&#8221;][vc_column width=&#8221;1\/3&#8243;][\/vc_column] [vc_column width=&#8221;1\/3&#8243;][\/vc_column][vc_column width=&#8221;1\/3&#8243;][\/vc_column][\/vc_row] [vc_row][vc_column][vc_separator][vc_column_text] D\u00e9lai de Livraison Les commandes sont g\u00e9n\u00e9ralement exp\u00e9di\u00e9es dans un d\u00e9lai moyen de 3 \u00e0 7 jours ouvrables apr\u00e8s confirmation du paiement. Nous recommandons vivement \u00e0 tous nos clients de passer leurs commandes avec une marge de temps suffisante afin de garantir une r\u00e9ception des produits dans&hellip;<\/p>\n","protected":false},"author":8274,"featured_media":0,"parent":0,"menu_order":0,"comment_status":"closed","ping_status":"closed","template":"","meta":[],"yoast_head":"<!-- This site is optimized with the Yoast SEO plugin v15.9.1 - https:\/\/yoast.com\/wordpress\/plugins\/seo\/ -->\n<title>INFORMATIONS DE LIVRAISON | RoidsMania.com<\/title>\n<meta name=\"description\" content=\"La garantie d&#039;une livraison rapide et pas cher !\" \/>\n<meta name=\"robots\" content=\"index, follow, max-snippet:-1, max-image-preview:large, max-video-preview:-1\" \/>\n<link rel=\"canonical\" href=\"https:\/\/roidsmania.com\/fr\/informations-de-livraison\/\" \/>\n<meta property=\"og:locale\" content=\"fr_FR\" \/>\n<meta property=\"og:type\" content=\"article\" \/>\n<meta property=\"og:title\" content=\"INFORMATIONS DE LIVRAISON | RoidsMania.com\" \/>\n<meta property=\"og:description\" content=\"La garantie d&#039;une livraison rapide et pas cher !\" \/>\n<meta property=\"og:url\" content=\"https:\/\/roidsmania.com\/fr\/informations-de-livraison\/\" \/>\n<meta property=\"og:site_name\" content=\"RoidsMania.com\" \/>\n<meta property=\"article:modified_time\" content=\"2026-03-25T22:55:57+00:00\" \/>\n<meta name=\"twitter:card\" content=\"summary\" \/>\n<meta name=\"twitter:label1\" content=\"Dur\u00e9e de lecture est.\">\n\t<meta name=\"twitter:data1\" content=\"6 minutes\">\n<script type=\"application\/ld+json\" class=\"yoast-schema-graph\">{\"@context\":\"https:\/\/schema.org\",\"@graph\":[{\"@type\":\"WebSite\",\"@id\":\"https:\/\/roidsmania.com\/fr\/#website\",\"url\":\"https:\/\/roidsmania.com\/fr\/\",\"name\":\"RoidsMania.com\",\"description\":\"Online Anabolic Steroids shop\",\"potentialAction\":[{\"@type\":\"SearchAction\",\"target\":\"https:\/\/roidsmania.com\/fr\/?s={search_term_string}\",\"query-input\":\"required name=search_term_string\"}],\"inLanguage\":\"fr-FR\"},{\"@type\":\"WebPage\",\"@id\":\"https:\/\/roidsmania.com\/fr\/informations-de-livraison\/#webpage\",\"url\":\"https:\/\/roidsmania.com\/fr\/informations-de-livraison\/\",\"name\":\"INFORMATIONS DE LIVRAISON | RoidsMania.com\",\"isPartOf\":{\"@id\":\"https:\/\/roidsmania.com\/fr\/#website\"},\"datePublished\":\"2017-04-08T09:50:13+00:00\",\"dateModified\":\"2026-03-25T22:55:57+00:00\",\"description\":\"La garantie d'une livraison rapide et pas cher !\",\"breadcrumb\":{\"@id\":\"https:\/\/roidsmania.com\/fr\/informations-de-livraison\/#breadcrumb\"},\"inLanguage\":\"fr-FR\",\"potentialAction\":[{\"@type\":\"ReadAction\",\"target\":[\"https:\/\/roidsmania.com\/fr\/informations-de-livraison\/\"]}]},{\"@type\":\"BreadcrumbList\",\"@id\":\"https:\/\/roidsmania.com\/fr\/informations-de-livraison\/#breadcrumb\",\"itemListElement\":[{\"@type\":\"ListItem\",\"position\":1,\"item\":{\"@type\":\"WebPage\",\"@id\":\"https:\/\/roidsmania.com\/fr\/\",\"url\":\"https:\/\/roidsmania.com\/fr\/\",\"name\":\"Home\"}},{\"@type\":\"ListItem\",\"position\":2,\"item\":{\"@type\":\"WebPage\",\"@id\":\"https:\/\/roidsmania.com\/fr\/informations-de-livraison\/\",\"url\":\"https:\/\/roidsmania.com\/fr\/informations-de-livraison\/\",\"name\":\"INFORMATIONS DE LIVRAISON\"}}]}]}<\/script>\n<!-- \/ Yoast SEO plugin. -->","_links":{"self":[{"href":"https:\/\/roidsmania.com\/fr\/wp-json\/wp\/v2\/pages\/3053\/"}],"collection":[{"href":"https:\/\/roidsmania.com\/fr\/wp-json\/wp\/v2\/pages\/"}],"about":[{"href":"https:\/\/roidsmania.com\/fr\/wp-json\/wp\/v2\/types\/page\/"}],"author":[{"embeddable":true,"href":"https:\/\/roidsmania.com\/fr\/wp-json\/wp\/v2\/users\/8274\/"}],"replies":[{"embeddable":true,"href":"https:\/\/roidsmania.com\/fr\/wp-json\/wp\/v2\/comments\/?post=3053"}],"version-history":[{"count":13,"href":"https:\/\/roidsmania.com\/fr\/wp-json\/wp\/v2\/pages\/3053\/revisions\/"}],"predecessor-version":[{"id":249986,"href":"https:\/\/roidsmania.com\/fr\/wp-json\/wp\/v2\/pages\/3053\/revisions\/249986\/"}],"wp:attachment":[{"href":"https:\/\/roidsmania.com\/fr\/wp-json\/wp\/v2\/media\/?parent=3053"}],"curies":[{"name":"wp","href":"https:\/\/api.w.org\/{rel}","templated":true}]}}