{"id":3046,"date":"2017-04-08T16:18:37","date_gmt":"2017-04-08T09:18:37","guid":{"rendered":"https:\/\/roidsmania.com\/authenticite-des-produits\/"},"modified":"2025-11-15T19:35:52","modified_gmt":"2025-11-15T12:35:52","slug":"authenticite-des-produits","status":"publish","type":"page","link":"https:\/\/roidsmania.com\/fr\/authenticite-des-produits\/","title":{"rendered":"AUTHENTICIT\u00c9 DES PRODUITS"},"content":{"rendered":"<p>[vc_row][vc_column]<div id=\"uvc-type-wrap-8476\"  data-ultimate-target='#uvc-type-wrap-8476'  data-responsive-json-new='{\"font-size\":\"desktop:32px;\",\"line-height\":\"desktop:34px;\"}'  class=\"uvc-type-wrap  ult-adjust-bottom-margin ult-responsive  uvc-type-align-center uvc-type-no-prefix uvc-wrap-56885122269d77aebf2b64\" style=\"font-weight:bold;text-align:center;\"><span id=\"typed-56885122269d77aebf2b64\" class=\"ultimate-typed-main \" style=\"\"><\/span><script type=\"text\/javascript\"> jQuery(function($){ $(\"#typed-56885122269d77aebf2b64\").typed({\r\n\t\t\t\t\t\t\t\tstrings: [\"Comment v\u00e9rifier l'authenticit\u00e9 de mon produit?\"],\r\n\t\t\t\t\t\t\t\ttypeSpeed: 35,\r\n\t\t\t\t\t\t\t\tbackSpeed: 0,\r\n\t\t\t\t\t\t\t\tstartDelay: 200,\r\n\t\t\t\t\t\t\t\tbackDelay: 1500,\r\n\t\t\t\t\t\t\t\tloop: false,\r\n\t\t\t\t\t\t\t\tloopCount: false,\r\n\t\t\t\t\t\t\t\tshowCursor: true,\r\n\t\t\t\t\t\t\t\tcursorChar: \"|\",\r\n\t\t\t\t\t\t\t\tattr: null\r\n\t\t\t\t\t\t\t});\r\n\t\t\t\t\t\t});\r\n\t\t\t\t\t<\/script><\/div>[\/vc_column][\/vc_row][vc_row][vc_column][vc_column_text]<\/p>\n<p style=\"text-align: center;\"><strong><br \/>\nLa v\u00e9rification de l&#8217;authenticit\u00e9 de vos produits est une \u00e9tape importante, quel que soit le site en ligne vendant des st\u00e9ro\u00efdes anabolisants ou des HGH o\u00f9 vous choisissez d&#8217;effectuer votre achat.<br \/>\n<img loading=\"lazy\" class=\"size-medium wp-image-3048 aligncenter\" src=\"https:\/\/roidsmania.com\/wp-content\/uploads\/2017\/01\/authentic-298x300.jpg\" alt=\"\" width=\"298\" height=\"300\" srcset=\"https:\/\/roidsmania.com\/wp-content\/uploads\/2017\/01\/authentic-298x300.jpg 298w, https:\/\/roidsmania.com\/wp-content\/uploads\/2017\/01\/authentic-100x100.jpg 100w, https:\/\/roidsmania.com\/wp-content\/uploads\/2017\/01\/authentic-338x341.jpg 338w, https:\/\/roidsmania.com\/wp-content\/uploads\/2017\/01\/authentic-150x150.jpg 150w, https:\/\/roidsmania.com\/wp-content\/uploads\/2017\/01\/authentic.jpg 397w\" sizes=\"(max-width: 298px) 100vw, 298px\" \/><\/strong><\/p>\n<p><strong>En v\u00e9rifiant le num\u00e9ro de s\u00e9curit\u00e9 unique et distinct sur chaque bo\u00eete, vous avez l&#8217;assurance, fournie par des laboratoires officiels, que les produits achet\u00e9s sur RoidsMania.com sont authentiques.<\/strong><\/p>\n<p><strong>Nous ne transigeons jamais sur l&#8217;authenticit\u00e9 de nos produits et sommes fiers que cela se refl\u00e8te dans tous les aspects de RoidsMania.com.<\/strong><\/p>\n<p>[\/vc_column_text][vc_column_text]<\/p>\n<p style=\"text-align: center;\"><strong>Voici les laboratoires proposant une v\u00e9rification en ligne de l&#8217;authenticit\u00e9 de leurs produits<\/strong><\/p>\n<p style=\"text-align: center;\"><a href=\"http:\/\/meditechpharmaceutical.net\/check-code.php\">Meditech<\/a><br \/>\n<a href=\"https:\/\/www.check-alpha.com\/main.php\">Alpha-Pharma<\/a><br \/>\n<a href=\"http:\/\/www.d-authen.com\/index.php\">Black Dragon<\/a><br \/>\n<a href=\"https:\/\/www.gatracks.com\/\">Global Anabolic<\/a><br \/>\n<a href=\"http:\/\/www.checkplatinum.com\/\">Platinum<\/a><br \/>\n<a href=\"http:\/\/phoenix-remedies.com\/home.html\">Phoenix Remedies<\/a><br \/>\n<a href=\"https:\/\/btauthenticity.net\/check-code.html\">BodyTech<\/a><\/p>\n<p>[\/vc_column_text][vc_column_text]<strong> Dans le cas o\u00f9 vos produits n&#8217;ont pas de num\u00e9ro de s\u00e9rie v\u00e9rifiable en ligne, cela signifie que la marque ne propose pas la possibilit\u00e9 de v\u00e9rifier l&#8217;authenticit\u00e9 des produits. <\/strong><\/p>\n<p><strong>Cependant, Nous vous garantissons que tous nos produits sont originaux et que nous ne vendons pas de produits contrefaits, contactez-nous si vous avez la moindre question, notre \u00e9quipe d&#8217;experts vous r\u00e9pondra aussi efficacement et rapidement que possible.<\/strong>[\/vc_column_text][\/vc_column][\/vc_row]<\/p>\n","protected":false},"excerpt":{"rendered":"<p>[vc_row][vc_column][\/vc_column][\/vc_row][vc_row][vc_column][vc_column_text] La v\u00e9rification de l&#8217;authenticit\u00e9 de vos produits est une \u00e9tape importante, quel que soit le site en ligne vendant des st\u00e9ro\u00efdes anabolisants ou des HGH o\u00f9 vous choisissez d&#8217;effectuer votre achat. En v\u00e9rifiant le num\u00e9ro de s\u00e9curit\u00e9 unique et distinct sur chaque bo\u00eete, vous avez l&#8217;assurance, fournie par des laboratoires officiels, que les produits&hellip;<\/p>\n","protected":false},"author":8274,"featured_media":0,"parent":0,"menu_order":0,"comment_status":"closed","ping_status":"closed","template":"","meta":[],"yoast_head":"<!-- This site is optimized with the Yoast SEO plugin v15.9.1 - https:\/\/yoast.com\/wordpress\/plugins\/seo\/ -->\n<title>AUTHENTICIT\u00c9 DES PRODUITS | RoidsMania.com<\/title>\n<meta name=\"description\" content=\"Nous guarantissons \u00e0 100% l&#039;authenticit\u00e9 de nos produits sur RoidsMania.com\" \/>\n<meta name=\"robots\" content=\"index, follow, max-snippet:-1, max-image-preview:large, max-video-preview:-1\" \/>\n<link rel=\"canonical\" href=\"https:\/\/roidsmania.com\/fr\/authenticite-des-produits\/\" \/>\n<meta property=\"og:locale\" content=\"fr_FR\" \/>\n<meta property=\"og:type\" content=\"article\" \/>\n<meta property=\"og:title\" content=\"AUTHENTICIT\u00c9 DES PRODUITS | RoidsMania.com\" \/>\n<meta property=\"og:description\" content=\"Nous guarantissons \u00e0 100% l&#039;authenticit\u00e9 de nos produits sur RoidsMania.com\" \/>\n<meta property=\"og:url\" content=\"https:\/\/roidsmania.com\/fr\/authenticite-des-produits\/\" \/>\n<meta property=\"og:site_name\" content=\"RoidsMania.com\" \/>\n<meta property=\"article:modified_time\" content=\"2025-11-15T12:35:52+00:00\" \/>\n<meta property=\"og:image\" content=\"https:\/\/roidsmania.com\/wp-content\/uploads\/2017\/01\/authentic-298x300.jpg\" \/>\n<meta name=\"twitter:card\" content=\"summary\" \/>\n<meta name=\"twitter:label1\" content=\"Dur\u00e9e de lecture est.\">\n\t<meta name=\"twitter:data1\" content=\"2 minutes\">\n<script type=\"application\/ld+json\" class=\"yoast-schema-graph\">{\"@context\":\"https:\/\/schema.org\",\"@graph\":[{\"@type\":\"WebSite\",\"@id\":\"https:\/\/roidsmania.com\/fr\/#website\",\"url\":\"https:\/\/roidsmania.com\/fr\/\",\"name\":\"RoidsMania.com\",\"description\":\"Online Anabolic Steroids shop\",\"potentialAction\":[{\"@type\":\"SearchAction\",\"target\":\"https:\/\/roidsmania.com\/fr\/?s={search_term_string}\",\"query-input\":\"required name=search_term_string\"}],\"inLanguage\":\"fr-FR\"},{\"@type\":\"ImageObject\",\"@id\":\"https:\/\/roidsmania.com\/fr\/authenticite-des-produits\/#primaryimage\",\"inLanguage\":\"fr-FR\",\"url\":\"https:\/\/roidsmania.com\/wp-content\/uploads\/2017\/01\/authentic.jpg\",\"width\":397,\"height\":400},{\"@type\":\"WebPage\",\"@id\":\"https:\/\/roidsmania.com\/fr\/authenticite-des-produits\/#webpage\",\"url\":\"https:\/\/roidsmania.com\/fr\/authenticite-des-produits\/\",\"name\":\"AUTHENTICIT\\u00c9 DES PRODUITS | RoidsMania.com\",\"isPartOf\":{\"@id\":\"https:\/\/roidsmania.com\/fr\/#website\"},\"primaryImageOfPage\":{\"@id\":\"https:\/\/roidsmania.com\/fr\/authenticite-des-produits\/#primaryimage\"},\"datePublished\":\"2017-04-08T09:18:37+00:00\",\"dateModified\":\"2025-11-15T12:35:52+00:00\",\"description\":\"Nous guarantissons \\u00e0 100% l'authenticit\\u00e9 de nos produits sur RoidsMania.com\",\"breadcrumb\":{\"@id\":\"https:\/\/roidsmania.com\/fr\/authenticite-des-produits\/#breadcrumb\"},\"inLanguage\":\"fr-FR\",\"potentialAction\":[{\"@type\":\"ReadAction\",\"target\":[\"https:\/\/roidsmania.com\/fr\/authenticite-des-produits\/\"]}]},{\"@type\":\"BreadcrumbList\",\"@id\":\"https:\/\/roidsmania.com\/fr\/authenticite-des-produits\/#breadcrumb\",\"itemListElement\":[{\"@type\":\"ListItem\",\"position\":1,\"item\":{\"@type\":\"WebPage\",\"@id\":\"https:\/\/roidsmania.com\/fr\/\",\"url\":\"https:\/\/roidsmania.com\/fr\/\",\"name\":\"Home\"}},{\"@type\":\"ListItem\",\"position\":2,\"item\":{\"@type\":\"WebPage\",\"@id\":\"https:\/\/roidsmania.com\/fr\/authenticite-des-produits\/\",\"url\":\"https:\/\/roidsmania.com\/fr\/authenticite-des-produits\/\",\"name\":\"AUTHENTICIT\\u00c9 DES PRODUITS\"}}]}]}<\/script>\n<!-- \/ Yoast SEO plugin. -->","_links":{"self":[{"href":"https:\/\/roidsmania.com\/fr\/wp-json\/wp\/v2\/pages\/3046\/"}],"collection":[{"href":"https:\/\/roidsmania.com\/fr\/wp-json\/wp\/v2\/pages\/"}],"about":[{"href":"https:\/\/roidsmania.com\/fr\/wp-json\/wp\/v2\/types\/page\/"}],"author":[{"embeddable":true,"href":"https:\/\/roidsmania.com\/fr\/wp-json\/wp\/v2\/users\/8274\/"}],"replies":[{"embeddable":true,"href":"https:\/\/roidsmania.com\/fr\/wp-json\/wp\/v2\/comments\/?post=3046"}],"version-history":[{"count":1,"href":"https:\/\/roidsmania.com\/fr\/wp-json\/wp\/v2\/pages\/3046\/revisions\/"}],"predecessor-version":[{"id":249190,"href":"https:\/\/roidsmania.com\/fr\/wp-json\/wp\/v2\/pages\/3046\/revisions\/249190\/"}],"wp:attachment":[{"href":"https:\/\/roidsmania.com\/fr\/wp-json\/wp\/v2\/media\/?parent=3046"}],"curies":[{"name":"wp","href":"https:\/\/api.w.org\/{rel}","templated":true}]}}