{"id":2971,"date":"2017-04-08T01:41:39","date_gmt":"2017-04-07T18:41:39","guid":{"rendered":"https:\/\/roidsmania.com\/moyens-de-paiement\/"},"modified":"2024-08-09T00:14:02","modified_gmt":"2024-08-08T17:14:02","slug":"moyens-de-paiement","status":"publish","type":"page","link":"https:\/\/roidsmania.com\/fr\/moyens-de-paiement\/","title":{"rendered":"MOYENS DE PAIEMENT"},"content":{"rendered":"<div align=\"justify\">\n<p><meta charset=\"UTF-8\"><br \/>\n<meta name=\"viewport\" content=\"width=device-width, initial-scale=1.0\"><br \/>\n<title>Moyens de paiement<\/title><\/p>\n<div style=\"max-width: 1000px; margin: 20px auto; padding: 30px; background-color: #fff; box-shadow: 0 0 10px rgba(0, 0, 0, 0.1); font-family: Arial, sans-serif;\">\n<h1 style=\"text-align: center;\">MOYENS DE PAIEMENT<\/h1>\n<div style=\"margin-bottom: 20px;\">\n            <strong>Ci-dessous, vous trouverez les diff\u00e9rents moyens de paiement disponibles sur notre site, accompagn\u00e9s de leurs explications. Veuillez noter que toutes les options ne sont pas toujours disponibles et peuvent varier selon votre localisation et d&#8217;autres facteurs. Certains moyens de paiement peuvent donc \u00eatre temporairement d\u00e9sactiv\u00e9s.<\/strong><\/div>\n<div style=\"margin-bottom: 20px;\">\n            <strong>Le moyen de paiement le plus rapide est Bitcoin, le plus facile est R\u0435mitly\/W\u0456se, le virement bancaire est g\u00e9n\u00e9ralement celui avec le plus de frais bancaires, et R\u0406A et Mon\u0435yGram sont similaires et peuvent \u00eatre r\u00e9gl\u00e9s soit en ligne soit en agence.<\/strong><\/div>\n<div class=\"payment-method\">\n<h2 style=\"color: #e91e63; text-align: center;\">1. Bitcoin<\/h2>\n<details>\n<summary style=\"font-weight: bold; color: #e91e63;\">Cliquez pour voir les instructions<\/summary>\n<ul>\n<li>\n                        <strong>Cr\u00e9er un portefeuille Bitcoin :<\/strong><\/p>\n<p>Si vous n&#8217;avez pas encore de portefeuille Bitcoin, commencez par en cr\u00e9er un. Vous pouvez utiliser des plateformes populaires et fiables comme <a href=\"https:\/\/www.coinbase.com\/\" target=\"_blank\" rel=\"noopener noreferrer\">Coinbase<\/a>, <a href=\"https:\/\/www.blockchain.com\/\" target=\"_blank\" rel=\"noopener noreferrer\">Blockchain.com<\/a>, <a href=\"https:\/\/www.exodus.com\/\" target=\"_blank\" rel=\"noopener noreferrer\">Exodus<\/a>, ou <a href=\"https:\/\/www.bitgo.com\/\" target=\"_blank\" rel=\"noopener noreferrer\">BitGo<\/a>. Ces sites offrent des instructions claires pour vous aider \u00e0 configurer votre portefeuille gratuitement.<\/li>\n<li>\n                        <strong>Obtenez des Bitcoins :<\/strong><\/p>\n<p>Une fois votre portefeuille cr\u00e9\u00e9, vous devez acqu\u00e9rir des Bitcoins. Vous pouvez acheter des Bitcoins sur des plateformes bien \u00e9tablies telles que <a href=\"https:\/\/www.coinbase.com\/\" target=\"_blank\" rel=\"noopener noreferrer\">Coinbase<\/a>, <a href=\"https:\/\/www.binance.com\/\" target=\"_blank\" rel=\"noopener noreferrer\">Binance<\/a>, <a href=\"https:\/\/www.kraken.com\/\" target=\"_blank\" rel=\"noopener noreferrer\">Kraken<\/a>, <a href=\"https:\/\/www.bitstamp.net\/\" target=\"_blank\" rel=\"noopener noreferrer\">Bitstamp<\/a>, ou <a href=\"https:\/\/www.gemini.com\/\" target=\"_blank\" rel=\"noopener noreferrer\">Gemini<\/a>. Notez que lors de l&#8217;inscription sur ces plateformes, vous devrez v\u00e9rifier votre identit\u00e9 en fournissant des documents officiels tels qu&#8217;une pi\u00e8ce d&#8217;identit\u00e9. Chaque plateforme offre diff\u00e9rentes m\u00e9thodes de paiement, y compris par virement bancaire et CB.<\/p>\n<p style=\"color: red; font-weight: bold;\">Attention, des frais de transaction peuvent s&#8217;ajouter \u00e0 votre paiement sur certaines plateformes. Assurez-vous d&#8217;envoyer le montant en Bitcoin indiqu\u00e9, sinon la commande ne sera pas valid\u00e9e.<\/p>\n<\/li>\n<li>\n                        <strong>Payer avec Bitcoin :<\/strong><\/p>\n<p>Lors de la validation de votre commande sur notre site, s\u00e9lectionnez l&#8217;option Bitcoin. Vous serez ensuite redirig\u00e9 vers une page contenant notre adresse Bitcoin et le montant exact \u00e0 envoyer. Ouvrez votre portefeuille Bitcoin, scannez le code QR ou copiez l&#8217;adresse Bitcoin fournie, et envoyez le montant exact. Assurez-vous de v\u00e9rifier les d\u00e9tails avant de finaliser la transaction.<\/li>\n<li>\n                        <strong>Validation de la commande :<\/strong><\/p>\n<p>Une fois que le paiement avec le montant exact a \u00e9t\u00e9 r\u00e9alis\u00e9 et confirm\u00e9, votre commande sera automatiquement valid\u00e9e. Vous recevrez une confirmation par e-mail avec les d\u00e9tails de votre commande.<\/li>\n<\/ul>\n<\/details>\n<\/div>\n<div class=\"payment-method\">\n<h2 style=\"color: #e91e63; text-align: center;\">2. R\u0435mitly\/W\u0456se<\/h2>\n<details>\n<summary style=\"font-weight: bold; color: #e91e63;\">Cliquez pour voir les instructions<\/summary>\n<ul>\n<li>\n<strong>Cr\u00e9er un compte :<\/strong><\/p>\n<p>Si vous n&#8217;avez pas encore de compte, inscrivez-vous sur <a href=\"https:\/\/www.remitly.com\/\" target=\"_blank\" rel=\"noopener noreferrer\">R\u0435mitly<\/a> ou <a href=\"https:\/\/wise.com\/\" target=\"_blank\" rel=\"noopener noreferrer\">W\u0456se<\/a>. Suivez les instructions pour cr\u00e9er votre compte en fournissant les informations n\u00e9cessaires.<\/li>\n<li>\n<strong>Ajouter un b\u00e9n\u00e9ficiaire :<\/strong><\/p>\n<p>Ajoutez les informations de notre b\u00e9n\u00e9ficiaire et s\u00e9lectionnez &#8220;DEPOT BANCAIRE&#8221; (et non retrait en esp\u00e8ces) comme moyen de r\u00e9ception. Les coordonn\u00e9es bancaires n\u00e9cessaires vous seront fournies lors de la validation de votre commande sur notre site. Assurez-vous de saisir correctement toutes les informations pour \u00e9viter tout probl\u00e8me.<\/li>\n<li>\n<strong>Envoyer l&#8217;argent :<\/strong><\/p>\n<p>Suivez les instructions sur la plateforme pour envoyer l&#8217;argent sur notre compte bancaire. Plusieurs moyens de paiement seront disponibles ; privil\u00e9giez le paiement par carte bancaire si vous le pouvez afin que le paiement s&#8217;effectue dans les meilleurs d\u00e9lais. Assurez-vous de v\u00e9rifier le montant et les d\u00e9tails avant de confirmer la transaction.<\/li>\n<li>\n<strong>Envoyez la preuve de paiement :<\/strong><\/p>\n<p>Une fois que le paiement a \u00e9t\u00e9 r\u00e9alis\u00e9 et confirm\u00e9 avec le bon montant, vous devrez confirmer le paiement sur notre page de <a href=\"https:\/\/roidsmania.com\/fr\/confirmation-de-paiement\/\" target=\"_blank\" rel=\"noopener noreferrer\">confirmation de paiement<\/a>. Votre commande sera ensuite prise en compte et le statut de votre commande passera \u00e0 &#8220;FORMULAIRE RECU&#8221;. Vous recevrez une confirmation par e-mail avec les d\u00e9tails de votre commande.<\/li>\n<\/ul>\n<\/details>\n<\/div>\n<div class=\"payment-method\">\n<h2 style=\"color: #e91e63; text-align: center;\">3. Virement Bancaire<\/h2>\n<details>\n<summary style=\"font-weight: bold; color: #e91e63;\">Cliquez pour voir les instructions<\/summary>\n<ul>\n<li>\n<strong>Connectez-vous \u00e0 votre banque :<\/strong><\/p>\n<p>Utilisez le site web ou l&#8217;application mobile de votre banque pour initier un virement.<\/li>\n<li>\n<strong>Entrez nos informations bancaires et confirmez le virement :<\/strong><\/p>\n<p>Nos informations bancaires seront fournies lors de la validation de votre commande sur notre site, assurez-vous que toutes les informations sont correctes avant de valider le virement et v\u00e9rifiez bien le montant et les coordonn\u00e9es bancaires avant de finaliser la transaction<\/p>\n<p style=\"color: red; font-weight: bold;\">Attention, tous les frais bancaires sont \u00e0 votre charge. Assurez-vous d&#8217;envoyer le montant de votre commande en prenant en compte la totalit\u00e9 des frais bancaires, sinon la commande ne sera pas valid\u00e9e.<\/p>\n<\/li>\n<li>\n<strong>Envoyez la preuve de virement :<\/strong><\/p>\n<p>Une fois que le virement a \u00e9t\u00e9 r\u00e9alis\u00e9 et confirm\u00e9, vous devrez confirmer le paiement sur notre page de <a href=\"https:\/\/roidsmania.com\/fr\/confirmation-de-paiement\/\" target=\"_blank\" rel=\"noopener noreferrer\">confirmation de paiement<\/a>. Votre commande sera ensuite prise en compte et le statut de votre commande passera \u00e0 &#8220;FORMULAIRE RECU&#8221;. Vous recevrez une confirmation par e-mail avec les d\u00e9tails de votre commande.<\/li>\n<\/ul>\n<\/details>\n<\/div>\n<div class=\"payment-method\">\n<h2 style=\"color: #e91e63; text-align: center;\">4. R\u0406A<\/h2>\n<details>\n<summary style=\"font-weight: bold; color: #e91e63;\">Cliquez pour voir les instructions<\/summary>\n<ul>\n<li>\n<strong>En ligne ou en agence :<\/strong><\/p>\n<p>Vous pouvez utiliser <a href=\"https:\/\/www.riamoneytransfer.com\/\" target=\"_blank\" rel=\"noopener noreferrer\">R\u0406A<\/a> en ligne ou en agence pour envoyer de l&#8217;argent. Trouvez la m\u00e9thode qui vous convient le mieux et cr\u00e9ez un compte si vous n&#8217;en avez pas d\u00e9j\u00e0 un.<\/li>\n<li>\n<strong>Ajouter un b\u00e9n\u00e9ficiaire :<\/strong><\/p>\n<p>Utilisez nos informations pour ajouter un b\u00e9n\u00e9ficiaire. Les coordonn\u00e9es n\u00e9cessaires vous seront fournies lors de la validation de votre commande sur notre site. Assurez-vous de saisir correctement toutes les informations pour \u00e9viter tout retard.<\/li>\n<li>\n<strong>Envoyer l&#8217;argent :<\/strong><\/p>\n<p>Suivez les \u00e9tapes sur la plateforme R\u0406A ou en agence pour compl\u00e9ter la transaction. V\u00e9rifiez bien le montant et les d\u00e9tails du b\u00e9n\u00e9ficiaire avant de finaliser la transaction.<\/li>\n<li>\n<strong>Envoyez la preuve de votre paiement:<\/strong><\/p>\n<p>Une fois que le paiement a \u00e9t\u00e9 r\u00e9alis\u00e9, vous devrez confirmer celui ci avec toutes les informations n\u00e9cessaires sur notre page de <a href=\"https:\/\/roidsmania.com\/fr\/confirmation-de-paiement\/\" target=\"_blank\" rel=\"noopener noreferrer\">confirmation de paiement<\/a>. Votre commande sera ensuite prise en compte et le statut de votre commande passera \u00e0 &#8220;FORMULAIRE RECU&#8221;. Vous recevrez une confirmation par e-mail avec les d\u00e9tails de votre commande.<\/li>\n<\/ul>\n<\/details>\n<\/div>\n<div class=\"payment-method\">\n<h2 style=\"color: #e91e63; text-align: center;\">5. Mon\u0435yGram<\/h2>\n<details>\n<summary style=\"font-weight: bold; color: #e91e63;\">Cliquez pour voir les instructions<\/summary>\n<ul>\n<li>\n<strong>En ligne ou en agence :<\/strong><\/p>\n<p>Vous pouvez utiliser <a href=\"https:\/\/www.moneygram.com\/\" target=\"_blank\" rel=\"noopener noreferrer\">Mon\u0435yGram<\/a> en ligne ou en agence pour envoyer de l&#8217;argent. Trouvez la m\u00e9thode qui vous convient le mieux et cr\u00e9ez un compte si vous n&#8217;en avez pas d\u00e9j\u00e0 un.<\/li>\n<li>\n<strong>Ajouter un b\u00e9n\u00e9ficiaire :<\/strong><\/p>\n<p>Utilisez nos informations pour ajouter un b\u00e9n\u00e9ficiaire. Les coordonn\u00e9es n\u00e9cessaires vous seront fournies lors de la validation de votre commande sur notre site. Assurez-vous de saisir correctement toutes les informations pour \u00e9viter tout retard.<\/li>\n<li>\n<strong>Envoyer l&#8217;argent :<\/strong><\/p>\n<p>Suivez les \u00e9tapes sur la plateforme Mon\u0435yGram ou en agence pour compl\u00e9ter la transaction. V\u00e9rifiez bien le montant et les d\u00e9tails du b\u00e9n\u00e9ficiaire avant de finaliser la transaction.<\/li>\n<li>\n<strong>Envoyez la preuve de votre paiement :<\/strong><\/p>\n<p>Une fois que le paiement a \u00e9t\u00e9 r\u00e9alis\u00e9, vous devrez confirmer celui-ci avec toutes les informations n\u00e9cessaires sur notre page de <a href=\"https:\/\/roidsmania.com\/fr\/confirmation-de-paiement\/\" target=\"_blank\" rel=\"noopener noreferrer\">confirmation de paiement<\/a>. Votre commande sera ensuite prise en compte et le statut de votre commande passera \u00e0 &#8220;FORMULAIRE RECU&#8221;. Vous recevrez une confirmation par e-mail avec les d\u00e9tails de votre commande.<\/li>\n<\/ul>\n<\/details>\n<\/div>\n<div style=\"margin-bottom: 20px;\">\n<h3 style=\"text-align: center;\">Formulaire de Confirmation de Paiement<\/h3>\n<p style=\"text-align: center;\">Une fois le paiement effectu\u00e9 vous devrez nous informer de la bonne ex\u00e9cution de celui-ci, veuillez remplir notre formulaire de confirmation de paiement avec toutes les informations n\u00e9cessaires en cliquant sur le bouton ci-dessous :<\/p>\n<p style=\"text-align: center;\"><a href=\"https:\/\/roidsmania.com\/fr\/confirmation-de-paiement\/\" style=\"display: inline-block; padding: 10px 20px; color: #fff; background-color: #e91e63; border-radius: 5px; text-align: center; text-decoration: none;\">CONFIRMER MON PAIEMENT MAINTENANT<\/a><\/p>\n<\/div>\n<\/div>\n<\/div>\n","protected":false},"excerpt":{"rendered":"<p>Moyens de paiement MOYENS DE PAIEMENT Ci-dessous, vous trouverez les diff\u00e9rents moyens de paiement disponibles sur notre site, accompagn\u00e9s de leurs explications. Veuillez noter que toutes les options ne sont pas toujours disponibles et peuvent varier selon votre localisation et d&#8217;autres facteurs. Certains moyens de paiement peuvent donc \u00eatre temporairement d\u00e9sactiv\u00e9s. Le moyen de paiement&hellip;<\/p>\n","protected":false},"author":8274,"featured_media":0,"parent":0,"menu_order":1,"comment_status":"closed","ping_status":"closed","template":"","meta":[],"yoast_head":"<!-- This site is optimized with the Yoast SEO plugin v15.9.1 - https:\/\/yoast.com\/wordpress\/plugins\/seo\/ -->\n<title>MOYENS DE PAIEMENT<\/title>\n<meta name=\"description\" content=\"Bitcoin est l&#039;un des moyens de paiement le plus s\u00e9curis\u00e9 et totalement anonyme sur internet.\" \/>\n<meta name=\"robots\" content=\"index, follow, max-snippet:-1, max-image-preview:large, max-video-preview:-1\" \/>\n<link rel=\"canonical\" href=\"https:\/\/roidsmania.com\/fr\/moyens-de-paiement\/\" \/>\n<meta property=\"og:locale\" content=\"fr_FR\" \/>\n<meta property=\"og:type\" content=\"article\" \/>\n<meta property=\"og:title\" content=\"MOYENS DE PAIEMENT\" \/>\n<meta property=\"og:description\" content=\"Bitcoin est l&#039;un des moyens de paiement le plus s\u00e9curis\u00e9 et totalement anonyme sur internet.\" \/>\n<meta property=\"og:url\" content=\"https:\/\/roidsmania.com\/fr\/moyens-de-paiement\/\" \/>\n<meta property=\"og:site_name\" content=\"RoidsMania.com\" \/>\n<meta property=\"article:modified_time\" content=\"2024-08-08T17:14:02+00:00\" \/>\n<meta name=\"twitter:card\" content=\"summary\" \/>\n<meta name=\"twitter:label1\" content=\"Dur\u00e9e de lecture est.\">\n\t<meta name=\"twitter:data1\" content=\"5 minutes\">\n<script type=\"application\/ld+json\" class=\"yoast-schema-graph\">{\"@context\":\"https:\/\/schema.org\",\"@graph\":[{\"@type\":\"WebSite\",\"@id\":\"https:\/\/roidsmania.com\/fr\/#website\",\"url\":\"https:\/\/roidsmania.com\/fr\/\",\"name\":\"RoidsMania.com\",\"description\":\"Online Anabolic Steroids shop\",\"potentialAction\":[{\"@type\":\"SearchAction\",\"target\":\"https:\/\/roidsmania.com\/fr\/?s={search_term_string}\",\"query-input\":\"required name=search_term_string\"}],\"inLanguage\":\"fr-FR\"},{\"@type\":\"WebPage\",\"@id\":\"https:\/\/roidsmania.com\/fr\/moyens-de-paiement\/#webpage\",\"url\":\"https:\/\/roidsmania.com\/fr\/moyens-de-paiement\/\",\"name\":\"MOYENS DE PAIEMENT\",\"isPartOf\":{\"@id\":\"https:\/\/roidsmania.com\/fr\/#website\"},\"datePublished\":\"2017-04-07T18:41:39+00:00\",\"dateModified\":\"2024-08-08T17:14:02+00:00\",\"description\":\"Bitcoin est l'un des moyens de paiement le plus s\\u00e9curis\\u00e9 et totalement anonyme sur internet.\",\"breadcrumb\":{\"@id\":\"https:\/\/roidsmania.com\/fr\/moyens-de-paiement\/#breadcrumb\"},\"inLanguage\":\"fr-FR\",\"potentialAction\":[{\"@type\":\"ReadAction\",\"target\":[\"https:\/\/roidsmania.com\/fr\/moyens-de-paiement\/\"]}]},{\"@type\":\"BreadcrumbList\",\"@id\":\"https:\/\/roidsmania.com\/fr\/moyens-de-paiement\/#breadcrumb\",\"itemListElement\":[{\"@type\":\"ListItem\",\"position\":1,\"item\":{\"@type\":\"WebPage\",\"@id\":\"https:\/\/roidsmania.com\/fr\/\",\"url\":\"https:\/\/roidsmania.com\/fr\/\",\"name\":\"Home\"}},{\"@type\":\"ListItem\",\"position\":2,\"item\":{\"@type\":\"WebPage\",\"@id\":\"https:\/\/roidsmania.com\/fr\/moyens-de-paiement\/\",\"url\":\"https:\/\/roidsmania.com\/fr\/moyens-de-paiement\/\",\"name\":\"MOYENS DE PAIEMENT\"}}]}]}<\/script>\n<!-- \/ Yoast SEO plugin. -->","_links":{"self":[{"href":"https:\/\/roidsmania.com\/fr\/wp-json\/wp\/v2\/pages\/2971\/"}],"collection":[{"href":"https:\/\/roidsmania.com\/fr\/wp-json\/wp\/v2\/pages\/"}],"about":[{"href":"https:\/\/roidsmania.com\/fr\/wp-json\/wp\/v2\/types\/page\/"}],"author":[{"embeddable":true,"href":"https:\/\/roidsmania.com\/fr\/wp-json\/wp\/v2\/users\/8274\/"}],"replies":[{"embeddable":true,"href":"https:\/\/roidsmania.com\/fr\/wp-json\/wp\/v2\/comments\/?post=2971"}],"version-history":[{"count":0,"href":"https:\/\/roidsmania.com\/fr\/wp-json\/wp\/v2\/pages\/2971\/revisions\/"}],"wp:attachment":[{"href":"https:\/\/roidsmania.com\/fr\/wp-json\/wp\/v2\/media\/?parent=2971"}],"curies":[{"name":"wp","href":"https:\/\/api.w.org\/{rel}","templated":true}]}}