{"id":2802,"date":"2017-04-07T02:28:38","date_gmt":"2017-04-06T19:28:38","guid":{"rendered":"https:\/\/roidsmania.com\/nous-contacter\/"},"modified":"2021-04-15T22:01:16","modified_gmt":"2021-04-15T15:01:16","slug":"nous-contacter","status":"publish","type":"page","link":"https:\/\/roidsmania.com\/fr\/nous-contacter\/","title":{"rendered":"NOUS CONTACTER"},"content":{"rendered":"<p>[vc_row][vc_column width=&#8221;1\/2&#8243;][vc_column_text css_animation=&#8221;bounceIn&#8221;]<strong><span style=\"font-family: Arial, Helvetica, sans-serif;\"><\/span><\/strong><\/p>\n<p align=\"justify\"><strong> <span style=\"font-family: Arial, Helvetica, sans-serif;\"> <img loading=\"lazy\" class=\"wp-image-1057 alignleft\" src=\"https:\/\/roidsmania.com\/wp-content\/uploads\/2016\/12\/coach-step-fitness-CoachClub.jpg \" alt=\" \" width=\" 132 \" height=\" 132 \"> Que vous cherchiez des r\u00e9ponses, souhaitiez r\u00e9soudre un probl\u00e8me ou simplement nous faire un retour d&#8217;information, vous trouverez plusieurs fa\u00e7ons de nous contacter par l&#8217;interm\u00e9diaire de ce formulaire. Notre \u00e9quipe vous aidera \u00e0 r\u00e9soudre vos difficult\u00e9s rapidement et efficacement et est \u00e0 votre disposition si vous avez la moindre question.<\/span> <\/strong><\/p>\n<p><span style=\"font-family: Arial, Helvetica, sans-serif;\"> Consultez nos FAQ pour trouver toutes les r\u00e9ponses \u00e0 vos questions ou envoyez-nous un email pour des questions d&#8217;ordre g\u00e9n\u00e9rales! <\/span><\/p>\n<p>En raison d&#8217;un volume important d&#8217;emails journaliers, Notre d\u00e9lais habituel de r\u00e9ponse peut se voir rallong\u00e9. Actuellement, notre temps de r\u00e9ponse aux emails est de +- 1 jour ouvrable.<\/p>\n<p>[\/vc_column_text][\/vc_column][vc_column width=&#8221;1\/2&#8243;][vc_column_text]<\/p>\n<div class=\"caldera-grid\" id=\"caldera_form_1\" data-cf-ver=\"1.9.4\" data-cf-form-id=\"CF58e6925321dbe\"><div id=\"caldera_notices_1\" data-spinner=\"https:\/\/roidsmania.com\/wp-admin\/images\/spinner.gif\"><\/div><form data-instance=\"1\" class=\"CF58e6925321dbe caldera_forms_form cfajax-trigger\" method=\"POST\" enctype=\"multipart\/form-data\" id=\"CF58e6925321dbe_1\" data-form-id=\"CF58e6925321dbe\" aria-label=\"Nous Contacter\" data-target=\"#caldera_notices_1\" data-template=\"#cfajax_CF58e6925321dbe-tmpl\" data-cfajax=\"CF58e6925321dbe\" data-load-element=\"_parent\" data-load-class=\"cf_processing\" data-post-disable=\"0\" data-action=\"cf_process_ajax_submit\" data-request=\"https:\/\/roidsmania.com\/fr\/\/cf-api\/CF58e6925321dbe\" data-hiderows=\"true\">\r\n<input type=\"hidden\" id=\"_cf_verify_CF58e6925321dbe\" name=\"_cf_verify\" value=\"558cd9eeeb\"  data-nonce-time=\"1775968114\" \/><input type=\"hidden\" name=\"_wp_http_referer\" value=\"\/fr\/wp-json\/wp\/v2\/pages\/2802\" \/><div id=\"cf2-CF58e6925321dbe_1\"><\/div><input type=\"hidden\" name=\"_cf_frm_id\" value=\"CF58e6925321dbe\">\r\n<input type=\"hidden\" name=\"_cf_frm_ct\" value=\"1\">\r\n<input type=\"hidden\" name=\"cfajax\" value=\"CF58e6925321dbe\">\r\n<input type=\"hidden\" name=\"_cf_cr_pst\" value=\"2802\">\r\n<div class=\"hide\" style=\"display:none; overflow:hidden;height:0;width:0;\">\r\n<label>Nom<\/label><input type=\"text\" name=\"name\" value=\"\" autocomplete=\"off\">\r\n<\/div><div id=\"CF58e6925321dbe_1-row-1\"  class=\"row  first_row\"><div  class=\"col-sm-6  first_col\"><div data-field-wrapper=\"fld_4638495\" class=\"form-group Entrez votre Nom\" id=\"fld_4638495_1-wrap\">\r\n\t<label id=\"fld_4638495Label\" for=\"fld_4638495_1\" class=\"control-label screen-reader-text sr-only\">Nom<\/label>\r\n\t<div class=\"\">\r\n\t\t<input placeholder=\"NOM*\"  required type=\"text\" data-field=\"fld_4638495\" class=\" form-control\" id=\"fld_4638495_1\" name=\"fld_4638495\" value=\"\" data-type=\"text\" aria-required=\"true\"   aria-labelledby=\"fld_4638495Label\" >\t\t\t<\/div>\r\n<\/div>\r\n<\/div><div  class=\"col-sm-6  last_col\"><div data-field-wrapper=\"fld_2525318\" class=\"form-group\" id=\"fld_2525318_1-wrap\">\r\n\t<label id=\"fld_2525318Label\" for=\"fld_2525318_1\" class=\"control-label screen-reader-text sr-only\">Email<\/label>\r\n\t<div class=\"\">\r\n\t\t<input placeholder=\"EMAIL*\"  required type=\"email\" data-field=\"fld_2525318\" class=\" form-control\" id=\"fld_2525318_1\" name=\"fld_2525318\" value=\"\" data-type=\"email\" aria-required=\"true\"   aria-labelledby=\"fld_2525318Label\" >\t\t\t<\/div>\r\n<\/div>\r\n<\/div><\/div><div id=\"CF58e6925321dbe_1-row-2\"  class=\"row \"><div  class=\"col-sm-12  single\"><\/div><\/div><div id=\"CF58e6925321dbe_1-row-3\"  class=\"row \"><div  class=\"col-sm-6  first_col\"><div data-field-wrapper=\"fld_3612390\" class=\"form-group\" id=\"fld_3612390_1-wrap\">\r\n\t<label id=\"fld_3612390Label\" for=\"fld_3612390_1\" class=\"control-label screen-reader-text sr-only\">S\u00e9lectionnez la raison de votre demande<\/label>\r\n\t<div class=\"\">\r\n\t\t<select name=\"fld_3612390\" value=\"\" data-field=\"fld_3612390\" class=\"form-control\" id=\"fld_3612390_1\"  required=\"required\"  aria-labelledby=\"fld_3612390Label\" >\n\t\t<option value=\"\" disabled selected>Raison de votre demande :<\/option>\t\t\t\t\t<option value=\"Paiement\"  data-calc-value=\"Paiement\" >\n\t\t\t\t\t\tPaiement\t\t\t\t\t<\/option>\n\t\t\t\t\t\t\t\t\t\t<option value=\"Apr\u00e8s-vente\"  data-calc-value=\"Apr\u00e8s-vente\" >\n\t\t\t\t\t\tApr\u00e8s-vente\t\t\t\t\t<\/option>\n\t\t\t\t\t\t\t\t\t\t<option value=\"Support Technique\"  data-calc-value=\"Support Technique\" >\n\t\t\t\t\t\tSupport Technique\t\t\t\t\t<\/option>\n\t\t\t\t\t\t\t\t\t\t<option value=\"Envoi\/Livraison\"  data-calc-value=\"Envoi\/Livraison\" >\n\t\t\t\t\t\tEnvoi\/Livraison\t\t\t\t\t<\/option>\n\t\t\t\t\t\t\t\t\t\t<option value=\"Produits\"  data-calc-value=\"Produits\" >\n\t\t\t\t\t\tProduits\t\t\t\t\t<\/option>\n\t\t\t\t\t\t\t\t\t\t<option value=\"Autres\"  data-calc-value=\"Autres\" >\n\t\t\t\t\t\tAutres\t\t\t\t\t<\/option>\n\t\t\t\t\t\t\t<\/select>\n\t\t\t<\/div>\r\n<\/div>\r\n<\/div><div  class=\"col-sm-6  last_col\"><div data-field-wrapper=\"fld_1245282\" class=\"form-group\" id=\"fld_1245282_1-wrap\">\r\n\t<label id=\"fld_1245282Label\" for=\"fld_1245282_1\" class=\"control-label screen-reader-text sr-only\">Num\u00e9ro de commande<\/label>\r\n\t<div class=\"\">\r\n\t\t<input placeholder=\"NUMERO DE COMMANDE\"   type=\"text\" data-field=\"fld_1245282\" class=\" form-control\" id=\"fld_1245282_1\" name=\"fld_1245282\" value=\"\" data-type=\"text\"   aria-labelledby=\"fld_1245282Label\" >\t\t\t<\/div>\r\n<\/div>\r\n<\/div><\/div><div id=\"CF58e6925321dbe_1-row-4\"  class=\"row \"><div  class=\"col-sm-12  single\"><\/div><\/div><div id=\"CF58e6925321dbe_1-row-5\"  class=\"row \"><div  class=\"col-sm-12  single\"><div data-field-wrapper=\"fld_7387632\" class=\"form-group\" id=\"fld_7387632_1-wrap\">\r\n\t<label id=\"fld_7387632Label\" for=\"fld_7387632_1\" class=\"control-label screen-reader-text sr-only\">SUJET<\/label>\r\n\t<div class=\"\">\r\n\t\t<input placeholder=\"SUJET\"  required type=\"text\" data-field=\"fld_7387632\" class=\" form-control\" id=\"fld_7387632_1\" name=\"fld_7387632\" value=\"\" data-type=\"text\" aria-required=\"true\"   aria-labelledby=\"fld_7387632Label\" >\t\t\t<\/div>\r\n<\/div>\r\n<\/div><\/div><div id=\"CF58e6925321dbe_1-row-6\"  class=\"row \"><div  class=\"col-sm-12  single\"><\/div><\/div><div id=\"CF58e6925321dbe_1-row-7\"  class=\"row \"><div  class=\"col-sm-12  single\"><div data-field-wrapper=\"fld_7945935\" class=\"form-group\" id=\"fld_7945935_1-wrap\">\r\n\t<label id=\"fld_7945935Label\" for=\"fld_7945935_1\" class=\"control-label screen-reader-text sr-only\">Message<\/label>\r\n\t<div class=\"\">\r\n\t\t<textarea name=\"fld_7945935\" value=\"\" data-field=\"fld_7945935\" class=\"form-control\" id=\"fld_7945935_1\" rows=\"4\" placeholder=\"MESSAGE\"  required=\"required\"  aria-labelledby=\"fld_7945935Label\" ><\/textarea>\n\t\t\t<\/div>\r\n<\/div>\r\n<\/div><\/div><div id=\"CF58e6925321dbe_1-row-8\"  class=\"row  last_row\"><div  class=\"col-sm-6  first_col\"><div data-field-wrapper=\"fld_1903577\" class=\"form-group\" id=\"fld_1903577_1-wrap\">\r\n\t<label class=\"control-label\">&nbsp;<\/label>\n<div class=\"\">\r\n\t<input  class=\"btn-success btn-lg\" type=\"submit\" name=\"fld_1903577\" id=\"fld_1903577_1\" value=\"Envoyer\" data-field=\"fld_1903577\"  >\n<\/div>\r\n<\/div>\r\n\t<input class=\"button_trigger_1\" type=\"hidden\" name=\"fld_1903577\" id=\"fld_1903577_1_btn\" value=\"\" data-field=\"fld_1903577\"  \/>\n<div data-field-wrapper=\"fld_40389\" class=\"form-group\" id=\"fld_40389_1-wrap\">\r\n<label id=\"fld_40389Label\" for=\"fld_40389_1\" class=\"control-label screen-reader-text sr-only\">Captcha<\/label>\r\n\n\n<div class=\"\">\r\n\n<input placeholder=\"Captcha\"  required type=\"hidden\" data-field=\"fld_40389\" class=\" form-control\" id=\"fld_40389_1\" name=\"fld_40389\" value=\"\" data-type=\"recaptcha\" aria-required=\"true\"   aria-labelledby=\"fld_40389Label\" >\n\t<div id=\"capfld_40389_1\" class=\"g-recaptcha\" data-sitekey=\"6Ld5n60aAAAAAFiPo9GOkbboYS99GTh0G4ZtvIFA\" ><\/div>\n\n\n<\/div>\r\n\n<\/div>\r\n<\/div><div  class=\"col-sm-6  last_col\"><\/div><\/div><\/form>\r\n<\/div>\r\n\n<p>[\/vc_column_text][\/vc_column][\/vc_row]<\/p>\n","protected":false},"excerpt":{"rendered":"<p>[vc_row][vc_column width=&#8221;1\/2&#8243;][vc_column_text css_animation=&#8221;bounceIn&#8221;] Que vous cherchiez des r\u00e9ponses, souhaitiez r\u00e9soudre un probl\u00e8me ou simplement nous faire un retour d&#8217;information, vous trouverez plusieurs fa\u00e7ons de nous contacter par l&#8217;interm\u00e9diaire de ce formulaire. Notre \u00e9quipe vous aidera \u00e0 r\u00e9soudre vos difficult\u00e9s rapidement et efficacement et est \u00e0 votre disposition si vous avez la moindre question. Consultez nos&hellip;<\/p>\n","protected":false},"author":8274,"featured_media":0,"parent":0,"menu_order":0,"comment_status":"closed","ping_status":"closed","template":"","meta":[],"yoast_head":"<!-- This site is optimized with the Yoast SEO plugin v15.9.1 - https:\/\/yoast.com\/wordpress\/plugins\/seo\/ -->\n<title>NOUS CONTACTER | RoidsMania.com<\/title>\n<meta name=\"description\" content=\"Que vous cherchiez des r\u00e9ponses, souhaitiez r\u00e9soudre un probl\u00e8me ou simplement nous faire un retour d&#039;information, contactez-nous directement !\" \/>\n<meta name=\"robots\" content=\"index, follow, max-snippet:-1, max-image-preview:large, max-video-preview:-1\" \/>\n<link rel=\"canonical\" href=\"https:\/\/roidsmania.com\/fr\/nous-contacter\/\" \/>\n<meta property=\"og:locale\" content=\"fr_FR\" \/>\n<meta property=\"og:type\" content=\"article\" \/>\n<meta property=\"og:title\" content=\"NOUS CONTACTER | RoidsMania.com\" \/>\n<meta property=\"og:description\" content=\"Que vous cherchiez des r\u00e9ponses, souhaitiez r\u00e9soudre un probl\u00e8me ou simplement nous faire un retour d&#039;information, contactez-nous directement !\" \/>\n<meta property=\"og:url\" content=\"https:\/\/roidsmania.com\/fr\/nous-contacter\/\" \/>\n<meta property=\"og:site_name\" content=\"RoidsMania.com\" \/>\n<meta property=\"article:modified_time\" content=\"2021-04-15T15:01:16+00:00\" \/>\n<meta property=\"og:image\" content=\"https:\/\/roidsmania.com\/wp-content\/uploads\/2016\/12\/coach-step-fitness-CoachClub.jpg\" \/>\n<meta name=\"twitter:card\" content=\"summary\" \/>\n<meta name=\"twitter:label1\" content=\"Dur\u00e9e de lecture est.\">\n\t<meta name=\"twitter:data1\" content=\"1 minute\">\n<script type=\"application\/ld+json\" class=\"yoast-schema-graph\">{\"@context\":\"https:\/\/schema.org\",\"@graph\":[{\"@type\":\"WebSite\",\"@id\":\"https:\/\/roidsmania.com\/fr\/#website\",\"url\":\"https:\/\/roidsmania.com\/fr\/\",\"name\":\"RoidsMania.com\",\"description\":\"Online Anabolic Steroids shop\",\"potentialAction\":[{\"@type\":\"SearchAction\",\"target\":\"https:\/\/roidsmania.com\/fr\/?s={search_term_string}\",\"query-input\":\"required name=search_term_string\"}],\"inLanguage\":\"fr-FR\"},{\"@type\":\"ImageObject\",\"@id\":\"https:\/\/roidsmania.com\/fr\/nous-contacter\/#primaryimage\",\"inLanguage\":\"fr-FR\",\"url\":\"https:\/\/roidsmania.com\/wp-content\/uploads\/2016\/12\/coach-step-fitness-CoachClub.jpg\",\"width\":300,\"height\":300},{\"@type\":\"WebPage\",\"@id\":\"https:\/\/roidsmania.com\/fr\/nous-contacter\/#webpage\",\"url\":\"https:\/\/roidsmania.com\/fr\/nous-contacter\/\",\"name\":\"NOUS CONTACTER | RoidsMania.com\",\"isPartOf\":{\"@id\":\"https:\/\/roidsmania.com\/fr\/#website\"},\"primaryImageOfPage\":{\"@id\":\"https:\/\/roidsmania.com\/fr\/nous-contacter\/#primaryimage\"},\"datePublished\":\"2017-04-06T19:28:38+00:00\",\"dateModified\":\"2021-04-15T15:01:16+00:00\",\"description\":\"Que vous cherchiez des r\\u00e9ponses, souhaitiez r\\u00e9soudre un probl\\u00e8me ou simplement nous faire un retour d'information, contactez-nous directement !\",\"breadcrumb\":{\"@id\":\"https:\/\/roidsmania.com\/fr\/nous-contacter\/#breadcrumb\"},\"inLanguage\":\"fr-FR\",\"potentialAction\":[{\"@type\":\"ReadAction\",\"target\":[\"https:\/\/roidsmania.com\/fr\/nous-contacter\/\"]}]},{\"@type\":\"BreadcrumbList\",\"@id\":\"https:\/\/roidsmania.com\/fr\/nous-contacter\/#breadcrumb\",\"itemListElement\":[{\"@type\":\"ListItem\",\"position\":1,\"item\":{\"@type\":\"WebPage\",\"@id\":\"https:\/\/roidsmania.com\/fr\/\",\"url\":\"https:\/\/roidsmania.com\/fr\/\",\"name\":\"Home\"}},{\"@type\":\"ListItem\",\"position\":2,\"item\":{\"@type\":\"WebPage\",\"@id\":\"https:\/\/roidsmania.com\/fr\/nous-contacter\/\",\"url\":\"https:\/\/roidsmania.com\/fr\/nous-contacter\/\",\"name\":\"NOUS CONTACTER\"}}]}]}<\/script>\n<!-- \/ Yoast SEO plugin. -->","_links":{"self":[{"href":"https:\/\/roidsmania.com\/fr\/wp-json\/wp\/v2\/pages\/2802\/"}],"collection":[{"href":"https:\/\/roidsmania.com\/fr\/wp-json\/wp\/v2\/pages\/"}],"about":[{"href":"https:\/\/roidsmania.com\/fr\/wp-json\/wp\/v2\/types\/page\/"}],"author":[{"embeddable":true,"href":"https:\/\/roidsmania.com\/fr\/wp-json\/wp\/v2\/users\/8274\/"}],"replies":[{"embeddable":true,"href":"https:\/\/roidsmania.com\/fr\/wp-json\/wp\/v2\/comments\/?post=2802"}],"version-history":[{"count":0,"href":"https:\/\/roidsmania.com\/fr\/wp-json\/wp\/v2\/pages\/2802\/revisions\/"}],"wp:attachment":[{"href":"https:\/\/roidsmania.com\/fr\/wp-json\/wp\/v2\/media\/?parent=2802"}],"curies":[{"name":"wp","href":"https:\/\/api.w.org\/{rel}","templated":true}]}}