{"id":2651,"date":"2017-04-06T22:23:57","date_gmt":"2017-04-06T15:23:57","guid":{"rendered":"https:\/\/roidsmania.com\/a-propos\/"},"modified":"2024-08-11T01:34:48","modified_gmt":"2024-08-10T18:34:48","slug":"a-propos","status":"publish","type":"page","link":"https:\/\/roidsmania.com\/fr\/a-propos\/","title":{"rendered":"A PROPOS"},"content":{"rendered":"<p>[vc_row][vc_column][vc_column_text]<\/p>\n<table>\n<tbody>\n<tr>\n<td>\n<p style=\"text-align: justify;\"><em><strong>RoidsMania.com est une boutique en ligne sp\u00e9cialis\u00e9e dans la vente de st\u00e9ro\u00efdes anabolisants et d\u2019hormones de croissance de haute qualit\u00e9 pour les athl\u00e8tes et les bodybuilders.<\/strong><\/em><\/p>\n<p style=\"text-align: justify;\"><em><strong> Nous savons que vous avez une multitude de sites disponibles pour acheter vos produits, alors, pourquoi ne pas en savoir plus sur RoidsMania.com et d\u00e9couvrir ce qui nous rend uniques&nbsp;?<\/strong><\/em><\/p>\n<\/td>\n<\/tr>\n<\/tbody>\n<\/table>\n<p>[\/vc_column_text]<div class=\"ult-spacer spacer-69d73960cdf4e\" data-id=\"69d73960cdf4e\" data-height=\"10\" data-height-mobile=\"10\" data-height-tab=\"10\" data-height-tab-portrait=\"\" data-height-mobile-landscape=\"\" style=\"clear:both;display:block;\"><\/div>[\/vc_column][\/vc_row][vc_row][vc_column]<div class=\"ult-spacer spacer-69d73960ce0df\" data-id=\"69d73960ce0df\" data-height=\"10\" data-height-mobile=\"10\" data-height-tab=\"10\" data-height-tab-portrait=\"\" data-height-mobile-landscape=\"\" style=\"clear:both;display:block;\"><\/div><div id=\"uvc-type-wrap-3626\"  data-ultimate-target='#uvc-type-wrap-3626'  data-responsive-json-new='{\"font-size\":\"desktop:32px;\",\"line-height\":\"desktop:64px;\"}'  class=\"uvc-type-wrap  ult-adjust-bottom-margin ult-responsive  uvc-type-align-center uvc-type-no-prefix uvc-wrap-127315040869d73960ce129\" style=\"font-weight:normal;text-align:center;\"><span id=\"typed-127315040869d73960ce129\" class=\"ultimate-typed-main \" style=\"color:#0c0c0c;\"><\/span><script type=\"text\/javascript\"> jQuery(function($){ $(\"#typed-127315040869d73960ce129\").typed({\r\n\t\t\t\t\t\t\t\tstrings: [\"POURQUOI NOUS CHOISIR ?\"],\r\n\t\t\t\t\t\t\t\ttypeSpeed: 35,\r\n\t\t\t\t\t\t\t\tbackSpeed: 0,\r\n\t\t\t\t\t\t\t\tstartDelay: 200,\r\n\t\t\t\t\t\t\t\tbackDelay: 1500,\r\n\t\t\t\t\t\t\t\tloop: false,\r\n\t\t\t\t\t\t\t\tloopCount: false,\r\n\t\t\t\t\t\t\t\tshowCursor: true,\r\n\t\t\t\t\t\t\t\tcursorChar: \"|\",\r\n\t\t\t\t\t\t\t\tattr: null\r\n\t\t\t\t\t\t\t});\r\n\t\t\t\t\t\t});\r\n\t\t\t\t\t<\/script><\/div>[vc_column_text]<\/p>\n<h4><span style=\"color: #000000;\"><em><strong>1. Produits de qualit\u00e9s et authentiques<\/strong><\/em><\/span><\/h4>\n<p style=\"text-align: justify;\">Nous sommes revendeurs agr\u00e9\u00e9s aupr\u00e8s de plusieurs laboratoires r\u00e9put\u00e9s, offrant uniquement des produits 100 % authentiques. La qualit\u00e9 est notre priorit\u00e9, et nous la garantissons pour chaque produit.<\/p>\n<h4><span style=\"color: #000000;\"><em><strong>2. Large choix de st\u00e9ro\u00efdes et HGH disponibles<\/strong><\/em><\/span><\/h4>\n<p style=\"text-align: justify;\">Nous proposons une large gamme de produits, directement issus des labos, principalement en Tha\u00eflande, r\u00e9put\u00e9e pour la qualit\u00e9 de ses st\u00e9ro\u00efdes. La plupart de nos produits sont v\u00e9rifiables sur les sites des laboratoires.<\/p>\n<h4><span style=\"color: #000000;\"><em><strong>3. Support client exceptionnel<\/strong><\/em><\/span><\/h4>\n<p style=\"text-align: justify;\">Notre \u00e9quipe, compos\u00e9e de passionn\u00e9s, est l\u00e0 pour vous aider via chat en ligne et email. Nous partageons votre passion pour le sport et avons l\u2019exp\u00e9rience n\u00e9cessaire pour r\u00e9pondre \u00e0 vos questions.<\/p>\n<h4><span style=\"color: #000000;\"><em><strong>4. Livraison discr\u00e8te, fiable et rapide<\/strong><\/em><\/span><\/h4>\n<p style=\"text-align: justify;\">Avec un taux de r\u00e9ussite de 98 %, nos livraisons sont rapides et discr\u00e8tes. Tous nos envois sont tra\u00e7ables avec un num\u00e9ro de suivi, et nous proposons une assurance pour couvrir d\u2019\u00e9ventuels probl\u00e8mes.<\/p>\n<h4><span style=\"color: #000000;\"><em><strong>5. Prix comp\u00e9titifs sur des produits de qualit\u00e9<\/strong><\/em><\/span><\/h4>\n<p style=\"text-align: justify;\">En vendant directement aux consommateurs, nous offrons des produits de haute qualit\u00e9 \u00e0 des prix imbattables, sans les marges des distributeurs. Comparez nos prix et voyez par vous-m\u00eame&nbsp;!<\/p>\n<p>[\/vc_column_text][\/vc_column][\/vc_row]<\/p>\n","protected":false},"excerpt":{"rendered":"<p>[vc_row][vc_column][vc_column_text] RoidsMania.com est une boutique en ligne sp\u00e9cialis\u00e9e dans la vente de st\u00e9ro\u00efdes anabolisants et d\u2019hormones de croissance de haute qualit\u00e9 pour les athl\u00e8tes et les bodybuilders. Nous savons que vous avez une multitude de sites disponibles pour acheter vos produits, alors, pourquoi ne pas en savoir plus sur RoidsMania.com et d\u00e9couvrir ce qui nous&hellip;<\/p>\n","protected":false},"author":8274,"featured_media":0,"parent":0,"menu_order":0,"comment_status":"closed","ping_status":"closed","template":"","meta":[],"yoast_head":"<!-- This site is optimized with the Yoast SEO plugin v15.9.1 - https:\/\/yoast.com\/wordpress\/plugins\/seo\/ -->\n<title>A PROPOS - RoidsMania.com<\/title>\n<meta name=\"description\" content=\"RoidsMania.com est une boutique en ligne sp\u00e9cialis\u00e9e dans la vente de st\u00e9ro\u00efdes anabolisants et d&#039;hormones de croissance reconnues visant les athl\u00e8tes.\" \/>\n<meta name=\"robots\" content=\"index, follow, max-snippet:-1, max-image-preview:large, max-video-preview:-1\" \/>\n<link rel=\"canonical\" href=\"https:\/\/roidsmania.com\/fr\/a-propos\/\" \/>\n<meta property=\"og:locale\" content=\"fr_FR\" \/>\n<meta property=\"og:type\" content=\"article\" \/>\n<meta property=\"og:title\" content=\"A PROPOS - RoidsMania.com\" \/>\n<meta property=\"og:description\" content=\"RoidsMania.com est une boutique en ligne sp\u00e9cialis\u00e9e dans la vente de st\u00e9ro\u00efdes anabolisants et d&#039;hormones de croissance reconnues visant les athl\u00e8tes.\" \/>\n<meta property=\"og:url\" content=\"https:\/\/roidsmania.com\/fr\/a-propos\/\" \/>\n<meta property=\"og:site_name\" content=\"RoidsMania.com\" \/>\n<meta property=\"article:modified_time\" content=\"2024-08-10T18:34:48+00:00\" \/>\n<meta name=\"twitter:card\" content=\"summary\" \/>\n<meta name=\"twitter:label1\" content=\"Dur\u00e9e de lecture est.\">\n\t<meta name=\"twitter:data1\" content=\"2 minutes\">\n<script type=\"application\/ld+json\" class=\"yoast-schema-graph\">{\"@context\":\"https:\/\/schema.org\",\"@graph\":[{\"@type\":\"WebSite\",\"@id\":\"https:\/\/roidsmania.com\/fr\/#website\",\"url\":\"https:\/\/roidsmania.com\/fr\/\",\"name\":\"RoidsMania.com\",\"description\":\"Online Anabolic Steroids shop\",\"potentialAction\":[{\"@type\":\"SearchAction\",\"target\":\"https:\/\/roidsmania.com\/fr\/?s={search_term_string}\",\"query-input\":\"required name=search_term_string\"}],\"inLanguage\":\"fr-FR\"},{\"@type\":\"WebPage\",\"@id\":\"https:\/\/roidsmania.com\/fr\/a-propos\/#webpage\",\"url\":\"https:\/\/roidsmania.com\/fr\/a-propos\/\",\"name\":\"A PROPOS - RoidsMania.com\",\"isPartOf\":{\"@id\":\"https:\/\/roidsmania.com\/fr\/#website\"},\"datePublished\":\"2017-04-06T15:23:57+00:00\",\"dateModified\":\"2024-08-10T18:34:48+00:00\",\"description\":\"RoidsMania.com est une boutique en ligne sp\\u00e9cialis\\u00e9e dans la vente de st\\u00e9ro\\u00efdes anabolisants et d'hormones de croissance reconnues visant les athl\\u00e8tes.\",\"breadcrumb\":{\"@id\":\"https:\/\/roidsmania.com\/fr\/a-propos\/#breadcrumb\"},\"inLanguage\":\"fr-FR\",\"potentialAction\":[{\"@type\":\"ReadAction\",\"target\":[\"https:\/\/roidsmania.com\/fr\/a-propos\/\"]}]},{\"@type\":\"BreadcrumbList\",\"@id\":\"https:\/\/roidsmania.com\/fr\/a-propos\/#breadcrumb\",\"itemListElement\":[{\"@type\":\"ListItem\",\"position\":1,\"item\":{\"@type\":\"WebPage\",\"@id\":\"https:\/\/roidsmania.com\/fr\/\",\"url\":\"https:\/\/roidsmania.com\/fr\/\",\"name\":\"Home\"}},{\"@type\":\"ListItem\",\"position\":2,\"item\":{\"@type\":\"WebPage\",\"@id\":\"https:\/\/roidsmania.com\/fr\/a-propos\/\",\"url\":\"https:\/\/roidsmania.com\/fr\/a-propos\/\",\"name\":\"A PROPOS\"}}]}]}<\/script>\n<!-- \/ Yoast SEO plugin. -->","_links":{"self":[{"href":"https:\/\/roidsmania.com\/fr\/wp-json\/wp\/v2\/pages\/2651\/"}],"collection":[{"href":"https:\/\/roidsmania.com\/fr\/wp-json\/wp\/v2\/pages\/"}],"about":[{"href":"https:\/\/roidsmania.com\/fr\/wp-json\/wp\/v2\/types\/page\/"}],"author":[{"embeddable":true,"href":"https:\/\/roidsmania.com\/fr\/wp-json\/wp\/v2\/users\/8274\/"}],"replies":[{"embeddable":true,"href":"https:\/\/roidsmania.com\/fr\/wp-json\/wp\/v2\/comments\/?post=2651"}],"version-history":[{"count":0,"href":"https:\/\/roidsmania.com\/fr\/wp-json\/wp\/v2\/pages\/2651\/revisions\/"}],"wp:attachment":[{"href":"https:\/\/roidsmania.com\/fr\/wp-json\/wp\/v2\/media\/?parent=2651"}],"curies":[{"name":"wp","href":"https:\/\/api.w.org\/{rel}","templated":true}]}}